{"id":41914,"date":"2021-02-21T16:52:02","date_gmt":"2021-02-21T16:52:02","guid":{"rendered":"https:\/\/www.autonvaraosahaku.fi\/?product=goetze-engine-08-784800-00-mannanrenkaat"},"modified":"2021-02-21T16:52:05","modified_gmt":"2021-02-21T16:52:05","slug":"goetze-engine-08-784800-00-mannanrenkaat","status":"publish","type":"product","link":"https:\/\/www.autonvaraosahaku.fi\/?product=goetze-engine-08-784800-00-mannanrenkaat","title":{"rendered":"GOETZE ENGINE 08-784800-00 M\u00e4nn\u00e4nrenkaat"},"content":{"rendered":"<p>Sylinterin halkaisija [mm]: 93,67; Vaihtoehtoisesti: ; Komponenttinumero: 2.0mm 005IF P IKA, 2.5mm 008IF MOLP KV1, 4.0mm 231 CR P GOE13; Vakiomitta (STD): ; TECDOC-moottorinumero: 1113; AUDI: 80 89, 89Q, 8A, B3; FORD: TRANSIT  MK-5 Bus E_ _,TRANSIT Kasten T_ _,TRANSIT MK-5 Pritsche\/Fahrgestell E_ _,TRANSIT Bus V_ _,TRANSIT Bus T_ _,TRANSIT Bus MK-4 E_ _,TRANSIT MK-5 Kasten E_ _,TRANSIT MK-4 Pritsche\/Fahrgestell E_ _,TRANSIT Kasten V_ _,TRANSIT Pritsche\/Fahrgestell V_ _,TRANSIT MK-4 Kasten E_ _,TRANSIT Pritsche\/Fahrgestell T_ _,TRANSIT TOURNEO E_; 1655990, 6193382, 6193383, 6193384, 914F6148AA; M\u00e4nn\u00e4nrengassarja<\/p>\n","protected":false},"excerpt":{"rendered":"<p>GOETZE ENGINE M\u00e4nn\u00e4nrenkaat 08-784800-00 M\u00e4nn\u00e4nrengassarja AUDI,FORD,80 89, 89Q, 8A, B3,TRANSIT  MK-5 Bus E_ _,TRANSIT Kasten T_ _<\/p>\n","protected":false},"featured_media":0,"template":"","meta":{"site-sidebar-layout":"default","site-content-layout":"default","ast-global-header-display":"","ast-main-header-display":"","ast-hfb-above-header-display":"","ast-hfb-below-header-display":"","ast-hfb-mobile-header-display":"","site-post-title":"","ast-breadcrumbs-content":"","ast-featured-img":"","footer-sml-layout":"","theme-transparent-header-meta":"","adv-header-id-meta":"","stick-header-meta":"","header-above-stick-meta":"","header-main-stick-meta":"","header-below-stick-meta":""},"pwb-brand":[224],"product_cat":[154],"product_tag":[],"class_list":{"0":"post-41914","1":"product","2":"type-product","3":"status-publish","5":"pwb-brand-goetze-engine","6":"product_cat-mannanrenkaat","7":"desktop-align-left","8":"tablet-align-left","9":"mobile-align-left","11":"first","12":"instock","13":"product-type-external"},"brands":[{"id":224,"name":"GOETZE ENGINE","slug":"goetze-engine"}],"_links":{"self":[{"href":"https:\/\/www.autonvaraosahaku.fi\/index.php?rest_route=\/wp\/v2\/product\/41914","targetHints":{"allow":["GET"]}}],"collection":[{"href":"https:\/\/www.autonvaraosahaku.fi\/index.php?rest_route=\/wp\/v2\/product"}],"about":[{"href":"https:\/\/www.autonvaraosahaku.fi\/index.php?rest_route=\/wp\/v2\/types\/product"}],"wp:attachment":[{"href":"https:\/\/www.autonvaraosahaku.fi\/index.php?rest_route=%2Fwp%2Fv2%2Fmedia&parent=41914"}],"wp:term":[{"taxonomy":"pwb-brand","embeddable":true,"href":"https:\/\/www.autonvaraosahaku.fi\/index.php?rest_route=%2Fwp%2Fv2%2Fpwb-brand&post=41914"},{"taxonomy":"product_cat","embeddable":true,"href":"https:\/\/www.autonvaraosahaku.fi\/index.php?rest_route=%2Fwp%2Fv2%2Fproduct_cat&post=41914"},{"taxonomy":"product_tag","embeddable":true,"href":"https:\/\/www.autonvaraosahaku.fi\/index.php?rest_route=%2Fwp%2Fv2%2Fproduct_tag&post=41914"}],"curies":[{"name":"wp","href":"https:\/\/api.w.org\/{rel}","templated":true}]}}