{"id":41930,"date":"2021-02-21T16:52:07","date_gmt":"2021-02-21T16:52:07","guid":{"rendered":"https:\/\/www.autonvaraosahaku.fi\/?product=ngk-5122-sytytystulpat"},"modified":"2021-02-21T16:52:09","modified_gmt":"2021-02-21T16:52:09","slug":"ngk-5122-sytytystulpat","status":"publish","type":"product","link":"https:\/\/www.autonvaraosahaku.fi\/?product=ngk-5122-sytytystulpat","title":{"rendered":"NGK 5122 Sytytystulpat"},"content":{"rendered":"<p>Avainv\u00e4li: 20,8 mm; Ulkokierre [mm]: 14,0; Kierteen pituus (mm): 19,0; Sytytystulppa: Kierre-SAE-liitin, Nikkeli-keskielektrodi, 1-maaelektroodi, H\u00e4iri\u00f6npoisto, 5 k-ohm, suoralla istukalla; Kipin\u00e4et\u00e4isyys [mm]: 1,0; TECDOC-moottorinumero: 5313; MITSUBISHI: STARION A18_A,GALANT III E1_A,GALANT II A16_,SAPPORO II A16_A,CORDIA A21_A, AB,TREDIA A21_; 736975, 99906850P9009, 99906910P9008, 9807957816, 9807957847, 9807957848, 9807957849, 9807957876, 9807957877, 22401M7917, 22401P8617, 9009822905, 9009822935, 828938, MS851174, MS851454, Z2152946, 22401M7917, 22401P8617, 736975, 0948200117, 9009822905, 9009822935; Tulpat,Sytytystulppa<\/p>\n","protected":false},"excerpt":{"rendered":"<p>NGK Sytytystulpat 5122 Tulpat,Sytytystulppa MITSUBISHI,STARION A18_A,GALANT III E1_A,GALANT II A16_,SAPPORO II A16_A,CORDIA A21_A, AB,TREDIA A21_<\/p>\n","protected":false},"featured_media":0,"template":"","meta":{"site-sidebar-layout":"default","site-content-layout":"default","ast-global-header-display":"","ast-main-header-display":"","ast-hfb-above-header-display":"","ast-hfb-below-header-display":"","ast-hfb-mobile-header-display":"","site-post-title":"","ast-breadcrumbs-content":"","ast-featured-img":"","footer-sml-layout":"","theme-transparent-header-meta":"","adv-header-id-meta":"","stick-header-meta":"","header-above-stick-meta":"","header-main-stick-meta":"","header-below-stick-meta":""},"pwb-brand":[189],"product_cat":[165],"product_tag":[],"class_list":{"0":"post-41930","1":"product","2":"type-product","3":"status-publish","5":"pwb-brand-ngk","6":"product_cat-sytytystulpat","7":"desktop-align-left","8":"tablet-align-left","9":"mobile-align-left","11":"first","12":"instock","13":"product-type-external"},"brands":[{"id":189,"name":"NGK","slug":"ngk"}],"_links":{"self":[{"href":"https:\/\/www.autonvaraosahaku.fi\/index.php?rest_route=\/wp\/v2\/product\/41930","targetHints":{"allow":["GET"]}}],"collection":[{"href":"https:\/\/www.autonvaraosahaku.fi\/index.php?rest_route=\/wp\/v2\/product"}],"about":[{"href":"https:\/\/www.autonvaraosahaku.fi\/index.php?rest_route=\/wp\/v2\/types\/product"}],"wp:attachment":[{"href":"https:\/\/www.autonvaraosahaku.fi\/index.php?rest_route=%2Fwp%2Fv2%2Fmedia&parent=41930"}],"wp:term":[{"taxonomy":"pwb-brand","embeddable":true,"href":"https:\/\/www.autonvaraosahaku.fi\/index.php?rest_route=%2Fwp%2Fv2%2Fpwb-brand&post=41930"},{"taxonomy":"product_cat","embeddable":true,"href":"https:\/\/www.autonvaraosahaku.fi\/index.php?rest_route=%2Fwp%2Fv2%2Fproduct_cat&post=41930"},{"taxonomy":"product_tag","embeddable":true,"href":"https:\/\/www.autonvaraosahaku.fi\/index.php?rest_route=%2Fwp%2Fv2%2Fproduct_tag&post=41930"}],"curies":[{"name":"wp","href":"https:\/\/api.w.org\/{rel}","templated":true}]}}