{"id":41941,"date":"2021-02-21T16:52:12","date_gmt":"2021-02-21T16:52:12","guid":{"rendered":"https:\/\/www.autonvaraosahaku.fi\/?product=ngk-0504-sytytysjohto"},"modified":"2021-02-21T16:52:12","modified_gmt":"2021-02-21T16:52:12","slug":"ngk-0504-sytytysjohto","status":"publish","type":"product","link":"https:\/\/www.autonvaraosahaku.fi\/?product=ngk-0504-sytytysjohto","title":{"rendered":"NGK 0504 Sytytysjohto"},"content":{"rendered":"<p>Johtojen lukum\u00e4\u00e4r\u00e4: 6; Sytytysjohto: Vastussytytysjohdin; TECDOC-moottorinumero: 231; AUDI: A4 8D2, B5,A6 Avant 4B5, C5,A4 Avant 8D5, B5,80 8C, B4,A6 4B2, C5,CABRIOLET 8G7, B4,100 4A, C4,A8 4D2, 4D8,80 Avant 8C, B4,A6 Avant 4A, C4,A6 4A, C4,COUPE 89, 8B,100 Avant 4A, C4; 021905409A, 078905531A, 078905532A, 078905533A, 078905534A, 021905409A, 078905531A, 078905532A, 078905533A, 078905534A, 021905409A, 078905531A, 078905532A, 078905533A, 078905534A, 021905409A, 078905531A, 078905532A, 078905533A, 078905534A, 021905409A, 078905531A, 078905532A, 078905533A, 078905534A, 021905409A, 078905531A, 078905532A, 078905533A, 078905534A; Sytytysjohtosarja,Sytytyskaapeli<\/p>\n","protected":false},"excerpt":{"rendered":"<p>NGK Sytytysjohto 0504 Sytytysjohtosarja,Sytytyskaapeli AUDI,A4 8D2, B5,A6 Avant 4B5, C5,A4 Avant 8D5, B5,80 8C, B4,A6 4B2, C5,CABRIOLET 8G7, B4<\/p>\n","protected":false},"featured_media":0,"template":"","meta":{"site-sidebar-layout":"default","site-content-layout":"default","ast-global-header-display":"","ast-main-header-display":"","ast-hfb-above-header-display":"","ast-hfb-below-header-display":"","ast-hfb-mobile-header-display":"","site-post-title":"","ast-breadcrumbs-content":"","ast-featured-img":"","footer-sml-layout":"","theme-transparent-header-meta":"","adv-header-id-meta":"","stick-header-meta":"","header-above-stick-meta":"","header-main-stick-meta":"","header-below-stick-meta":""},"pwb-brand":[189],"product_cat":[198],"product_tag":[],"class_list":{"0":"post-41941","1":"product","2":"type-product","3":"status-publish","5":"pwb-brand-ngk","6":"product_cat-sytytysjohto","7":"desktop-align-left","8":"tablet-align-left","9":"mobile-align-left","11":"first","12":"instock","13":"product-type-external"},"brands":[{"id":189,"name":"NGK","slug":"ngk"}],"_links":{"self":[{"href":"https:\/\/www.autonvaraosahaku.fi\/index.php?rest_route=\/wp\/v2\/product\/41941","targetHints":{"allow":["GET"]}}],"collection":[{"href":"https:\/\/www.autonvaraosahaku.fi\/index.php?rest_route=\/wp\/v2\/product"}],"about":[{"href":"https:\/\/www.autonvaraosahaku.fi\/index.php?rest_route=\/wp\/v2\/types\/product"}],"wp:attachment":[{"href":"https:\/\/www.autonvaraosahaku.fi\/index.php?rest_route=%2Fwp%2Fv2%2Fmedia&parent=41941"}],"wp:term":[{"taxonomy":"pwb-brand","embeddable":true,"href":"https:\/\/www.autonvaraosahaku.fi\/index.php?rest_route=%2Fwp%2Fv2%2Fpwb-brand&post=41941"},{"taxonomy":"product_cat","embeddable":true,"href":"https:\/\/www.autonvaraosahaku.fi\/index.php?rest_route=%2Fwp%2Fv2%2Fproduct_cat&post=41941"},{"taxonomy":"product_tag","embeddable":true,"href":"https:\/\/www.autonvaraosahaku.fi\/index.php?rest_route=%2Fwp%2Fv2%2Fproduct_tag&post=41941"}],"curies":[{"name":"wp","href":"https:\/\/api.w.org\/{rel}","templated":true}]}}