{"id":41988,"date":"2021-02-21T16:52:22","date_gmt":"2021-02-21T16:52:22","guid":{"rendered":"https:\/\/www.autonvaraosahaku.fi\/?product=lemforder-29629-01-koiranluu"},"modified":"2021-02-21T16:52:24","modified_gmt":"2021-02-21T16:52:24","slug":"lemforder-29629-01-koiranluu","status":"publish","type":"product","link":"https:\/\/www.autonvaraosahaku.fi\/?product=lemforder-29629-01-koiranluu","title":{"rendered":"LEMF\u00d6RDER 29629 01 Koiranluu"},"content":{"rendered":"<p>Asennuspuoli: Taka-akseli, Yl\u00e4puolella, Molemminpuolin, Edess\u00e4; Tanko \/ tuki: Vetotanko; Suositellun tarvikkeen tuotenumero: 21685 01; Ei varustelumuunnoksille: AMG BLACK SERIES; MERCEDES-BENZ: C-CLASS W203,C-CLASS T-Model S203,C-CLASS W202,190 W201,SLK R170,E-CLASS W210,C-CLASS Coupe CL203,Stufenheck W124,SLK R171,CLK C208,SL R129,CLK C209,C-CLASS Kombi S202,KOMBI Kombi S124,E-CLASS W124,CLK Cabriolet A208,COUPE C124,CLK Cabriolet A209,E-CLASS Kombi S124,CLC-CLASS CL203,E-CLASS Cabriolet A124,E-CLASS Coupe C124,CABRIOLET A124; 2103503306, A2103503306<\/p>\n","protected":false},"excerpt":{"rendered":"<p>LEMF\u00d6RDER Tanko, Py\u00f6r\u00e4nripustus 29629 01  MERCEDES-BENZ,C-CLASS W203,C-CLASS T-Model S203,C-CLASS W202,190 W201,SLK R170,E-CLASS W210<\/p>\n","protected":false},"featured_media":0,"template":"","meta":{"site-sidebar-layout":"default","site-content-layout":"default","ast-global-header-display":"","ast-main-header-display":"","ast-hfb-above-header-display":"","ast-hfb-below-header-display":"","ast-hfb-mobile-header-display":"","site-post-title":"","ast-breadcrumbs-content":"","ast-featured-img":"","footer-sml-layout":"","theme-transparent-header-meta":"","adv-header-id-meta":"","stick-header-meta":"","header-above-stick-meta":"","header-main-stick-meta":"","header-below-stick-meta":""},"pwb-brand":[77],"product_cat":[38],"product_tag":[],"class_list":{"0":"post-41988","1":"product","2":"type-product","3":"status-publish","5":"pwb-brand-lemforder","6":"product_cat-koiranluu","7":"desktop-align-left","8":"tablet-align-left","9":"mobile-align-left","11":"first","12":"instock","13":"product-type-external"},"brands":[{"id":77,"name":"LEMF\u00d6RDER","slug":"lemforder"}],"_links":{"self":[{"href":"https:\/\/www.autonvaraosahaku.fi\/index.php?rest_route=\/wp\/v2\/product\/41988","targetHints":{"allow":["GET"]}}],"collection":[{"href":"https:\/\/www.autonvaraosahaku.fi\/index.php?rest_route=\/wp\/v2\/product"}],"about":[{"href":"https:\/\/www.autonvaraosahaku.fi\/index.php?rest_route=\/wp\/v2\/types\/product"}],"wp:attachment":[{"href":"https:\/\/www.autonvaraosahaku.fi\/index.php?rest_route=%2Fwp%2Fv2%2Fmedia&parent=41988"}],"wp:term":[{"taxonomy":"pwb-brand","embeddable":true,"href":"https:\/\/www.autonvaraosahaku.fi\/index.php?rest_route=%2Fwp%2Fv2%2Fpwb-brand&post=41988"},{"taxonomy":"product_cat","embeddable":true,"href":"https:\/\/www.autonvaraosahaku.fi\/index.php?rest_route=%2Fwp%2Fv2%2Fproduct_cat&post=41988"},{"taxonomy":"product_tag","embeddable":true,"href":"https:\/\/www.autonvaraosahaku.fi\/index.php?rest_route=%2Fwp%2Fv2%2Fproduct_tag&post=41988"}],"curies":[{"name":"wp","href":"https:\/\/api.w.org\/{rel}","templated":true}]}}