{"id":42041,"date":"2021-02-21T16:52:38","date_gmt":"2021-02-21T16:52:38","guid":{"rendered":"https:\/\/www.autonvaraosahaku.fi\/?product=bremi-13202-1-muut-luokat"},"modified":"2021-02-21T16:52:39","modified_gmt":"2021-02-21T16:52:39","slug":"bremi-13202-1-muut-luokat","status":"publish","type":"product","link":"https:\/\/www.autonvaraosahaku.fi\/?product=bremi-13202-1-muut-luokat","title":{"rendered":"BREMI 13202\/1 Muut luokat"},"content":{"rendered":"<p>Materiaali: Epoksihartsi, Silikoni; Vastus [Ohm]: 1000; Sytytysjohto: Liit\u00e4nt\u00e4 M3; Sytytystulppa: Liit\u00e4nt\u00e4 M4, vesitiivis; Avainv\u00e4li: 21 mm; Valmistusvuoteen: 08\/1981; MERCEDES-BENZ: SL R107,Stufenheck W123,S-CLASS W126,G-CLASS W460,COUPE C123,S-CLASS W116,S-CLASS Coupe C126,KOMBI Kombi S123,SL Coupe C107; PORSCHE: 924; 0001564310, 0001565010, 0001565110<\/p>\n","protected":false},"excerpt":{"rendered":"<p>BREMI Tulpanjohdon Pistoke 13202\/1  MERCEDES-BENZ,PORSCHE,SL R107,Stufenheck W123,S-CLASS W126,G-CLASS W460,COUPE C123,S-CLASS W116,S-CLASS Coupe C126<\/p>\n","protected":false},"featured_media":0,"template":"","meta":{"site-sidebar-layout":"default","site-content-layout":"default","ast-global-header-display":"","ast-main-header-display":"","ast-hfb-above-header-display":"","ast-hfb-below-header-display":"","ast-hfb-mobile-header-display":"","site-post-title":"","ast-breadcrumbs-content":"","ast-featured-img":"","footer-sml-layout":"","theme-transparent-header-meta":"","adv-header-id-meta":"","stick-header-meta":"","header-above-stick-meta":"","header-main-stick-meta":"","header-below-stick-meta":""},"pwb-brand":[480],"product_cat":[37],"product_tag":[],"class_list":{"0":"post-42041","1":"product","2":"type-product","3":"status-publish","5":"pwb-brand-bremi","6":"product_cat-muut-luokat","7":"desktop-align-left","8":"tablet-align-left","9":"mobile-align-left","11":"first","12":"instock","13":"product-type-external"},"brands":[{"id":480,"name":"BREMI","slug":"bremi"}],"_links":{"self":[{"href":"https:\/\/www.autonvaraosahaku.fi\/index.php?rest_route=\/wp\/v2\/product\/42041","targetHints":{"allow":["GET"]}}],"collection":[{"href":"https:\/\/www.autonvaraosahaku.fi\/index.php?rest_route=\/wp\/v2\/product"}],"about":[{"href":"https:\/\/www.autonvaraosahaku.fi\/index.php?rest_route=\/wp\/v2\/types\/product"}],"wp:attachment":[{"href":"https:\/\/www.autonvaraosahaku.fi\/index.php?rest_route=%2Fwp%2Fv2%2Fmedia&parent=42041"}],"wp:term":[{"taxonomy":"pwb-brand","embeddable":true,"href":"https:\/\/www.autonvaraosahaku.fi\/index.php?rest_route=%2Fwp%2Fv2%2Fpwb-brand&post=42041"},{"taxonomy":"product_cat","embeddable":true,"href":"https:\/\/www.autonvaraosahaku.fi\/index.php?rest_route=%2Fwp%2Fv2%2Fproduct_cat&post=42041"},{"taxonomy":"product_tag","embeddable":true,"href":"https:\/\/www.autonvaraosahaku.fi\/index.php?rest_route=%2Fwp%2Fv2%2Fproduct_tag&post=42041"}],"curies":[{"name":"wp","href":"https:\/\/api.w.org\/{rel}","templated":true}]}}