{"id":42114,"date":"2021-02-21T16:52:54","date_gmt":"2021-02-21T16:52:54","guid":{"rendered":"https:\/\/www.autonvaraosahaku.fi\/?product=valeo-812005-lammityslaitteen-kenno"},"modified":"2021-02-21T16:52:57","modified_gmt":"2021-02-21T16:52:57","slug":"valeo-812005-lammityslaitteen-kenno","status":"publish","type":"product","link":"https:\/\/www.autonvaraosahaku.fi\/?product=valeo-812005-lammityslaitteen-kenno","title":{"rendered":"VALEO 812005 L\u00e4mmityslaitteen kenno"},"content":{"rendered":"<p>Leveys (mm): 234; Korkeus (mm): 157; Paksuus [mm]: 42; Materiaali: Alumiini; Vasen \/ oikea liikenne: Ohjaus vasemmalla; Valmistaja rajaus: VALEO; Paino [kg]: 0,96; Valmistusvuosi alkaen: 09\/1992; CITRO\u00cbN: BERLINGO MF,BERLINGO Kasten M_,XSARA N1,XSARA Break N2,XANTIA X2,XSARA Coupe N0,XANTIA X1,XANTIA Break X2,ZX N2,XANTIA Break X1,ZX Break N2,XSARA Kasten,XSARA Kasten\/Schr\u00e4gheck; PEUGEOT: 306 Schr\u00e4gheck 7A, 7C, N3, N5,306 Cabriolet 7D, N3, N5,PARTNER Combispace 5F,PARTNER Kasten 5,306 Break 7E, N3, N5,306 7B, N3, N5,PARTNER Kasten,PARTNER Pritsche\/Fahrgestell,306 Kasten\/Schr\u00e4gheck; 644878, 96103384, 644878; L\u00e4mmityskenno<\/p>\n","protected":false},"excerpt":{"rendered":"<p>VALEO L\u00e4mmityslaitteen Kenno 812005 L\u00e4mmityskenno CITRO\u00cbN,PEUGEOT,BERLINGO MF,BERLINGO Kasten M_,XSARA N1,XSARA Break N2,XANTIA X2,XSARA Coupe N0<\/p>\n","protected":false},"featured_media":0,"template":"","meta":{"site-sidebar-layout":"default","site-content-layout":"default","ast-global-header-display":"","ast-main-header-display":"","ast-hfb-above-header-display":"","ast-hfb-below-header-display":"","ast-hfb-mobile-header-display":"","site-post-title":"","ast-breadcrumbs-content":"","ast-featured-img":"","footer-sml-layout":"","theme-transparent-header-meta":"","adv-header-id-meta":"","stick-header-meta":"","header-above-stick-meta":"","header-main-stick-meta":"","header-below-stick-meta":""},"pwb-brand":[28],"product_cat":[292],"product_tag":[],"class_list":{"0":"post-42114","1":"product","2":"type-product","3":"status-publish","5":"pwb-brand-valeo","6":"product_cat-lammityslaitteen-kenno","7":"desktop-align-left","8":"tablet-align-left","9":"mobile-align-left","11":"first","12":"instock","13":"product-type-external"},"brands":[{"id":28,"name":"VALEO","slug":"valeo"}],"_links":{"self":[{"href":"https:\/\/www.autonvaraosahaku.fi\/index.php?rest_route=\/wp\/v2\/product\/42114","targetHints":{"allow":["GET"]}}],"collection":[{"href":"https:\/\/www.autonvaraosahaku.fi\/index.php?rest_route=\/wp\/v2\/product"}],"about":[{"href":"https:\/\/www.autonvaraosahaku.fi\/index.php?rest_route=\/wp\/v2\/types\/product"}],"wp:attachment":[{"href":"https:\/\/www.autonvaraosahaku.fi\/index.php?rest_route=%2Fwp%2Fv2%2Fmedia&parent=42114"}],"wp:term":[{"taxonomy":"pwb-brand","embeddable":true,"href":"https:\/\/www.autonvaraosahaku.fi\/index.php?rest_route=%2Fwp%2Fv2%2Fpwb-brand&post=42114"},{"taxonomy":"product_cat","embeddable":true,"href":"https:\/\/www.autonvaraosahaku.fi\/index.php?rest_route=%2Fwp%2Fv2%2Fproduct_cat&post=42114"},{"taxonomy":"product_tag","embeddable":true,"href":"https:\/\/www.autonvaraosahaku.fi\/index.php?rest_route=%2Fwp%2Fv2%2Fproduct_tag&post=42114"}],"curies":[{"name":"wp","href":"https:\/\/api.w.org\/{rel}","templated":true}]}}