{"id":42124,"date":"2021-02-21T16:52:59","date_gmt":"2021-02-21T16:52:59","guid":{"rendered":"https:\/\/www.autonvaraosahaku.fi\/?product=valeo-043578-ajovaloumpio"},"modified":"2021-02-21T16:53:01","modified_gmt":"2021-02-21T16:53:01","slug":"valeo-043578-ajovaloumpio","status":"publish","type":"product","link":"https:\/\/www.autonvaraosahaku.fi\/?product=valeo-043578-ajovaloumpio","title":{"rendered":"VALEO 043578 Ajovaloumpio"},"content":{"rendered":"<p>Vasen \/ oikea liikenne: Oikeanpuoleiselle liikenteelle; Asennuspuoli: Oikea; Varusteet: Valonsuuntaimella varustetuile (s\u00e4hk\u00f6); Korvaava tuote\/korvaava tiedote 2: ilman valokorkeuss\u00e4\u00e4timen moottoria, ilman xenonohjainta, Valoet\u00e4isyyden ohjainlaitteella; Versio: 6G; Valotoiminto: puolivalolla, kaukovalolla, p\u00e4\u00e4valonheittimell\u00e4, Huomiovalolla; Lyhdyn muoto: Bi-xenon, LED; Lamppumalli: D3S (kaasupurkauslamppu), W5W, H21W; Lis\u00e4tarvike\/lis\u00e4tieto: Polttimolla; Vilkun v\u00e4ri: L\u00e4pin\u00e4kyv\u00e4, L\u00e4pin\u00e4kyv\u00e4; Paino [kg]: 4,89, 4,89; lis\u00e4tieto: ORIGINAL PART; Valmistusvuoteen: 08\/2015; AUDI: A5 8T3,A5 Sportback 8TA,A5 Cabriolet 8F7; 8T0941030AD, 8T0941030AK, 8T0941030L; Ajovalot,Etuvalot,Ajovalo<\/p>\n","protected":false},"excerpt":{"rendered":"<p>VALEO Ajovaloumpio 043578 Ajovalot,Etuvalot AUDI,A5 8T3,A5 Sportback 8TA,A5 Cabriolet 8F7<\/p>\n","protected":false},"featured_media":0,"template":"","meta":{"site-sidebar-layout":"default","site-content-layout":"default","ast-global-header-display":"","ast-main-header-display":"","ast-hfb-above-header-display":"","ast-hfb-below-header-display":"","ast-hfb-mobile-header-display":"","site-post-title":"","ast-breadcrumbs-content":"","ast-featured-img":"","footer-sml-layout":"","theme-transparent-header-meta":"","adv-header-id-meta":"","stick-header-meta":"","header-above-stick-meta":"","header-main-stick-meta":"","header-below-stick-meta":""},"pwb-brand":[28],"product_cat":[185],"product_tag":[],"class_list":{"0":"post-42124","1":"product","2":"type-product","3":"status-publish","5":"pwb-brand-valeo","6":"product_cat-ajovaloumpio","7":"desktop-align-left","8":"tablet-align-left","9":"mobile-align-left","11":"first","12":"instock","13":"product-type-external"},"brands":[{"id":28,"name":"VALEO","slug":"valeo"}],"_links":{"self":[{"href":"https:\/\/www.autonvaraosahaku.fi\/index.php?rest_route=\/wp\/v2\/product\/42124","targetHints":{"allow":["GET"]}}],"collection":[{"href":"https:\/\/www.autonvaraosahaku.fi\/index.php?rest_route=\/wp\/v2\/product"}],"about":[{"href":"https:\/\/www.autonvaraosahaku.fi\/index.php?rest_route=\/wp\/v2\/types\/product"}],"wp:attachment":[{"href":"https:\/\/www.autonvaraosahaku.fi\/index.php?rest_route=%2Fwp%2Fv2%2Fmedia&parent=42124"}],"wp:term":[{"taxonomy":"pwb-brand","embeddable":true,"href":"https:\/\/www.autonvaraosahaku.fi\/index.php?rest_route=%2Fwp%2Fv2%2Fpwb-brand&post=42124"},{"taxonomy":"product_cat","embeddable":true,"href":"https:\/\/www.autonvaraosahaku.fi\/index.php?rest_route=%2Fwp%2Fv2%2Fproduct_cat&post=42124"},{"taxonomy":"product_tag","embeddable":true,"href":"https:\/\/www.autonvaraosahaku.fi\/index.php?rest_route=%2Fwp%2Fv2%2Fproduct_tag&post=42124"}],"curies":[{"name":"wp","href":"https:\/\/api.w.org\/{rel}","templated":true}]}}