{"id":42131,"date":"2021-02-21T16:52:59","date_gmt":"2021-02-21T16:52:59","guid":{"rendered":"https:\/\/www.autonvaraosahaku.fi\/?product=swf-116226-pyyhkijansulat"},"modified":"2021-02-21T16:53:02","modified_gmt":"2021-02-21T16:53:02","slug":"swf-116226-pyyhkijansulat","status":"publish","type":"product","link":"https:\/\/www.autonvaraosahaku.fi\/?product=swf-116226-pyyhkijansulat","title":{"rendered":"SWF 116226 Pyyhkij\u00e4nsulat"},"content":{"rendered":"<p>Asennuspuoli: Edess\u00e4; M\u00e4\u00e4r\u00e4: 2, 2; Pituus 1 (mm): 450; Pituus 2 (mm): 450; Pituus1\/pituus2 [tuuma]: 18\/18; Sopiva adapteri: U + U; Paino [kg]: 0,27, 0,27; Tuotelinja: Original; Pyyhkij\u00e4nsulkatyyppi: Tavallinen; Valmistusvuoteen: 04\/1979; VW: GOLF II 19E, 1G1,TRANSPORTER III Bus,SCIROCCO 53B,JETTA II 19E, 1G2, 165,PASSAT Variant 32B,TRANSPORTER III Kasten,TARO,TRANSPORTER III Pritsche\/Fahrgestell,PASSAT 32B,SCIROCCO 53,PASSAT Stufenheck 32B,SANTANA 32B; AUDI: 80 81, 85, B2,COUPE 81, 85,QUATTRO 85,90 81, 85, B2,100 C1,100 43, C2,200 43,100 Avant 43, C2; MAZDA: MX-5 II NB,MX-5 I NA,MX-5 III NC,B-SERIE UN,323 III Hatchback BF,626 II GC,626 II Hatchback GC,B-SERIE UF,323 III BF,BT-50 Pritsche\/Fahrgestell CD, UN,323 III Station Wagon BW,121 I DA,626 II Coupe GC; SKODA: FAVORIT 781,FAVORIT Forman 785,FAVORIT Pick-up 787; BMW: 5 E28,6 E24,3 E21,7 E23,5 E12; DAEWOO: NEXIA KLETN,KORANDO KJ,NEXIA Stufenheck KLETN,KORANDO Cabrio KJ; NISSAN: MICRA I K10,PATROL GR I Y60, GR,SUNNY II N13,BLUEBIRD Station Wagon WU11,PRAIRIE M10, NM10,SUNNY II Traveller B12,URVAN Kasten E23,SUNNY I B11,BLUEBIRD 910,URVAN Bus E23,BLUEBIRD Traveller W910,BLUEBIRD Stufenheck 910,CABSTAR Pritsche\/Fahrgestell F22, H40; KIA: PRIDE DA,PRIDE Kombi; FORD USA: EXPLORER U2,ESCORT Schr\u00e4gheck; HONDA: ACCORD VII CL,ACCORD VII Tourer CM,CIVIC IV Hatchback EC, ED, EE,PRELUDE III BA,CONCERTO HW,CIVIC IV Stufenheck ED,CRX I AF, AS,ACCORD III CA,CIVIC III Hatchback AL, AJ, AG, AH,CONCERTO Stufenheck HWW,ACCORD III Aerodeck CA,LEGEND I Coupe KA3,CIVIC III Stufenheck AM, AK, AU,CIVIC I Shuttle AN, AR,LEGEND I HS, KA,INTEGRA DA; Tuulilasinpyyhkimet,Pyyhkij\u00e4t,Pyyhkij\u00e4nsulka<\/p>\n","protected":false},"excerpt":{"rendered":"<p>SWF Pyyhkij\u00e4nsulat 116226 Tuulilasinpyyhkimet,Pyyhkij\u00e4t VW,AUDI,MAZDA,GOLF II 19E, 1G1,TRANSPORTER III Bus,SCIROCCO 53B,JETTA II 19E, 1G2, 165<\/p>\n","protected":false},"featured_media":0,"template":"","meta":{"site-sidebar-layout":"default","site-content-layout":"default","ast-global-header-display":"","ast-main-header-display":"","ast-hfb-above-header-display":"","ast-hfb-below-header-display":"","ast-hfb-mobile-header-display":"","site-post-title":"","ast-breadcrumbs-content":"","ast-featured-img":"","footer-sml-layout":"","theme-transparent-header-meta":"","adv-header-id-meta":"","stick-header-meta":"","header-above-stick-meta":"","header-main-stick-meta":"","header-below-stick-meta":""},"pwb-brand":[204],"product_cat":[33],"product_tag":[],"class_list":{"0":"post-42131","1":"product","2":"type-product","3":"status-publish","5":"pwb-brand-swf","6":"product_cat-pyyhkijansulat","7":"desktop-align-left","8":"tablet-align-left","9":"mobile-align-left","11":"first","12":"instock","13":"product-type-external"},"brands":[{"id":204,"name":"SWF","slug":"swf"}],"_links":{"self":[{"href":"https:\/\/www.autonvaraosahaku.fi\/index.php?rest_route=\/wp\/v2\/product\/42131","targetHints":{"allow":["GET"]}}],"collection":[{"href":"https:\/\/www.autonvaraosahaku.fi\/index.php?rest_route=\/wp\/v2\/product"}],"about":[{"href":"https:\/\/www.autonvaraosahaku.fi\/index.php?rest_route=\/wp\/v2\/types\/product"}],"wp:attachment":[{"href":"https:\/\/www.autonvaraosahaku.fi\/index.php?rest_route=%2Fwp%2Fv2%2Fmedia&parent=42131"}],"wp:term":[{"taxonomy":"pwb-brand","embeddable":true,"href":"https:\/\/www.autonvaraosahaku.fi\/index.php?rest_route=%2Fwp%2Fv2%2Fpwb-brand&post=42131"},{"taxonomy":"product_cat","embeddable":true,"href":"https:\/\/www.autonvaraosahaku.fi\/index.php?rest_route=%2Fwp%2Fv2%2Fproduct_cat&post=42131"},{"taxonomy":"product_tag","embeddable":true,"href":"https:\/\/www.autonvaraosahaku.fi\/index.php?rest_route=%2Fwp%2Fv2%2Fproduct_tag&post=42131"}],"curies":[{"name":"wp","href":"https:\/\/api.w.org\/{rel}","templated":true}]}}