{"id":42195,"date":"2021-02-21T16:53:15","date_gmt":"2021-02-21T16:53:15","guid":{"rendered":"https:\/\/www.autonvaraosahaku.fi\/?product=gates-5269xs-jakohihna"},"modified":"2021-02-21T16:53:19","modified_gmt":"2021-02-21T16:53:19","slug":"gates-5269xs-jakohihna","status":"publish","type":"product","link":"https:\/\/www.autonvaraosahaku.fi\/?product=gates-5269xs-jakohihna","title":{"rendered":"GATES 5269XS Jakohihna"},"content":{"rendered":"<p>Suositellun erikoisty\u00f6kalun tuotenumero: STT-1; Materiaali: Lasikuitu, HNBR (hydrattu akryyli-nitriili-butadi-kumi); V\u00e4ri: Musta; Hammasluku: 151; Leveys (mm): 19; Hammasv\u00e4li [mm]: 8; Pituus (mm): 1208; Tuotelinja: FleetRunner\u2122 Micro-V\u00ae Stretch Fit\u00ae; Apulaitteet: angetr. Agg.: Nockenwelle; AUDI: 80 8C, B4,100 4A, C4,80 Avant 8C, B4,A6 Avant 4A, C4,A6 4A, C4,COUPE 89, 8B,100 Avant 4A, C4; NISSAN: 200 SX S13,SUNNY II Coupe B12,SUNNY II Hatchback N13,BLUEBIRD T72 , T12,BLUEBIRD Hatchback T72, T12,SUNNY II N13; 054109119E, 054109119H, 1302851E00, 1302851E10, 1302851E25, 13028D4211; Jakop\u00e4\u00e4n Hihna,Hammashihna,Hammashihnat<\/p>\n","protected":false},"excerpt":{"rendered":"<p>GATES Jakohihna 5269XS Jakop\u00e4\u00e4n Hihna,Hammashihna AUDI,NISSAN,80 8C, B4,100 4A, C4,80 Avant 8C, B4,A6 Avant 4A, C4,A6 4A, C4,COUPE 89, 8B<\/p>\n","protected":false},"featured_media":0,"template":"","meta":{"site-sidebar-layout":"default","site-content-layout":"default","ast-global-header-display":"","ast-main-header-display":"","ast-hfb-above-header-display":"","ast-hfb-below-header-display":"","ast-hfb-mobile-header-display":"","site-post-title":"","ast-breadcrumbs-content":"","ast-featured-img":"","footer-sml-layout":"","theme-transparent-header-meta":"","adv-header-id-meta":"","stick-header-meta":"","header-above-stick-meta":"","header-main-stick-meta":"","header-below-stick-meta":""},"pwb-brand":[22],"product_cat":[266],"product_tag":[],"class_list":{"0":"post-42195","1":"product","2":"type-product","3":"status-publish","5":"pwb-brand-gates","6":"product_cat-jakohihna","7":"desktop-align-left","8":"tablet-align-left","9":"mobile-align-left","11":"first","12":"instock","13":"product-type-external"},"brands":[{"id":22,"name":"GATES","slug":"gates"}],"_links":{"self":[{"href":"https:\/\/www.autonvaraosahaku.fi\/index.php?rest_route=\/wp\/v2\/product\/42195","targetHints":{"allow":["GET"]}}],"collection":[{"href":"https:\/\/www.autonvaraosahaku.fi\/index.php?rest_route=\/wp\/v2\/product"}],"about":[{"href":"https:\/\/www.autonvaraosahaku.fi\/index.php?rest_route=\/wp\/v2\/types\/product"}],"wp:attachment":[{"href":"https:\/\/www.autonvaraosahaku.fi\/index.php?rest_route=%2Fwp%2Fv2%2Fmedia&parent=42195"}],"wp:term":[{"taxonomy":"pwb-brand","embeddable":true,"href":"https:\/\/www.autonvaraosahaku.fi\/index.php?rest_route=%2Fwp%2Fv2%2Fpwb-brand&post=42195"},{"taxonomy":"product_cat","embeddable":true,"href":"https:\/\/www.autonvaraosahaku.fi\/index.php?rest_route=%2Fwp%2Fv2%2Fproduct_cat&post=42195"},{"taxonomy":"product_tag","embeddable":true,"href":"https:\/\/www.autonvaraosahaku.fi\/index.php?rest_route=%2Fwp%2Fv2%2Fproduct_tag&post=42195"}],"curies":[{"name":"wp","href":"https:\/\/api.w.org\/{rel}","templated":true}]}}