{"id":42215,"date":"2021-02-21T16:53:21","date_gmt":"2021-02-21T16:53:21","guid":{"rendered":"https:\/\/www.autonvaraosahaku.fi\/?product=tyc-337-0131-sivupeilit"},"modified":"2021-02-21T16:53:24","modified_gmt":"2021-02-21T16:53:24","slug":"tyc-337-0131-sivupeilit","status":"publish","type":"product","link":"https:\/\/www.autonvaraosahaku.fi\/?product=tyc-337-0131-sivupeilit","title":{"rendered":"TYC 337-0131 Sivupeilit"},"content":{"rendered":"<p>Asennuspuoli: Oikea; K\u00e4ytt\u00f6: S\u00e4hk\u00f6inen; Ulko-\/sis\u00e4peili: Kupera, L\u00e4mmitett\u00e4v\u00e4; V\u00e4ri: Musta; Rekister\u00f6ity tyyppi: E-hyv\u00e4ksytty; Napoja k\u00e4yt\u00f6ss\u00e4, m\u00e4\u00e4r\u00e4: 5; VW: CADDY III Kombi 2KB, 2KJ, 2CB, 2CJ,CADDY III Kasten 2KA, 2KH, 2CA, 2CH,CADDY IV Kombi SAB, SAJ,CADDY IV Kasten SAA, SAH,CADDY ALLTRACK Kasten SAA,CADDY ALLTRACK Kombi SAB; 2K1857508A, 2K1857508A9B9, 2K1857508K, 2K1857508K9B9, 7E1857522A, 7H1857522E, 7H1857522S, 7H1857528A, 7H1857528A9B9; Ulkopeilit,Ulkopeili<\/p>\n","protected":false},"excerpt":{"rendered":"<p>TYC Sivupeilit 337-0131 Ulkopeilit,Ulkopeili VW,CADDY III Kombi 2KB, 2KJ, 2CB, 2CJ,CADDY III Kasten 2KA, 2KH, 2CA, 2CH,CADDY IV Kombi SAB, SAJ<\/p>\n","protected":false},"featured_media":0,"template":"","meta":{"site-sidebar-layout":"default","site-content-layout":"default","ast-global-header-display":"","ast-main-header-display":"","ast-hfb-above-header-display":"","ast-hfb-below-header-display":"","ast-hfb-mobile-header-display":"","site-post-title":"","ast-breadcrumbs-content":"","ast-featured-img":"","footer-sml-layout":"","theme-transparent-header-meta":"","adv-header-id-meta":"","stick-header-meta":"","header-above-stick-meta":"","header-main-stick-meta":"","header-below-stick-meta":""},"pwb-brand":[124],"product_cat":[220],"product_tag":[],"class_list":{"0":"post-42215","1":"product","2":"type-product","3":"status-publish","5":"pwb-brand-tyc","6":"product_cat-sivupeilit","7":"desktop-align-left","8":"tablet-align-left","9":"mobile-align-left","11":"first","12":"instock","13":"product-type-external"},"brands":[{"id":124,"name":"TYC","slug":"tyc"}],"_links":{"self":[{"href":"https:\/\/www.autonvaraosahaku.fi\/index.php?rest_route=\/wp\/v2\/product\/42215","targetHints":{"allow":["GET"]}}],"collection":[{"href":"https:\/\/www.autonvaraosahaku.fi\/index.php?rest_route=\/wp\/v2\/product"}],"about":[{"href":"https:\/\/www.autonvaraosahaku.fi\/index.php?rest_route=\/wp\/v2\/types\/product"}],"wp:attachment":[{"href":"https:\/\/www.autonvaraosahaku.fi\/index.php?rest_route=%2Fwp%2Fv2%2Fmedia&parent=42215"}],"wp:term":[{"taxonomy":"pwb-brand","embeddable":true,"href":"https:\/\/www.autonvaraosahaku.fi\/index.php?rest_route=%2Fwp%2Fv2%2Fpwb-brand&post=42215"},{"taxonomy":"product_cat","embeddable":true,"href":"https:\/\/www.autonvaraosahaku.fi\/index.php?rest_route=%2Fwp%2Fv2%2Fproduct_cat&post=42215"},{"taxonomy":"product_tag","embeddable":true,"href":"https:\/\/www.autonvaraosahaku.fi\/index.php?rest_route=%2Fwp%2Fv2%2Fproduct_tag&post=42215"}],"curies":[{"name":"wp","href":"https:\/\/api.w.org\/{rel}","templated":true}]}}