{"id":42257,"date":"2021-02-21T16:53:31","date_gmt":"2021-02-21T16:53:31","guid":{"rendered":"https:\/\/www.autonvaraosahaku.fi\/?product=ngk-8569-sytytysjohto"},"modified":"2021-02-21T16:53:35","modified_gmt":"2021-02-21T16:53:35","slug":"ngk-8569-sytytysjohto","status":"publish","type":"product","link":"https:\/\/www.autonvaraosahaku.fi\/?product=ngk-8569-sytytysjohto","title":{"rendered":"NGK 8569 Sytytysjohto"},"content":{"rendered":"<p>Liittimet: DIN; Varusteet: ajoneuvoille virranjakajalla; johtojen lukum\u00e4\u00e4r\u00e4: 5; Sytytysjohto: Vastussytytysjohdin; V\u00e4ri: Musta; TECDOC-moottorinumero: 4473; FORD: SIERRA GBG, GB4,SIERRA Schr\u00e4gheck GBC, GBG,TRANSIT Kasten T_ _,TRANSIT Bus V_ _,SCORPIO I GAE, GGE,TRANSIT Bus T_ _,CAPRI III GECP,SIERRA Schr\u00e4gheck GBC,ESCORT II ATH,SCORPIO I Stufenheck GGE,TRANSIT Kasten V_ _,TRANSIT Pritsche\/Fahrgestell V_ _,SIERRA Kombi BNG,GRANADA GU,CAPRI II GECP,SIERRA Kombi BNC,GRANADA Kombi GNU,P 100 II,TAUNUS GBFK; LOTUS: ESPRIT S4 082,EXCEL,ESPRIT S2; ISUZU: TROOPER UBS,TROOPER Soft Top UBS,CAMPO KB; Sytytysjohtosarja,Sytytyskaapeli<\/p>\n","protected":false},"excerpt":{"rendered":"<p>NGK Sytytysjohto 8569 Sytytysjohtosarja,Sytytyskaapeli FORD,LOTUS,ISUZU,SIERRA GBG, GB4,SIERRA Schr\u00e4gheck GBC, GBG,TRANSIT Kasten T_ _<\/p>\n","protected":false},"featured_media":0,"template":"","meta":{"site-sidebar-layout":"default","site-content-layout":"default","ast-global-header-display":"","ast-main-header-display":"","ast-hfb-above-header-display":"","ast-hfb-below-header-display":"","ast-hfb-mobile-header-display":"","site-post-title":"","ast-breadcrumbs-content":"","ast-featured-img":"","footer-sml-layout":"","theme-transparent-header-meta":"","adv-header-id-meta":"","stick-header-meta":"","header-above-stick-meta":"","header-main-stick-meta":"","header-below-stick-meta":""},"pwb-brand":[189],"product_cat":[198],"product_tag":[],"class_list":{"0":"post-42257","1":"product","2":"type-product","3":"status-publish","5":"pwb-brand-ngk","6":"product_cat-sytytysjohto","7":"desktop-align-left","8":"tablet-align-left","9":"mobile-align-left","11":"first","12":"instock","13":"product-type-external"},"brands":[{"id":189,"name":"NGK","slug":"ngk"}],"_links":{"self":[{"href":"https:\/\/www.autonvaraosahaku.fi\/index.php?rest_route=\/wp\/v2\/product\/42257","targetHints":{"allow":["GET"]}}],"collection":[{"href":"https:\/\/www.autonvaraosahaku.fi\/index.php?rest_route=\/wp\/v2\/product"}],"about":[{"href":"https:\/\/www.autonvaraosahaku.fi\/index.php?rest_route=\/wp\/v2\/types\/product"}],"wp:attachment":[{"href":"https:\/\/www.autonvaraosahaku.fi\/index.php?rest_route=%2Fwp%2Fv2%2Fmedia&parent=42257"}],"wp:term":[{"taxonomy":"pwb-brand","embeddable":true,"href":"https:\/\/www.autonvaraosahaku.fi\/index.php?rest_route=%2Fwp%2Fv2%2Fpwb-brand&post=42257"},{"taxonomy":"product_cat","embeddable":true,"href":"https:\/\/www.autonvaraosahaku.fi\/index.php?rest_route=%2Fwp%2Fv2%2Fproduct_cat&post=42257"},{"taxonomy":"product_tag","embeddable":true,"href":"https:\/\/www.autonvaraosahaku.fi\/index.php?rest_route=%2Fwp%2Fv2%2Fproduct_tag&post=42257"}],"curies":[{"name":"wp","href":"https:\/\/api.w.org\/{rel}","templated":true}]}}