{"id":42282,"date":"2021-02-21T16:53:42","date_gmt":"2021-02-21T16:53:42","guid":{"rendered":"https:\/\/www.autonvaraosahaku.fi\/?product=van-wezel-1745947-ajovaloumpio"},"modified":"2021-02-21T16:53:43","modified_gmt":"2021-02-21T16:53:43","slug":"van-wezel-1745947-ajovaloumpio","status":"publish","type":"product","link":"https:\/\/www.autonvaraosahaku.fi\/?product=van-wezel-1745947-ajovaloumpio","title":{"rendered":"VAN WEZEL 1745947 Ajovaloumpio"},"content":{"rendered":"<p>Asennuspuoli: Vasen; Lamppumalli: H4; Varusteet: Autoihin ilman ajovalo korkeudens\u00e4\u00e4t\u00f6\u00e4; Vasen \/ oikea liikenne: Oikeanpuoleiselle liikenteelle; parilliset tuotenumerot: 1745948; Vuosimalliin: 1991; FIAT: DUCATO Kasten 280,DUCATO Pritsche\/Fahrgestell 280,DUCATO Panorama 280; CITRO\u00cbN: C25 Bus 280_, 290_,C25 Pritsche\/Fahrgestell 280_, 290_,C25 Kasten 280_, 290_; ALFA ROMEO: AR 6 Bus 280,AR 6 Kasten 280; PEUGEOT: J5 Pritsche\/Fahrgestell 280L,J5 Kasten 280L,J5 Bus 280P; 7543659, 6204A7; Ajovalot,Etuvalot,Ajovalo<\/p>\n","protected":false},"excerpt":{"rendered":"<p>VAN WEZEL Ajovaloumpio 1745947 Ajovalot,Etuvalot FIAT,CITRO\u00cbN,ALFA ROMEO,DUCATO Kasten 280,DUCATO Pritsche\/Fahrgestell 280,DUCATO Panorama 280<\/p>\n","protected":false},"featured_media":0,"template":"","meta":{"site-sidebar-layout":"default","site-content-layout":"default","ast-global-header-display":"","ast-main-header-display":"","ast-hfb-above-header-display":"","ast-hfb-below-header-display":"","ast-hfb-mobile-header-display":"","site-post-title":"","ast-breadcrumbs-content":"","ast-featured-img":"","footer-sml-layout":"","theme-transparent-header-meta":"","adv-header-id-meta":"","stick-header-meta":"","header-above-stick-meta":"","header-main-stick-meta":"","header-below-stick-meta":""},"pwb-brand":[54],"product_cat":[185],"product_tag":[],"class_list":{"0":"post-42282","1":"product","2":"type-product","3":"status-publish","5":"pwb-brand-van-wezel","6":"product_cat-ajovaloumpio","7":"desktop-align-left","8":"tablet-align-left","9":"mobile-align-left","11":"first","12":"instock","13":"product-type-external"},"brands":[{"id":54,"name":"VAN WEZEL","slug":"van-wezel"}],"_links":{"self":[{"href":"https:\/\/www.autonvaraosahaku.fi\/index.php?rest_route=\/wp\/v2\/product\/42282","targetHints":{"allow":["GET"]}}],"collection":[{"href":"https:\/\/www.autonvaraosahaku.fi\/index.php?rest_route=\/wp\/v2\/product"}],"about":[{"href":"https:\/\/www.autonvaraosahaku.fi\/index.php?rest_route=\/wp\/v2\/types\/product"}],"wp:attachment":[{"href":"https:\/\/www.autonvaraosahaku.fi\/index.php?rest_route=%2Fwp%2Fv2%2Fmedia&parent=42282"}],"wp:term":[{"taxonomy":"pwb-brand","embeddable":true,"href":"https:\/\/www.autonvaraosahaku.fi\/index.php?rest_route=%2Fwp%2Fv2%2Fpwb-brand&post=42282"},{"taxonomy":"product_cat","embeddable":true,"href":"https:\/\/www.autonvaraosahaku.fi\/index.php?rest_route=%2Fwp%2Fv2%2Fproduct_cat&post=42282"},{"taxonomy":"product_tag","embeddable":true,"href":"https:\/\/www.autonvaraosahaku.fi\/index.php?rest_route=%2Fwp%2Fv2%2Fproduct_tag&post=42282"}],"curies":[{"name":"wp","href":"https:\/\/api.w.org\/{rel}","templated":true}]}}