{"id":42289,"date":"2021-02-21T16:53:42","date_gmt":"2021-02-21T16:53:42","guid":{"rendered":"https:\/\/www.autonvaraosahaku.fi\/?product=lemforder-29353-01-jousijalan-tukilaakeri"},"modified":"2021-02-21T16:53:44","modified_gmt":"2021-02-21T16:53:44","slug":"lemforder-29353-01-jousijalan-tukilaakeri","status":"publish","type":"product","link":"https:\/\/www.autonvaraosahaku.fi\/?product=lemforder-29353-01-jousijalan-tukilaakeri","title":{"rendered":"LEMF\u00d6RDER 29353 01 Jousijalan tukilaakeri"},"content":{"rendered":"<p>Lukum\u00e4\u00e4r\u00e4 akselille: 2; Asennuspuoli: Hinterachse; HYUNDAI: SONATA IV EF,LANTRA I J-1; CHRYSLER: SEBRING JR; MITSUBISHI: COLT V CJ_, CP_,OUTLANDER I CU_W,LANCER Kombi CS_W,LANCER SPORTBACK CX_A,LANCER Stufenheck CY\/Z_A,GALANT VI Station Wagon EA_,GALANT VI EA_,LANCER Stufenheck CS_A, CT0,ECLIPSE II D3_A,ECLIPSE I D2_A,3000 GT Z16A,SIGMA F2_A, F1_A,GALANT IV E3_A,GALANT IV Stufenheck E3_A,GALANT V Stufenheck E5_A, E7_A, E8_A,GALANT V E5_A, E7_A, E8_A; Iskarin Yl\u00e4p\u00e4\u00e4,Iskunvaimentimen Yl\u00e4p\u00e4\u00e4<\/p>\n","protected":false},"excerpt":{"rendered":"<p>LEMF\u00d6RDER Jousijalan Tukilaakeri 29353 01 Iskarin Yl\u00e4p\u00e4\u00e4,Iskunvaimentimen Yl\u00e4p\u00e4\u00e4 HYUNDAI,CHRYSLER,MITSUBISHI,SONATA IV EF,LANTRA I J-1,SEBRING JR<\/p>\n","protected":false},"featured_media":0,"template":"","meta":{"site-sidebar-layout":"default","site-content-layout":"default","ast-global-header-display":"","ast-main-header-display":"","ast-hfb-above-header-display":"","ast-hfb-below-header-display":"","ast-hfb-mobile-header-display":"","site-post-title":"","ast-breadcrumbs-content":"","ast-featured-img":"","footer-sml-layout":"","theme-transparent-header-meta":"","adv-header-id-meta":"","stick-header-meta":"","header-above-stick-meta":"","header-main-stick-meta":"","header-below-stick-meta":""},"pwb-brand":[77],"product_cat":[45],"product_tag":[],"class_list":{"0":"post-42289","1":"product","2":"type-product","3":"status-publish","5":"pwb-brand-lemforder","6":"product_cat-jousijalan-tukilaakeri","7":"desktop-align-left","8":"tablet-align-left","9":"mobile-align-left","11":"first","12":"instock","13":"product-type-external"},"brands":[{"id":77,"name":"LEMF\u00d6RDER","slug":"lemforder"}],"_links":{"self":[{"href":"https:\/\/www.autonvaraosahaku.fi\/index.php?rest_route=\/wp\/v2\/product\/42289","targetHints":{"allow":["GET"]}}],"collection":[{"href":"https:\/\/www.autonvaraosahaku.fi\/index.php?rest_route=\/wp\/v2\/product"}],"about":[{"href":"https:\/\/www.autonvaraosahaku.fi\/index.php?rest_route=\/wp\/v2\/types\/product"}],"wp:attachment":[{"href":"https:\/\/www.autonvaraosahaku.fi\/index.php?rest_route=%2Fwp%2Fv2%2Fmedia&parent=42289"}],"wp:term":[{"taxonomy":"pwb-brand","embeddable":true,"href":"https:\/\/www.autonvaraosahaku.fi\/index.php?rest_route=%2Fwp%2Fv2%2Fpwb-brand&post=42289"},{"taxonomy":"product_cat","embeddable":true,"href":"https:\/\/www.autonvaraosahaku.fi\/index.php?rest_route=%2Fwp%2Fv2%2Fproduct_cat&post=42289"},{"taxonomy":"product_tag","embeddable":true,"href":"https:\/\/www.autonvaraosahaku.fi\/index.php?rest_route=%2Fwp%2Fv2%2Fproduct_tag&post=42289"}],"curies":[{"name":"wp","href":"https:\/\/api.w.org\/{rel}","templated":true}]}}