{"id":42297,"date":"2021-02-21T16:53:42","date_gmt":"2021-02-21T16:53:42","guid":{"rendered":"https:\/\/www.autonvaraosahaku.fi\/?product=sachs-1863-869-002-muut-luokat"},"modified":"2021-02-21T16:53:46","modified_gmt":"2021-02-21T16:53:46","slug":"sachs-1863-869-002-muut-luokat","status":"publish","type":"product","link":"https:\/\/www.autonvaraosahaku.fi\/?product=sachs-1863-869-002-muut-luokat","title":{"rendered":"SACHS 1863 869 002 Muut luokat"},"content":{"rendered":"<p>L\u00e4pimitta [mm]: 24; Ulkol\u00e4pimitta [mm]: 24; Sis\u00e4l\u00e4pimitta [mm]: 18; Leveys (mm): 16; Laakerityyppi: Neulalaakeri; Valmistusvuoteen: 12\/1987; VW: LT 28-35 I Kasten 281-363,LT 28-35 I Bus 281-363,PASSAT Variant 32B,LT 28-35 I Pritsche\/Fahrgestell 281-363,PASSAT 32B,LT 40-55 I Pritsche\/Fahrgestell 293-909,LT 40-55 I Kasten 291-512,PASSAT Stufenheck 32B,SANTANA 32B; AUDI: 100 44, 44Q, C3,80 81, 85, B2,100 Avant 44, 44Q, C3,COUPE 81, 85,QUATTRO 85,200 44, 44Q,90 81, 85, B2,200 Avant 44, 44Q,100 43, C2,200 43,100 Avant 43, C2; 046105313D, 060105313A, 046105313D, 060105313A; Ohjaislaakeri, Kytkin<\/p>\n","protected":false},"excerpt":{"rendered":"<p>SACHS Ohjainlaakeri Kytkin 1863 869 002 Ohjaislaakeri, Kytkin VW,AUDI,LT 28-35 I Kasten 281-363,LT 28-35 I Bus 281-363,PASSAT Variant 32B<\/p>\n","protected":false},"featured_media":0,"template":"","meta":{"site-sidebar-layout":"default","site-content-layout":"default","ast-global-header-display":"","ast-main-header-display":"","ast-hfb-above-header-display":"","ast-hfb-below-header-display":"","ast-hfb-mobile-header-display":"","site-post-title":"","ast-breadcrumbs-content":"","ast-featured-img":"","footer-sml-layout":"","theme-transparent-header-meta":"","adv-header-id-meta":"","stick-header-meta":"","header-above-stick-meta":"","header-main-stick-meta":"","header-below-stick-meta":""},"pwb-brand":[91],"product_cat":[37],"product_tag":[],"class_list":{"0":"post-42297","1":"product","2":"type-product","3":"status-publish","5":"pwb-brand-sachs","6":"product_cat-muut-luokat","7":"desktop-align-left","8":"tablet-align-left","9":"mobile-align-left","11":"first","12":"instock","13":"product-type-external"},"brands":[{"id":91,"name":"SACHS","slug":"sachs"}],"_links":{"self":[{"href":"https:\/\/www.autonvaraosahaku.fi\/index.php?rest_route=\/wp\/v2\/product\/42297","targetHints":{"allow":["GET"]}}],"collection":[{"href":"https:\/\/www.autonvaraosahaku.fi\/index.php?rest_route=\/wp\/v2\/product"}],"about":[{"href":"https:\/\/www.autonvaraosahaku.fi\/index.php?rest_route=\/wp\/v2\/types\/product"}],"wp:attachment":[{"href":"https:\/\/www.autonvaraosahaku.fi\/index.php?rest_route=%2Fwp%2Fv2%2Fmedia&parent=42297"}],"wp:term":[{"taxonomy":"pwb-brand","embeddable":true,"href":"https:\/\/www.autonvaraosahaku.fi\/index.php?rest_route=%2Fwp%2Fv2%2Fpwb-brand&post=42297"},{"taxonomy":"product_cat","embeddable":true,"href":"https:\/\/www.autonvaraosahaku.fi\/index.php?rest_route=%2Fwp%2Fv2%2Fproduct_cat&post=42297"},{"taxonomy":"product_tag","embeddable":true,"href":"https:\/\/www.autonvaraosahaku.fi\/index.php?rest_route=%2Fwp%2Fv2%2Fproduct_tag&post=42297"}],"curies":[{"name":"wp","href":"https:\/\/api.w.org\/{rel}","templated":true}]}}