{"id":42298,"date":"2021-02-21T16:53:42","date_gmt":"2021-02-21T16:53:42","guid":{"rendered":"https:\/\/www.autonvaraosahaku.fi\/?product=swf-119330-pyyhkijansulat"},"modified":"2021-02-21T16:53:46","modified_gmt":"2021-02-21T16:53:46","slug":"swf-119330-pyyhkijansulat","status":"publish","type":"product","link":"https:\/\/www.autonvaraosahaku.fi\/?product=swf-119330-pyyhkijansulat","title":{"rendered":"SWF 119330 Pyyhkij\u00e4nsulat"},"content":{"rendered":"<p>Vasen \/ oikea liikenne: Ohjaus vasemmalla; Asennuspuoli: Edess\u00e4; Pituus 1 (mm): 600; Pituus 2 (mm): 400; Pituus1\/pituus2 [tuuma]: 24\/16; Muotoilu: Spoilerilla; Paino [kg]: 0,3; Tuotelinja: VisioFlex; Pyyhkij\u00e4nsulkatyyppi: Rungottomat; Valmistusvuoteen: 07\/2012; CITRO\u00cbN: C3 Picasso,C-ELYSEE; PEUGEOT: 301; RENAULT: CLIO III BR0\/1, CR0\/1,MEGANE III Grandtour KZ0\/1,MEGANE III Schr\u00e4gheck BZ0_,MEGANE III Coupe DZ0\/1_,CLIO Grandtour KR0\/1_,MEGANE CC EZ0\/1_,FLUENCE L30_,CLIO III Kasten SB_, SR_; DS: DS 3,DS 3 Cabriolet; 6423J2, 6423J3, 6423K0, 6423K0, 288905755R, 288908041R, 288908085R, 7701071164, 7711421437; Tuulilasinpyyhkimet,Pyyhkij\u00e4t,Pyyhkij\u00e4nsulka<\/p>\n","protected":false},"excerpt":{"rendered":"<p>SWF Pyyhkij\u00e4nsulat 119330 Tuulilasinpyyhkimet,Pyyhkij\u00e4t CITRO\u00cbN,PEUGEOT,RENAULT,C3 Picasso,C-ELYSEE,301,CLIO III BR0\/1, CR0\/1<\/p>\n","protected":false},"featured_media":0,"template":"","meta":{"site-sidebar-layout":"default","site-content-layout":"default","ast-global-header-display":"","ast-main-header-display":"","ast-hfb-above-header-display":"","ast-hfb-below-header-display":"","ast-hfb-mobile-header-display":"","site-post-title":"","ast-breadcrumbs-content":"","ast-featured-img":"","footer-sml-layout":"","theme-transparent-header-meta":"","adv-header-id-meta":"","stick-header-meta":"","header-above-stick-meta":"","header-main-stick-meta":"","header-below-stick-meta":""},"pwb-brand":[204],"product_cat":[33],"product_tag":[],"class_list":{"0":"post-42298","1":"product","2":"type-product","3":"status-publish","5":"pwb-brand-swf","6":"product_cat-pyyhkijansulat","7":"desktop-align-left","8":"tablet-align-left","9":"mobile-align-left","11":"first","12":"instock","13":"product-type-external"},"brands":[{"id":204,"name":"SWF","slug":"swf"}],"_links":{"self":[{"href":"https:\/\/www.autonvaraosahaku.fi\/index.php?rest_route=\/wp\/v2\/product\/42298","targetHints":{"allow":["GET"]}}],"collection":[{"href":"https:\/\/www.autonvaraosahaku.fi\/index.php?rest_route=\/wp\/v2\/product"}],"about":[{"href":"https:\/\/www.autonvaraosahaku.fi\/index.php?rest_route=\/wp\/v2\/types\/product"}],"wp:attachment":[{"href":"https:\/\/www.autonvaraosahaku.fi\/index.php?rest_route=%2Fwp%2Fv2%2Fmedia&parent=42298"}],"wp:term":[{"taxonomy":"pwb-brand","embeddable":true,"href":"https:\/\/www.autonvaraosahaku.fi\/index.php?rest_route=%2Fwp%2Fv2%2Fpwb-brand&post=42298"},{"taxonomy":"product_cat","embeddable":true,"href":"https:\/\/www.autonvaraosahaku.fi\/index.php?rest_route=%2Fwp%2Fv2%2Fproduct_cat&post=42298"},{"taxonomy":"product_tag","embeddable":true,"href":"https:\/\/www.autonvaraosahaku.fi\/index.php?rest_route=%2Fwp%2Fv2%2Fproduct_tag&post=42298"}],"curies":[{"name":"wp","href":"https:\/\/api.w.org\/{rel}","templated":true}]}}