{"id":42306,"date":"2021-02-21T16:53:47","date_gmt":"2021-02-21T16:53:47","guid":{"rendered":"https:\/\/www.autonvaraosahaku.fi\/?product=swf-119278-pyyhkijansulat"},"modified":"2021-02-21T16:53:49","modified_gmt":"2021-02-21T16:53:49","slug":"swf-119278-pyyhkijansulat","status":"publish","type":"product","link":"https:\/\/www.autonvaraosahaku.fi\/?product=swf-119278-pyyhkijansulat","title":{"rendered":"SWF 119278 Pyyhkij\u00e4nsulat"},"content":{"rendered":"<p>Vasen \/ oikea liikenne: Ohjaus vasemmalla; Asennuspuoli: Edess\u00e4; M\u00e4\u00e4r\u00e4: 2, 2; Pituus 1 (mm): 650; Pituus 2 (mm): 350; Pituus1\/pituus2 [tuuma]: 26\/14; Muotoilu: Spoilerilla; Paino [kg]: 0,29; Tuotelinja: VisioFlex; Pyyhkij\u00e4nsulkatyyppi: Rungottomat; Oviluku: 5; CHEVROLET: TRAX; NISSAN: PULSAR Schr\u00e4gheck C13; KIA: VENGA YN; HYUNDAI: ix20 JC; OPEL: MOKKA; FIAT: 500L,500X; VAUXHALL: MOKKA; 95423458, 95423459, 983501J000, 983501P000, 983601J000, 983601P000, 983501P000, 983601P000, 1272092; Tuulilasinpyyhkimet,Pyyhkij\u00e4t,Pyyhkij\u00e4nsulka<\/p>\n","protected":false},"excerpt":{"rendered":"<p>SWF Pyyhkij\u00e4nsulat 119278 Tuulilasinpyyhkimet,Pyyhkij\u00e4t CHEVROLET,NISSAN,KIA,TRAX,PULSAR Schr\u00e4gheck C13,VENGA YN,ix20 JC,MOKKA,500L,500X,MOKKA<\/p>\n","protected":false},"featured_media":0,"template":"","meta":{"site-sidebar-layout":"default","site-content-layout":"default","ast-global-header-display":"","ast-main-header-display":"","ast-hfb-above-header-display":"","ast-hfb-below-header-display":"","ast-hfb-mobile-header-display":"","site-post-title":"","ast-breadcrumbs-content":"","ast-featured-img":"","footer-sml-layout":"","theme-transparent-header-meta":"","adv-header-id-meta":"","stick-header-meta":"","header-above-stick-meta":"","header-main-stick-meta":"","header-below-stick-meta":""},"pwb-brand":[204],"product_cat":[33],"product_tag":[],"class_list":{"0":"post-42306","1":"product","2":"type-product","3":"status-publish","5":"pwb-brand-swf","6":"product_cat-pyyhkijansulat","7":"desktop-align-left","8":"tablet-align-left","9":"mobile-align-left","11":"first","12":"instock","13":"product-type-external"},"brands":[{"id":204,"name":"SWF","slug":"swf"}],"_links":{"self":[{"href":"https:\/\/www.autonvaraosahaku.fi\/index.php?rest_route=\/wp\/v2\/product\/42306","targetHints":{"allow":["GET"]}}],"collection":[{"href":"https:\/\/www.autonvaraosahaku.fi\/index.php?rest_route=\/wp\/v2\/product"}],"about":[{"href":"https:\/\/www.autonvaraosahaku.fi\/index.php?rest_route=\/wp\/v2\/types\/product"}],"wp:attachment":[{"href":"https:\/\/www.autonvaraosahaku.fi\/index.php?rest_route=%2Fwp%2Fv2%2Fmedia&parent=42306"}],"wp:term":[{"taxonomy":"pwb-brand","embeddable":true,"href":"https:\/\/www.autonvaraosahaku.fi\/index.php?rest_route=%2Fwp%2Fv2%2Fpwb-brand&post=42306"},{"taxonomy":"product_cat","embeddable":true,"href":"https:\/\/www.autonvaraosahaku.fi\/index.php?rest_route=%2Fwp%2Fv2%2Fproduct_cat&post=42306"},{"taxonomy":"product_tag","embeddable":true,"href":"https:\/\/www.autonvaraosahaku.fi\/index.php?rest_route=%2Fwp%2Fv2%2Fproduct_tag&post=42306"}],"curies":[{"name":"wp","href":"https:\/\/api.w.org\/{rel}","templated":true}]}}