{"id":42327,"date":"2021-02-21T16:53:52","date_gmt":"2021-02-21T16:53:52","guid":{"rendered":"https:\/\/www.autonvaraosahaku.fi\/?product=gates-t36175-ohjainrulla"},"modified":"2021-02-21T16:53:54","modified_gmt":"2021-02-21T16:53:54","slug":"gates-t36175-ohjainrulla","status":"publish","type":"product","link":"https:\/\/www.autonvaraosahaku.fi\/?product=gates-t36175-ohjainrulla","title":{"rendered":"GATES T36175 Ohjainrulla"},"content":{"rendered":"<p>Materiaali: Metalli; Rihloja (kpl): 0; Ulkol\u00e4pimitta [mm]: 70; Sis\u00e4l\u00e4pimitta [mm]: 8; Leveys (mm): 25; Tuotelinja: FleetRunner\u2122 Micro-V\u00ae Kit; Valmistusvuosi alkaen: 01\/1995; MAZDA: 121 III JASM, JBSM; FORD: FOCUS Kombi DNW,FOCUS DAW, DBW,GALAXY WGR,FIESTA IV JA_, JB_,KA RB_,FOCUS Stufenheck DFW,FIESTA III GFJ,PUMA EC_,ESCORT VII GAL, AAL, ABL,ESCORT VII Kombi GAL, ANL,ESCORT VII Cabriolet ALL,FIESTA Kasten J5_, J3_,ESCORT VII Stufenheck GAL, AFL,FIESTA Kasten JV_,KA Van RB,ESCORT CLASSIC AAL, ABL,ESCORT CLASSIC Turnier ANL; 1072321, 1112807, 1139951, 1763647, 7109163, 95WF19A216AC, 95WF19A216AD, YS4E19A216AA, YS4E19A216AB, 1E0315930, 1E0315930A; Ohjainrulla, Moniurahihna<\/p>\n","protected":false},"excerpt":{"rendered":"<p>GATES Ohjainrulla T36175 Ohjainrulla, Moniurahihna MAZDA,FORD,121 III JASM, JBSM,FOCUS Kombi DNW,FOCUS DAW, DBW,GALAXY WGR,FIESTA IV JA_, JB_,KA RB_<\/p>\n","protected":false},"featured_media":0,"template":"","meta":{"site-sidebar-layout":"default","site-content-layout":"default","ast-global-header-display":"","ast-main-header-display":"","ast-hfb-above-header-display":"","ast-hfb-below-header-display":"","ast-hfb-mobile-header-display":"","site-post-title":"","ast-breadcrumbs-content":"","ast-featured-img":"","footer-sml-layout":"","theme-transparent-header-meta":"","adv-header-id-meta":"","stick-header-meta":"","header-above-stick-meta":"","header-main-stick-meta":"","header-below-stick-meta":""},"pwb-brand":[22],"product_cat":[308],"product_tag":[],"class_list":{"0":"post-42327","1":"product","2":"type-product","3":"status-publish","5":"pwb-brand-gates","6":"product_cat-ohjainrulla","7":"desktop-align-left","8":"tablet-align-left","9":"mobile-align-left","11":"first","12":"instock","13":"product-type-external"},"brands":[{"id":22,"name":"GATES","slug":"gates"}],"_links":{"self":[{"href":"https:\/\/www.autonvaraosahaku.fi\/index.php?rest_route=\/wp\/v2\/product\/42327","targetHints":{"allow":["GET"]}}],"collection":[{"href":"https:\/\/www.autonvaraosahaku.fi\/index.php?rest_route=\/wp\/v2\/product"}],"about":[{"href":"https:\/\/www.autonvaraosahaku.fi\/index.php?rest_route=\/wp\/v2\/types\/product"}],"wp:attachment":[{"href":"https:\/\/www.autonvaraosahaku.fi\/index.php?rest_route=%2Fwp%2Fv2%2Fmedia&parent=42327"}],"wp:term":[{"taxonomy":"pwb-brand","embeddable":true,"href":"https:\/\/www.autonvaraosahaku.fi\/index.php?rest_route=%2Fwp%2Fv2%2Fpwb-brand&post=42327"},{"taxonomy":"product_cat","embeddable":true,"href":"https:\/\/www.autonvaraosahaku.fi\/index.php?rest_route=%2Fwp%2Fv2%2Fproduct_cat&post=42327"},{"taxonomy":"product_tag","embeddable":true,"href":"https:\/\/www.autonvaraosahaku.fi\/index.php?rest_route=%2Fwp%2Fv2%2Fproduct_tag&post=42327"}],"curies":[{"name":"wp","href":"https:\/\/api.w.org\/{rel}","templated":true}]}}