{"id":42355,"date":"2021-02-21T16:53:58","date_gmt":"2021-02-21T16:53:58","guid":{"rendered":"https:\/\/www.autonvaraosahaku.fi\/?product=sachs-802-094-jousijalan-tukilaakeri"},"modified":"2021-02-21T16:54:01","modified_gmt":"2021-02-21T16:54:01","slug":"sachs-802-094-jousijalan-tukilaakeri","status":"publish","type":"product","link":"https:\/\/www.autonvaraosahaku.fi\/?product=sachs-802-094-jousijalan-tukilaakeri","title":{"rendered":"SACHS 802 094 Jousijalan tukilaakeri"},"content":{"rendered":"<p>Lukum\u00e4\u00e4r\u00e4 akselille: 2; Asennuspuoli: Hinterachse; HONDA: ACCORD VII CL,CIVIC VI Hatchback EJ, EK,ACCORD VII Tourer CM,ACCORD VI CG, CK,CIVIC VI Fastback MA, MB,CRX III EH, EG,CIVIC VI Aerodeck MB, MC,CR-V I RD,CIVIC V Hatchback EG,PRELUDE V BB,ACCORD VI Hatchback CH,ACCORD VI Coupe CG,CIVIC IV Hatchback EC, ED, EE,ACCORD V CE, CF,CIVIC VI Stufenheck EJ, EK,PRELUDE IV BB,SHUTTLE RA,INTEGRA Coupe DC2, DC4,CIVIC V Coupe EJ,PRELUDE III BA,ACCORD IV CB,CIVIC V Stufenheck EG, EH,ACCORD V Aerodeck CE,ACCORD V CC, CD,ACCORD V Coupe CD,CONCERTO HW,CIVIC IV Stufenheck ED,PRELUDE II AB,ACCORD III CA,ACCORD IV Aerodeck CB,CONCERTO Stufenheck HWW,ACCORD III Aerodeck CA,ACCORD VII CM,PRELUDE I Coupe SN,ACCORD IV Coupe CB, CC,LEGEND I Coupe KA3,ACCORD VI Aerodeck CF,CIVIC II Shuttle EE,LEGEND I HS, KA; ROVER: 25 RF,200 RF,45 Stufenheck RT,600 RH,45 RT,400 RT,CABRIOLET XW,400 Hatchback RT,200 Hatchback XW,200 Coupe XW,400 XW; 52725SK3000, RPU100050<\/p>\n","protected":false},"excerpt":{"rendered":"<p>SACHS Korjaussarja, Jousijalan Tukilaakeri 802 094  HONDA,ROVER,ACCORD VII CL,CIVIC VI Hatchback EJ, EK,ACCORD VII Tourer CM,ACCORD VI CG, CK<\/p>\n","protected":false},"featured_media":0,"template":"","meta":{"site-sidebar-layout":"default","site-content-layout":"default","ast-global-header-display":"","ast-main-header-display":"","ast-hfb-above-header-display":"","ast-hfb-below-header-display":"","ast-hfb-mobile-header-display":"","site-post-title":"","ast-breadcrumbs-content":"","ast-featured-img":"","footer-sml-layout":"","theme-transparent-header-meta":"","adv-header-id-meta":"","stick-header-meta":"","header-above-stick-meta":"","header-main-stick-meta":"","header-below-stick-meta":""},"pwb-brand":[91],"product_cat":[45],"product_tag":[],"class_list":{"0":"post-42355","1":"product","2":"type-product","3":"status-publish","5":"pwb-brand-sachs","6":"product_cat-jousijalan-tukilaakeri","7":"desktop-align-left","8":"tablet-align-left","9":"mobile-align-left","11":"first","12":"instock","13":"product-type-external"},"brands":[{"id":91,"name":"SACHS","slug":"sachs"}],"_links":{"self":[{"href":"https:\/\/www.autonvaraosahaku.fi\/index.php?rest_route=\/wp\/v2\/product\/42355","targetHints":{"allow":["GET"]}}],"collection":[{"href":"https:\/\/www.autonvaraosahaku.fi\/index.php?rest_route=\/wp\/v2\/product"}],"about":[{"href":"https:\/\/www.autonvaraosahaku.fi\/index.php?rest_route=\/wp\/v2\/types\/product"}],"wp:attachment":[{"href":"https:\/\/www.autonvaraosahaku.fi\/index.php?rest_route=%2Fwp%2Fv2%2Fmedia&parent=42355"}],"wp:term":[{"taxonomy":"pwb-brand","embeddable":true,"href":"https:\/\/www.autonvaraosahaku.fi\/index.php?rest_route=%2Fwp%2Fv2%2Fpwb-brand&post=42355"},{"taxonomy":"product_cat","embeddable":true,"href":"https:\/\/www.autonvaraosahaku.fi\/index.php?rest_route=%2Fwp%2Fv2%2Fproduct_cat&post=42355"},{"taxonomy":"product_tag","embeddable":true,"href":"https:\/\/www.autonvaraosahaku.fi\/index.php?rest_route=%2Fwp%2Fv2%2Fproduct_tag&post=42355"}],"curies":[{"name":"wp","href":"https:\/\/api.w.org\/{rel}","templated":true}]}}