{"id":42376,"date":"2021-02-21T16:54:03","date_gmt":"2021-02-21T16:54:03","guid":{"rendered":"https:\/\/www.autonvaraosahaku.fi\/?product=bremi-20157-sytytyspuola"},"modified":"2021-02-21T16:54:07","modified_gmt":"2021-02-21T16:54:07","slug":"bremi-20157-sytytyspuola","status":"publish","type":"product","link":"https:\/\/www.autonvaraosahaku.fi\/?product=bremi-20157-sytytyspuola","title":{"rendered":"BREMI 20157 Sytytyspuola"},"content":{"rendered":"<p>Asennusmalli: Uraliittimell\u00e4; J\u00e4nnite (V): 12; Sytytyspuola: Suorasytytyspuolamoduuli; Tarvittava kappalem\u00e4\u00e4r\u00e4: 3; SMART: CITY-COUPE 450,CABRIO 450,FORTWO Coupe 450,ROADSTER 452,FORTWO Cabrio 450,ROADSTER Coupe 452,CROSSBLADE 450; 0001587703, A0001587703, 0003100V003, 0003100V004, 0003100V005, 0003100V005000000, 1601587703, A1601587703, Q0003100V005000000<\/p>\n","protected":false},"excerpt":{"rendered":"<p>BREMI Sytytyspuola 20157  SMART,CITY-COUPE 450,CABRIO 450,FORTWO Coupe 450,ROADSTER 452,FORTWO Cabrio 450,ROADSTER Coupe 452,CROSSBLADE 450<\/p>\n","protected":false},"featured_media":0,"template":"","meta":{"site-sidebar-layout":"default","site-content-layout":"default","ast-global-header-display":"","ast-main-header-display":"","ast-hfb-above-header-display":"","ast-hfb-below-header-display":"","ast-hfb-mobile-header-display":"","site-post-title":"","ast-breadcrumbs-content":"","ast-featured-img":"","footer-sml-layout":"","theme-transparent-header-meta":"","adv-header-id-meta":"","stick-header-meta":"","header-above-stick-meta":"","header-main-stick-meta":"","header-below-stick-meta":""},"pwb-brand":[480],"product_cat":[25],"product_tag":[],"class_list":{"0":"post-42376","1":"product","2":"type-product","3":"status-publish","5":"pwb-brand-bremi","6":"product_cat-sytytyspuola","7":"desktop-align-left","8":"tablet-align-left","9":"mobile-align-left","11":"first","12":"instock","13":"product-type-external"},"brands":[{"id":480,"name":"BREMI","slug":"bremi"}],"_links":{"self":[{"href":"https:\/\/www.autonvaraosahaku.fi\/index.php?rest_route=\/wp\/v2\/product\/42376","targetHints":{"allow":["GET"]}}],"collection":[{"href":"https:\/\/www.autonvaraosahaku.fi\/index.php?rest_route=\/wp\/v2\/product"}],"about":[{"href":"https:\/\/www.autonvaraosahaku.fi\/index.php?rest_route=\/wp\/v2\/types\/product"}],"wp:attachment":[{"href":"https:\/\/www.autonvaraosahaku.fi\/index.php?rest_route=%2Fwp%2Fv2%2Fmedia&parent=42376"}],"wp:term":[{"taxonomy":"pwb-brand","embeddable":true,"href":"https:\/\/www.autonvaraosahaku.fi\/index.php?rest_route=%2Fwp%2Fv2%2Fpwb-brand&post=42376"},{"taxonomy":"product_cat","embeddable":true,"href":"https:\/\/www.autonvaraosahaku.fi\/index.php?rest_route=%2Fwp%2Fv2%2Fproduct_cat&post=42376"},{"taxonomy":"product_tag","embeddable":true,"href":"https:\/\/www.autonvaraosahaku.fi\/index.php?rest_route=%2Fwp%2Fv2%2Fproduct_tag&post=42376"}],"curies":[{"name":"wp","href":"https:\/\/api.w.org\/{rel}","templated":true}]}}