{"id":42420,"date":"2021-02-21T16:54:19","date_gmt":"2021-02-21T16:54:19","guid":{"rendered":"https:\/\/www.autonvaraosahaku.fi\/?product=lobro-300535-vetonivelen-suojakumi"},"modified":"2021-02-21T16:54:19","modified_gmt":"2021-02-21T16:54:19","slug":"lobro-300535-vetonivelen-suojakumi","status":"publish","type":"product","link":"https:\/\/www.autonvaraosahaku.fi\/?product=lobro-300535-vetonivelen-suojakumi","title":{"rendered":"L\u00d6BRO 300535 Vetonivelen suojakumi"},"content":{"rendered":"<p>Sis\u00e4l\u00e4pimitta 1 [mm]: 24; Sis\u00e4l\u00e4pimitta 2 [mm]: 56; Korkeus (mm): 102,00; Korvaava tuote\/korvaava tiedote 2: Ruuvilla; Kierremitta: M10x1,5&#215;48; Paljekumin materiaali: NBR (nitriili-butadi-kumi); Uusi osa: ; Rakennemalli: Caravelle; VW: TRANSPORTER IV Bus 70XB, 70XC, 7DB, 7DW,TRANSPORTER IV Kasten 70XA,TRANSPORTER IV Pritsche\/Fahrgestell 70XD; 701498201, 701498201, 701498201, 701498201<\/p>\n","protected":false},"excerpt":{"rendered":"<p>L\u00d6BRO Paljekumisarja, Vetoakseli 300535  VW,TRANSPORTER IV Bus 70XB, 70XC, 7DB, 7DW,TRANSPORTER IV Kasten 70XA<\/p>\n","protected":false},"featured_media":0,"template":"","meta":{"site-sidebar-layout":"default","site-content-layout":"default","ast-global-header-display":"","ast-main-header-display":"","ast-hfb-above-header-display":"","ast-hfb-below-header-display":"","ast-hfb-mobile-header-display":"","site-post-title":"","ast-breadcrumbs-content":"","ast-featured-img":"","footer-sml-layout":"","theme-transparent-header-meta":"","adv-header-id-meta":"","stick-header-meta":"","header-above-stick-meta":"","header-main-stick-meta":"","header-below-stick-meta":""},"pwb-brand":[272],"product_cat":[42],"product_tag":[],"class_list":{"0":"post-42420","1":"product","2":"type-product","3":"status-publish","5":"pwb-brand-lobro","6":"product_cat-vetonivelen-suojakumi","7":"desktop-align-left","8":"tablet-align-left","9":"mobile-align-left","11":"first","12":"instock","13":"product-type-external"},"brands":[{"id":272,"name":"L\u00d6BRO","slug":"lobro"}],"_links":{"self":[{"href":"https:\/\/www.autonvaraosahaku.fi\/index.php?rest_route=\/wp\/v2\/product\/42420","targetHints":{"allow":["GET"]}}],"collection":[{"href":"https:\/\/www.autonvaraosahaku.fi\/index.php?rest_route=\/wp\/v2\/product"}],"about":[{"href":"https:\/\/www.autonvaraosahaku.fi\/index.php?rest_route=\/wp\/v2\/types\/product"}],"wp:attachment":[{"href":"https:\/\/www.autonvaraosahaku.fi\/index.php?rest_route=%2Fwp%2Fv2%2Fmedia&parent=42420"}],"wp:term":[{"taxonomy":"pwb-brand","embeddable":true,"href":"https:\/\/www.autonvaraosahaku.fi\/index.php?rest_route=%2Fwp%2Fv2%2Fpwb-brand&post=42420"},{"taxonomy":"product_cat","embeddable":true,"href":"https:\/\/www.autonvaraosahaku.fi\/index.php?rest_route=%2Fwp%2Fv2%2Fproduct_cat&post=42420"},{"taxonomy":"product_tag","embeddable":true,"href":"https:\/\/www.autonvaraosahaku.fi\/index.php?rest_route=%2Fwp%2Fv2%2Fproduct_tag&post=42420"}],"curies":[{"name":"wp","href":"https:\/\/api.w.org\/{rel}","templated":true}]}}