{"id":42427,"date":"2021-02-21T16:54:19","date_gmt":"2021-02-21T16:54:19","guid":{"rendered":"https:\/\/www.autonvaraosahaku.fi\/?product=goetze-engine-08-783800-00-mannanrenkaat"},"modified":"2021-02-21T16:54:20","modified_gmt":"2021-02-21T16:54:20","slug":"goetze-engine-08-783800-00-mannanrenkaat","status":"publish","type":"product","link":"https:\/\/www.autonvaraosahaku.fi\/?product=goetze-engine-08-783800-00-mannanrenkaat","title":{"rendered":"GOETZE ENGINE 08-783800-00 M\u00e4nn\u00e4nrenkaat"},"content":{"rendered":"<p>Sylinterin halkaisija [mm]: 82,60; Vaihtoehtoisesti: ; Komponenttinumero: 2.0mm 005IFU P F14, 3.0mm 008 MOL P KV1, 3.0mm 231 CR P GOE13; Vakiomitta (STD): ; TECDOC-moottorinumero: 140; LANCIA: DELTA I 831AB0,DELTA II 836,DEDRA 835,DEDRA SW 835,PRISMA 831AB0; ALFA ROMEO: 145 930,155 167,146 930,AR 6 Bus 280,AR 6 Kasten 280; FIAT: DUCATO Pritsche\/Fahrgestell 230,DUCATO Bus 230,PUNTO 176,DUCATO Kasten 290,DUCATO Pritsche\/Fahrgestell 290,DUCATO Kasten 230L,DUCATO Kasten 280,DUCATO Pritsche\/Fahrgestell 280,STRADA Pick-up 178E,DUCATO Panorama 280,DUCATO Panorama 290,PALIO Weekend 178DX,FIORINO Kasten 146,TIPO 160,TEMPRA 159,PUNTO Van 176L,TEMPRA S.W. 159,FIORINO Pick up 146,PALIO 178BX,SIENA 178_; 5888252, 5893685, 589417; M\u00e4nn\u00e4nrengassarja<\/p>\n","protected":false},"excerpt":{"rendered":"<p>GOETZE ENGINE M\u00e4nn\u00e4nrenkaat 08-783800-00 M\u00e4nn\u00e4nrengassarja LANCIA,ALFA ROMEO,FIAT,DELTA I 831AB0,DELTA II 836,DEDRA 835,DEDRA SW 835,PRISMA 831AB0<\/p>\n","protected":false},"featured_media":0,"template":"","meta":{"site-sidebar-layout":"default","site-content-layout":"default","ast-global-header-display":"","ast-main-header-display":"","ast-hfb-above-header-display":"","ast-hfb-below-header-display":"","ast-hfb-mobile-header-display":"","site-post-title":"","ast-breadcrumbs-content":"","ast-featured-img":"","footer-sml-layout":"","theme-transparent-header-meta":"","adv-header-id-meta":"","stick-header-meta":"","header-above-stick-meta":"","header-main-stick-meta":"","header-below-stick-meta":""},"pwb-brand":[224],"product_cat":[154],"product_tag":[],"class_list":{"0":"post-42427","1":"product","2":"type-product","3":"status-publish","5":"pwb-brand-goetze-engine","6":"product_cat-mannanrenkaat","7":"desktop-align-left","8":"tablet-align-left","9":"mobile-align-left","11":"first","12":"instock","13":"product-type-external"},"brands":[{"id":224,"name":"GOETZE ENGINE","slug":"goetze-engine"}],"_links":{"self":[{"href":"https:\/\/www.autonvaraosahaku.fi\/index.php?rest_route=\/wp\/v2\/product\/42427","targetHints":{"allow":["GET"]}}],"collection":[{"href":"https:\/\/www.autonvaraosahaku.fi\/index.php?rest_route=\/wp\/v2\/product"}],"about":[{"href":"https:\/\/www.autonvaraosahaku.fi\/index.php?rest_route=\/wp\/v2\/types\/product"}],"wp:attachment":[{"href":"https:\/\/www.autonvaraosahaku.fi\/index.php?rest_route=%2Fwp%2Fv2%2Fmedia&parent=42427"}],"wp:term":[{"taxonomy":"pwb-brand","embeddable":true,"href":"https:\/\/www.autonvaraosahaku.fi\/index.php?rest_route=%2Fwp%2Fv2%2Fpwb-brand&post=42427"},{"taxonomy":"product_cat","embeddable":true,"href":"https:\/\/www.autonvaraosahaku.fi\/index.php?rest_route=%2Fwp%2Fv2%2Fproduct_cat&post=42427"},{"taxonomy":"product_tag","embeddable":true,"href":"https:\/\/www.autonvaraosahaku.fi\/index.php?rest_route=%2Fwp%2Fv2%2Fproduct_tag&post=42427"}],"curies":[{"name":"wp","href":"https:\/\/api.w.org\/{rel}","templated":true}]}}