{"id":42500,"date":"2021-02-21T16:54:40","date_gmt":"2021-02-21T16:54:40","guid":{"rendered":"https:\/\/www.autonvaraosahaku.fi\/?product=ernst-499804-pakoputken-asennussarja"},"modified":"2021-02-21T16:54:41","modified_gmt":"2021-02-21T16:54:41","slug":"ernst-499804-pakoputken-asennussarja","status":"publish","type":"product","link":"https:\/\/www.autonvaraosahaku.fi\/?product=ernst-499804-pakoputken-asennussarja","title":{"rendered":"ERNST 499804 Pakoputken asennussarja"},"content":{"rendered":"<p>L\u00e4pimitta [mm]: 45,0; Putkiliitokset: U-kiristin; Kierremitta: M10; Putki-\u00d8 (mm): 42,0; Pakoputkisto: f\u00fcr Abgasrohr; NISSAN: MICRA III K12,NOTE E11,MICRA C+C K12; LANCIA: Y10 156; RENAULT: TWINGO I C06_; FIAT: STILO 192,PUNTO 176,PANDA 141A_,PUNTO Cabriolet 176C,PANDA Van 141_; 1096820; Putkenliitin, Pakoputkisto<\/p>\n","protected":false},"excerpt":{"rendered":"<p>ERNST Pakoputken Kiristin 499804 Putkenliitin, Pakoputkisto NISSAN,LANCIA,RENAULT,MICRA III K12,NOTE E11,MICRA C+C K12,Y10 156,TWINGO I C06_,STILO 192<\/p>\n","protected":false},"featured_media":0,"template":"","meta":{"site-sidebar-layout":"default","site-content-layout":"default","ast-global-header-display":"","ast-main-header-display":"","ast-hfb-above-header-display":"","ast-hfb-below-header-display":"","ast-hfb-mobile-header-display":"","site-post-title":"","ast-breadcrumbs-content":"","ast-featured-img":"","footer-sml-layout":"","theme-transparent-header-meta":"","adv-header-id-meta":"","stick-header-meta":"","header-above-stick-meta":"","header-main-stick-meta":"","header-below-stick-meta":""},"pwb-brand":[63],"product_cat":[101],"product_tag":[],"class_list":{"0":"post-42500","1":"product","2":"type-product","3":"status-publish","5":"pwb-brand-ernst","6":"product_cat-pakoputken-asennussarja","7":"desktop-align-left","8":"tablet-align-left","9":"mobile-align-left","11":"first","12":"instock","13":"product-type-external"},"brands":[{"id":63,"name":"ERNST","slug":"ernst"}],"_links":{"self":[{"href":"https:\/\/www.autonvaraosahaku.fi\/index.php?rest_route=\/wp\/v2\/product\/42500","targetHints":{"allow":["GET"]}}],"collection":[{"href":"https:\/\/www.autonvaraosahaku.fi\/index.php?rest_route=\/wp\/v2\/product"}],"about":[{"href":"https:\/\/www.autonvaraosahaku.fi\/index.php?rest_route=\/wp\/v2\/types\/product"}],"wp:attachment":[{"href":"https:\/\/www.autonvaraosahaku.fi\/index.php?rest_route=%2Fwp%2Fv2%2Fmedia&parent=42500"}],"wp:term":[{"taxonomy":"pwb-brand","embeddable":true,"href":"https:\/\/www.autonvaraosahaku.fi\/index.php?rest_route=%2Fwp%2Fv2%2Fpwb-brand&post=42500"},{"taxonomy":"product_cat","embeddable":true,"href":"https:\/\/www.autonvaraosahaku.fi\/index.php?rest_route=%2Fwp%2Fv2%2Fproduct_cat&post=42500"},{"taxonomy":"product_tag","embeddable":true,"href":"https:\/\/www.autonvaraosahaku.fi\/index.php?rest_route=%2Fwp%2Fv2%2Fproduct_tag&post=42500"}],"curies":[{"name":"wp","href":"https:\/\/api.w.org\/{rel}","templated":true}]}}