{"id":42525,"date":"2021-02-21T16:54:45","date_gmt":"2021-02-21T16:54:45","guid":{"rendered":"https:\/\/www.autonvaraosahaku.fi\/?product=valeo-818259-valijaahdytin"},"modified":"2021-02-21T16:54:47","modified_gmt":"2021-02-21T16:54:47","slug":"valeo-818259-valijaahdytin","status":"publish","type":"product","link":"https:\/\/www.autonvaraosahaku.fi\/?product=valeo-818259-valijaahdytin","title":{"rendered":"VALEO 818259 V\u00e4lij\u00e4\u00e4hdytin"},"content":{"rendered":"<p>J\u00e4\u00e4hdytinverkon pituus [mm]: 133,3; Korkeus (mm): 495; Materiaali: Alumiini; Paino [kg]: 3,97; Valmistusvuoteen: 02\/2015; BMW: 1 F20,3 Touring F31,3 F30, F35, F80,1 F21,3 Gran Turismo F34,4 Coupe F32, F82,2 Coupe F22,4 Cabriolet F33, F83,4 Gran Coupe F36,2 Cabriolet F23; 17517005530, 17517600530, 7600530, 760053002<\/p>\n","protected":false},"excerpt":{"rendered":"<p>VALEO V\u00e4lij\u00e4\u00e4hdytin 818259  BMW,1 F20,3 Touring F31,3 F30, F35, F80,1 F21,3 Gran Turismo F34,4 Coupe F32, F82,2 Coupe F22,4 Cabriolet F33, F83<\/p>\n","protected":false},"featured_media":0,"template":"","meta":{"site-sidebar-layout":"default","site-content-layout":"default","ast-global-header-display":"","ast-main-header-display":"","ast-hfb-above-header-display":"","ast-hfb-below-header-display":"","ast-hfb-mobile-header-display":"","site-post-title":"","ast-breadcrumbs-content":"","ast-featured-img":"","footer-sml-layout":"","theme-transparent-header-meta":"","adv-header-id-meta":"","stick-header-meta":"","header-above-stick-meta":"","header-main-stick-meta":"","header-below-stick-meta":""},"pwb-brand":[28],"product_cat":[234],"product_tag":[],"class_list":{"0":"post-42525","1":"product","2":"type-product","3":"status-publish","5":"pwb-brand-valeo","6":"product_cat-valijaahdytin","7":"desktop-align-left","8":"tablet-align-left","9":"mobile-align-left","11":"first","12":"instock","13":"product-type-external"},"brands":[{"id":28,"name":"VALEO","slug":"valeo"}],"_links":{"self":[{"href":"https:\/\/www.autonvaraosahaku.fi\/index.php?rest_route=\/wp\/v2\/product\/42525","targetHints":{"allow":["GET"]}}],"collection":[{"href":"https:\/\/www.autonvaraosahaku.fi\/index.php?rest_route=\/wp\/v2\/product"}],"about":[{"href":"https:\/\/www.autonvaraosahaku.fi\/index.php?rest_route=\/wp\/v2\/types\/product"}],"wp:attachment":[{"href":"https:\/\/www.autonvaraosahaku.fi\/index.php?rest_route=%2Fwp%2Fv2%2Fmedia&parent=42525"}],"wp:term":[{"taxonomy":"pwb-brand","embeddable":true,"href":"https:\/\/www.autonvaraosahaku.fi\/index.php?rest_route=%2Fwp%2Fv2%2Fpwb-brand&post=42525"},{"taxonomy":"product_cat","embeddable":true,"href":"https:\/\/www.autonvaraosahaku.fi\/index.php?rest_route=%2Fwp%2Fv2%2Fproduct_cat&post=42525"},{"taxonomy":"product_tag","embeddable":true,"href":"https:\/\/www.autonvaraosahaku.fi\/index.php?rest_route=%2Fwp%2Fv2%2Fproduct_tag&post=42525"}],"curies":[{"name":"wp","href":"https:\/\/api.w.org\/{rel}","templated":true}]}}