{"id":42527,"date":"2021-02-21T16:54:45","date_gmt":"2021-02-21T16:54:45","guid":{"rendered":"https:\/\/www.autonvaraosahaku.fi\/?product=valeo-818246-valijaahdytin"},"modified":"2021-02-21T16:54:47","modified_gmt":"2021-02-21T16:54:47","slug":"valeo-818246-valijaahdytin","status":"publish","type":"product","link":"https:\/\/www.autonvaraosahaku.fi\/?product=valeo-818246-valijaahdytin","title":{"rendered":"VALEO 818246 V\u00e4lij\u00e4\u00e4hdytin"},"content":{"rendered":"<p>J\u00e4\u00e4hdytinverkon syvyys [mm]: 40; J\u00e4\u00e4hdytinverkon pituus [mm]: 658; Korkeus (mm): 147,7; Ulostulon l\u00e4pimitta [mm]: 50; J\u00e4\u00e4hdytystapa: Ilmaj\u00e4\u00e4hdytteinen; Paino [kg]: 3,5; Valmistusvuosi alkaen: 09\/2010; VOLVO: V70 III BW,V60,S80 II AS,S60 II; FORD: FOCUS II Kombi DA_,MONDEO IV Turnier BA7,FOCUS II DA_,S-MAX WA6,FOCUS C-MAX,GALAXY WA6,KUGA I,C-MAX DM2,MONDEO IV BA7,FOCUS II Stufenheck DA_,FOCUS II Cabriolet,MONDEO IV Stufenheck BA7; 1423852, 1429405, 1429406, 1539581, 1594851, 1742060, 31338471, 6G919L440AF, 30671324, 31338471<\/p>\n","protected":false},"excerpt":{"rendered":"<p>VALEO V\u00e4lij\u00e4\u00e4hdytin 818246  VOLVO,FORD,V70 III BW,V60,S80 II AS,S60 II,FOCUS II Kombi DA_,MONDEO IV Turnier BA7,FOCUS II DA_,S-MAX WA6,FOCUS C-MAX<\/p>\n","protected":false},"featured_media":0,"template":"","meta":{"site-sidebar-layout":"default","site-content-layout":"default","ast-global-header-display":"","ast-main-header-display":"","ast-hfb-above-header-display":"","ast-hfb-below-header-display":"","ast-hfb-mobile-header-display":"","site-post-title":"","ast-breadcrumbs-content":"","ast-featured-img":"","footer-sml-layout":"","theme-transparent-header-meta":"","adv-header-id-meta":"","stick-header-meta":"","header-above-stick-meta":"","header-main-stick-meta":"","header-below-stick-meta":""},"pwb-brand":[28],"product_cat":[234],"product_tag":[],"class_list":{"0":"post-42527","1":"product","2":"type-product","3":"status-publish","5":"pwb-brand-valeo","6":"product_cat-valijaahdytin","7":"desktop-align-left","8":"tablet-align-left","9":"mobile-align-left","11":"first","12":"instock","13":"product-type-external"},"brands":[{"id":28,"name":"VALEO","slug":"valeo"}],"_links":{"self":[{"href":"https:\/\/www.autonvaraosahaku.fi\/index.php?rest_route=\/wp\/v2\/product\/42527","targetHints":{"allow":["GET"]}}],"collection":[{"href":"https:\/\/www.autonvaraosahaku.fi\/index.php?rest_route=\/wp\/v2\/product"}],"about":[{"href":"https:\/\/www.autonvaraosahaku.fi\/index.php?rest_route=\/wp\/v2\/types\/product"}],"wp:attachment":[{"href":"https:\/\/www.autonvaraosahaku.fi\/index.php?rest_route=%2Fwp%2Fv2%2Fmedia&parent=42527"}],"wp:term":[{"taxonomy":"pwb-brand","embeddable":true,"href":"https:\/\/www.autonvaraosahaku.fi\/index.php?rest_route=%2Fwp%2Fv2%2Fpwb-brand&post=42527"},{"taxonomy":"product_cat","embeddable":true,"href":"https:\/\/www.autonvaraosahaku.fi\/index.php?rest_route=%2Fwp%2Fv2%2Fproduct_cat&post=42527"},{"taxonomy":"product_tag","embeddable":true,"href":"https:\/\/www.autonvaraosahaku.fi\/index.php?rest_route=%2Fwp%2Fv2%2Fproduct_tag&post=42527"}],"curies":[{"name":"wp","href":"https:\/\/api.w.org\/{rel}","templated":true}]}}