{"id":42550,"date":"2021-02-21T16:54:50","date_gmt":"2021-02-21T16:54:50","guid":{"rendered":"https:\/\/www.autonvaraosahaku.fi\/?product=lemforder-34077-01-iskunvaimentimen-tukilaakeri"},"modified":"2021-02-21T16:54:53","modified_gmt":"2021-02-21T16:54:53","slug":"lemforder-34077-01-iskunvaimentimen-tukilaakeri","status":"publish","type":"product","link":"https:\/\/www.autonvaraosahaku.fi\/?product=lemforder-34077-01-iskunvaimentimen-tukilaakeri","title":{"rendered":"LEMF\u00d6RDER 34077 01 Iskunvaimentimen tukilaakeri"},"content":{"rendered":"<p>Lukum\u00e4\u00e4r\u00e4 akselille: 2; Asennuspuoli: Etuakseli, Molemminpuolin; ei maaversiolle: Russland; MAZDA: 5 CR19,3 BK,3 BL,3 Stufenheck BK,3 Stufenheck BL; VOLVO: V50 MW,C30,S40 II MS,C70 II Cabriolet,V40 Schr\u00e4gheck; MINI: MINI R56; FORD: FOCUS II Kombi DA_,FOCUS II DA_,FOCUS III Turnier,FOCUS C-MAX,KUGA I,C-MAX DM2,FOCUS III,C-MAX II,KUGA II DM2,GRAND C-MAX,FOCUS II Stufenheck DA_,FOCUS III Stufenheck,C-MAX II Van,KUGA II Van,FOCUS III Kasten\/Schr\u00e4gheck; 1223835, 1250820, 1255350, 1508111, 1674672, 1695818, 1787358, 1820399, 1907038, 2084212, 3M513K099AA, 3M513K099AB, 3M513K099AC, 3M513K099AD, 9M513K099AA, 9M513K099AB, DV613K099AC, DV613K099AD, DV613K099AE, DV613K099AF, BBM23438X, BP4K3438XA, BP4K3438XB, BP4K34XB, 30666530, 31262470<\/p>\n","protected":false},"excerpt":{"rendered":"<p>LEMF\u00d6RDER Rullalaakeri, Jousijalkalaakeri 34077 01  MAZDA,VOLVO,MINI,5 CR19,3 BK,3 BL,3 Stufenheck BK,3 Stufenheck BL,V50 MW,C30,S40 II MS<\/p>\n","protected":false},"featured_media":0,"template":"","meta":{"site-sidebar-layout":"default","site-content-layout":"default","ast-global-header-display":"","ast-main-header-display":"","ast-hfb-above-header-display":"","ast-hfb-below-header-display":"","ast-hfb-mobile-header-display":"","site-post-title":"","ast-breadcrumbs-content":"","ast-featured-img":"","footer-sml-layout":"","theme-transparent-header-meta":"","adv-header-id-meta":"","stick-header-meta":"","header-above-stick-meta":"","header-main-stick-meta":"","header-below-stick-meta":""},"pwb-brand":[77],"product_cat":[106],"product_tag":[],"class_list":{"0":"post-42550","1":"product","2":"type-product","3":"status-publish","5":"pwb-brand-lemforder","6":"product_cat-iskunvaimentimen-tukilaakeri","7":"desktop-align-left","8":"tablet-align-left","9":"mobile-align-left","11":"first","12":"instock","13":"product-type-external"},"brands":[{"id":77,"name":"LEMF\u00d6RDER","slug":"lemforder"}],"_links":{"self":[{"href":"https:\/\/www.autonvaraosahaku.fi\/index.php?rest_route=\/wp\/v2\/product\/42550","targetHints":{"allow":["GET"]}}],"collection":[{"href":"https:\/\/www.autonvaraosahaku.fi\/index.php?rest_route=\/wp\/v2\/product"}],"about":[{"href":"https:\/\/www.autonvaraosahaku.fi\/index.php?rest_route=\/wp\/v2\/types\/product"}],"wp:attachment":[{"href":"https:\/\/www.autonvaraosahaku.fi\/index.php?rest_route=%2Fwp%2Fv2%2Fmedia&parent=42550"}],"wp:term":[{"taxonomy":"pwb-brand","embeddable":true,"href":"https:\/\/www.autonvaraosahaku.fi\/index.php?rest_route=%2Fwp%2Fv2%2Fpwb-brand&post=42550"},{"taxonomy":"product_cat","embeddable":true,"href":"https:\/\/www.autonvaraosahaku.fi\/index.php?rest_route=%2Fwp%2Fv2%2Fproduct_cat&post=42550"},{"taxonomy":"product_tag","embeddable":true,"href":"https:\/\/www.autonvaraosahaku.fi\/index.php?rest_route=%2Fwp%2Fv2%2Fproduct_tag&post=42550"}],"curies":[{"name":"wp","href":"https:\/\/api.w.org\/{rel}","templated":true}]}}