{"id":42592,"date":"2021-02-21T16:55:02","date_gmt":"2021-02-21T16:55:02","guid":{"rendered":"https:\/\/www.autonvaraosahaku.fi\/?product=beru-z226-sytytystulpat"},"modified":"2021-02-21T16:55:04","modified_gmt":"2021-02-21T16:55:04","slug":"beru-z226-sytytystulpat","status":"publish","type":"product","link":"https:\/\/www.autonvaraosahaku.fi\/?product=beru-z226-sytytystulpat","title":{"rendered":"BERU Z226 Sytytystulpat"},"content":{"rendered":"<p>K\u00e4rkiv\u00e4li (mm): 0,8; Liittimet: SAE; Kierremitta: M14x1,25; Avainv\u00e4li: 16 mm; Sytytystulppa: 1-maaelektroodi, suoralla istukalla; Kierteen pituus (mm): 26,5; Teknisten tietojen numero: 14 FR-6 MPU2; Itsepalvelupakattu, katso osaluettelo: ; Kiristysmomentti > [Nm]: 20; Kiristysmomentti enint\u00e4\u00e4n [Nm]: 30; Tuotelinja: ULTRA; Tarvittava kappalem\u00e4\u00e4r\u00e4: 16; NISSAN: X-TRAIL T30,ALMERA TINO V10,ALMERA II Hatchback N16,PRIMERA Kombi WP12,PRIMERA P12,PRIMERA Hatchback P12,ALMERA Mk II N16; VOLVO: V70 II SW,V50 MW,XC60,XC90 I,S60 I,C30,S80 I TS, XY,S40 II MS,C70 II Cabriolet,XC70 II,S80 II AS; MERCEDES-BENZ: C-CLASS W203,E-CLASS W211,C-CLASS T-Model S203,E-CLASS T-Model S211,C-CLASS Coupe CL203,SLK R171,CLK C209,S-CLASS W220,SL R230,G-CLASS W463,CLK Cabriolet A209,CLC-CLASS CL203,S-CLASS Coupe C215,SLR R199,SLR ROADSTER R199; SUBARU: IMPREZA Stufenheck GD,LEGACY IV Station Wagon BL, BP, B13_,IMPREZA Schr\u00e4gheck GR, GH, G3,IMPREZA Station Wagon GG,LEGACY IV BL, BP,LEGACY V Station Wagon BM, BR,IMPREZA Stufenheck GR,LEGACY V BM, BR; FORD: MONDEO IV Turnier BA7,FOCUS II DA_,S-MAX WA6,MONDEO IV BA7,MONDEO IV Stufenheck BA7; CITRO\u00cbN: BERLINGO MF,XSARA PICASSO N68,C2 JM_,C3 I FC_,BERLINGO B9,C4 I LC_,BERLINGO Kasten M_,XSARA N1,C4 Coupe LA_,C3 Pluriel HB_,XSARA Break N2,BERLINGO Kasten B9,XSARA Coupe N0; PEUGEOT: 206 Schr\u00e4gheck 2A\/C,206 CC 2D,207 WA_, WC_,307 SW 3H,307 CC 3B,307 3A\/C,206 SW 2E\/K,307 Break 3E,1007 KM_,PARTNER Combispace 5F,206 Stufenheck; 0041591303, 0041592303, 0041594503, A0041591303, A0041592303, A0041594503, A004159450326; Tulpat,Sytytystulppa<\/p>\n","protected":false},"excerpt":{"rendered":"<p>BERU Sytytystulpat Z226 Tulpat,Sytytystulppa NISSAN,VOLVO,MERCEDES-BENZ,X-TRAIL T30,ALMERA TINO V10,ALMERA II Hatchback N16,PRIMERA Kombi WP12<\/p>\n","protected":false},"featured_media":0,"template":"","meta":{"site-sidebar-layout":"default","site-content-layout":"default","ast-global-header-display":"","ast-main-header-display":"","ast-hfb-above-header-display":"","ast-hfb-below-header-display":"","ast-hfb-mobile-header-display":"","site-post-title":"","ast-breadcrumbs-content":"","ast-featured-img":"","footer-sml-layout":"","theme-transparent-header-meta":"","adv-header-id-meta":"","stick-header-meta":"","header-above-stick-meta":"","header-main-stick-meta":"","header-below-stick-meta":""},"pwb-brand":[327],"product_cat":[165],"product_tag":[],"class_list":{"0":"post-42592","1":"product","2":"type-product","3":"status-publish","5":"pwb-brand-beru","6":"product_cat-sytytystulpat","7":"desktop-align-left","8":"tablet-align-left","9":"mobile-align-left","11":"first","12":"instock","13":"product-type-external"},"brands":[{"id":327,"name":"BERU","slug":"beru"}],"_links":{"self":[{"href":"https:\/\/www.autonvaraosahaku.fi\/index.php?rest_route=\/wp\/v2\/product\/42592","targetHints":{"allow":["GET"]}}],"collection":[{"href":"https:\/\/www.autonvaraosahaku.fi\/index.php?rest_route=\/wp\/v2\/product"}],"about":[{"href":"https:\/\/www.autonvaraosahaku.fi\/index.php?rest_route=\/wp\/v2\/types\/product"}],"wp:attachment":[{"href":"https:\/\/www.autonvaraosahaku.fi\/index.php?rest_route=%2Fwp%2Fv2%2Fmedia&parent=42592"}],"wp:term":[{"taxonomy":"pwb-brand","embeddable":true,"href":"https:\/\/www.autonvaraosahaku.fi\/index.php?rest_route=%2Fwp%2Fv2%2Fpwb-brand&post=42592"},{"taxonomy":"product_cat","embeddable":true,"href":"https:\/\/www.autonvaraosahaku.fi\/index.php?rest_route=%2Fwp%2Fv2%2Fproduct_cat&post=42592"},{"taxonomy":"product_tag","embeddable":true,"href":"https:\/\/www.autonvaraosahaku.fi\/index.php?rest_route=%2Fwp%2Fv2%2Fproduct_tag&post=42592"}],"curies":[{"name":"wp","href":"https:\/\/api.w.org\/{rel}","templated":true}]}}