{"id":42598,"date":"2021-02-21T16:55:02","date_gmt":"2021-02-21T16:55:02","guid":{"rendered":"https:\/\/www.autonvaraosahaku.fi\/?product=facet-3-7573-18rs-virranjakajan-pyorija"},"modified":"2021-02-21T16:55:05","modified_gmt":"2021-02-21T16:55:05","slug":"facet-3-7573-18rs-virranjakajan-pyorija","status":"publish","type":"product","link":"https:\/\/www.autonvaraosahaku.fi\/?product=facet-3-7573-18rs-virranjakajan-pyorija","title":{"rendered":"FACET 3.7573\/18RS Virranjakajan py\u00f6rij\u00e4"},"content":{"rendered":"<p>Versio: Bosch; lis\u00e4tieto: Made in Italy &#8211; OE Equivalent; Moottorinumero: B 230 F; VOLVO: 940 II Kombi 945,940 Kombi 945,740 Kombi 745,740 744,940 944,760 704, 764,960 Kombi 965,760 Kombi 704, 765,940 II 944,960 964; 1346787, 13467873<\/p>\n","protected":false},"excerpt":{"rendered":"<p>FACET Virranjakajan Py\u00f6rij\u00e4 3.7573\/18RS  VOLVO,940 II Kombi 945,940 Kombi 945,740 Kombi 745,740 744,940 944,760 704, 764,960 Kombi 965<\/p>\n","protected":false},"featured_media":0,"template":"","meta":{"site-sidebar-layout":"default","site-content-layout":"default","ast-global-header-display":"","ast-main-header-display":"","ast-hfb-above-header-display":"","ast-hfb-below-header-display":"","ast-hfb-mobile-header-display":"","site-post-title":"","ast-breadcrumbs-content":"","ast-featured-img":"","footer-sml-layout":"","theme-transparent-header-meta":"","adv-header-id-meta":"","stick-header-meta":"","header-above-stick-meta":"","header-main-stick-meta":"","header-below-stick-meta":""},"pwb-brand":[263],"product_cat":[94],"product_tag":[],"class_list":{"0":"post-42598","1":"product","2":"type-product","3":"status-publish","5":"pwb-brand-facet","6":"product_cat-virranjakajan-pyorija","7":"desktop-align-left","8":"tablet-align-left","9":"mobile-align-left","11":"first","12":"instock","13":"product-type-external"},"brands":[{"id":263,"name":"FACET","slug":"facet"}],"_links":{"self":[{"href":"https:\/\/www.autonvaraosahaku.fi\/index.php?rest_route=\/wp\/v2\/product\/42598","targetHints":{"allow":["GET"]}}],"collection":[{"href":"https:\/\/www.autonvaraosahaku.fi\/index.php?rest_route=\/wp\/v2\/product"}],"about":[{"href":"https:\/\/www.autonvaraosahaku.fi\/index.php?rest_route=\/wp\/v2\/types\/product"}],"wp:attachment":[{"href":"https:\/\/www.autonvaraosahaku.fi\/index.php?rest_route=%2Fwp%2Fv2%2Fmedia&parent=42598"}],"wp:term":[{"taxonomy":"pwb-brand","embeddable":true,"href":"https:\/\/www.autonvaraosahaku.fi\/index.php?rest_route=%2Fwp%2Fv2%2Fpwb-brand&post=42598"},{"taxonomy":"product_cat","embeddable":true,"href":"https:\/\/www.autonvaraosahaku.fi\/index.php?rest_route=%2Fwp%2Fv2%2Fproduct_cat&post=42598"},{"taxonomy":"product_tag","embeddable":true,"href":"https:\/\/www.autonvaraosahaku.fi\/index.php?rest_route=%2Fwp%2Fv2%2Fproduct_tag&post=42598"}],"curies":[{"name":"wp","href":"https:\/\/api.w.org\/{rel}","templated":true}]}}