{"id":42602,"date":"2021-02-21T16:55:07","date_gmt":"2021-02-21T16:55:07","guid":{"rendered":"https:\/\/www.autonvaraosahaku.fi\/?product=lesjofors-77833-lehtijouset"},"modified":"2021-02-21T16:55:08","modified_gmt":"2021-02-21T16:55:08","slug":"lesjofors-77833-lehtijouset","status":"publish","type":"product","link":"https:\/\/www.autonvaraosahaku.fi\/?product=lesjofors-77833-lehtijouset","title":{"rendered":"LESJ\u00d6FORS 77833 Lehtijouset"},"content":{"rendered":"<p>Huomioi tekniset tiedot: ; Leveys (mm): 71; Korkeus (mm): 90; Kierremitta: M14; Kierteen pituus (mm): 62; Varustelumahdollisuudet: Model 35S; IVECO: DAILY VI Kasten\/Kombi,DAILY VI Bus; FIAT: DUCATO Kasten 250,DUCATO Pritsche\/Fahrgestell 250,DUCATO Bus 250; CITRO\u00cbN: JUMPER Kasten,JUMPER Bus,JUMPER Pritsche\/Fahrgestell; PEUGEOT: BOXER Kasten,BOXER Bus,BOXER Pritsche\/Fahrgestell<\/p>\n","protected":false},"excerpt":{"rendered":"<p>LESJ\u00d6FORS Jousisinkil\u00e4 77833  IVECO,FIAT,CITRO\u00cbN,DAILY VI Kasten\/Kombi,DAILY VI Bus,DUCATO Kasten 250,DUCATO Pritsche\/Fahrgestell 250,DUCATO Bus 250<\/p>\n","protected":false},"featured_media":0,"template":"","meta":{"site-sidebar-layout":"default","site-content-layout":"default","ast-global-header-display":"","ast-main-header-display":"","ast-hfb-above-header-display":"","ast-hfb-below-header-display":"","ast-hfb-mobile-header-display":"","site-post-title":"","ast-breadcrumbs-content":"","ast-featured-img":"","footer-sml-layout":"","theme-transparent-header-meta":"","adv-header-id-meta":"","stick-header-meta":"","header-above-stick-meta":"","header-main-stick-meta":"","header-below-stick-meta":""},"pwb-brand":[193],"product_cat":[481],"product_tag":[],"class_list":{"0":"post-42602","1":"product","2":"type-product","3":"status-publish","5":"pwb-brand-lesjofors","6":"product_cat-lehtijouset","7":"desktop-align-left","8":"tablet-align-left","9":"mobile-align-left","11":"first","12":"instock","13":"product-type-external"},"brands":[{"id":193,"name":"LESJ\u00d6FORS","slug":"lesjofors"}],"_links":{"self":[{"href":"https:\/\/www.autonvaraosahaku.fi\/index.php?rest_route=\/wp\/v2\/product\/42602","targetHints":{"allow":["GET"]}}],"collection":[{"href":"https:\/\/www.autonvaraosahaku.fi\/index.php?rest_route=\/wp\/v2\/product"}],"about":[{"href":"https:\/\/www.autonvaraosahaku.fi\/index.php?rest_route=\/wp\/v2\/types\/product"}],"wp:attachment":[{"href":"https:\/\/www.autonvaraosahaku.fi\/index.php?rest_route=%2Fwp%2Fv2%2Fmedia&parent=42602"}],"wp:term":[{"taxonomy":"pwb-brand","embeddable":true,"href":"https:\/\/www.autonvaraosahaku.fi\/index.php?rest_route=%2Fwp%2Fv2%2Fpwb-brand&post=42602"},{"taxonomy":"product_cat","embeddable":true,"href":"https:\/\/www.autonvaraosahaku.fi\/index.php?rest_route=%2Fwp%2Fv2%2Fproduct_cat&post=42602"},{"taxonomy":"product_tag","embeddable":true,"href":"https:\/\/www.autonvaraosahaku.fi\/index.php?rest_route=%2Fwp%2Fv2%2Fproduct_tag&post=42602"}],"curies":[{"name":"wp","href":"https:\/\/api.w.org\/{rel}","templated":true}]}}