{"id":42641,"date":"2021-02-21T16:55:17","date_gmt":"2021-02-21T16:55:17","guid":{"rendered":"https:\/\/www.autonvaraosahaku.fi\/?product=topran-101-506-laturin-jannitteensaadin"},"modified":"2021-02-21T16:55:18","modified_gmt":"2021-02-21T16:55:18","slug":"topran-101-506-laturin-jannitteensaadin","status":"publish","type":"product","link":"https:\/\/www.autonvaraosahaku.fi\/?product=topran-101-506-laturin-jannitteensaadin","title":{"rendered":"TOPRAN 101 506 Laturin j\u00e4nnitteens\u00e4\u00e4din"},"content":{"rendered":"<p>Valmistaja rajaus: Bosch; Latausj\u00e4nnite [V]: 14,5, 14,5; Generaatori-latausvirta alkaen [A]: 55; VW: TRANSPORTER IV Bus 70XB, 70XC, 7DB, 7DW,GOLF II 19E, 1G1,PASSAT Variant 3A5, 35I,TRANSPORTER IV Kasten 70XA,TRANSPORTER III Bus,POLO 86C, 80,POLO Coupe 86C, 80,PASSAT 3A2, 35I,TRANSPORTER IV Pritsche\/Fahrgestell 70XD,LT 28-35 I Kasten 281-363,GOLF I 17,LT 28-35 I Bus 281-363,JETTA II 19E, 1G2, 165,TRANSPORTER III Kasten,LT 28-35 I Pritsche\/Fahrgestell 281-363,TRANSPORTER III Pritsche\/Fahrgestell,PASSAT 32B,JETTA I 16; AUDI: 80 8C, B4,80 89, 89Q, 8A, B3,80 Avant 8C, B4,100 44, 44Q, C3,A6 Avant 4A, C4,A6 4A, C4,80 81, 85, B2,90 89, 89Q, 8A, B3,90 81, 85, B2,100 43, C2; SEAT: IBIZA II 6K1,TOLEDO I 1L; OPEL: OMEGA A 16_, 17_, 19_,CORSA B 73_, 78_, 79_,ASTRA F CC 53_, 54_, 58_, 59_,ASTRA F Caravan 51_, 52_,CALIBRA A 85_,VECTRA A 86_, 87_,ASTRA F Cabriolet 53_B,ASTRA F 56_, 57_,KADETT E CC 33_, 34_, 43_, 44_,FRONTERA A Sport 5_SUD2,FRONTERA A 5_MWL4,VECTRA A CC 88_, 89_,COMBO 71_,KADETT E Cabriolet 43B_,SENATOR B 29_,OMEGA A Caravan 66_, 67_,KADETT E 39_, 49_,CORSA B Kasten 73_,KADETT E Caravan 35_, 36_, 45_, 46_,ASTRA F Van 55_,KADETT E Kasten 37_, 47_,KADETT E Combo 38_, 48_; VAUXHALL: CALIBRA,ASTRA Mk III F CC,CORSA Mk I B,ASTRA Mk II CC,FRONTERA Mk I A,CAVALIER Mk III 87,FRONTERA Mk I A Sport,ASTRA Mk III F Estate,CAVALIER Mk III CC,COMBO Mk I B,ASTRAVAN Mk III F,CARLTON Mk III; 049903803G, 068903803, 068903803A, 068903803B, 068903803D, 1204256, 1204259, 049903803G, 068903803, 068903803A, 068903803B, 068903803D, 90349704, 90349907, 049903803G, 068903803, 068903803A, 068903803B, 068903803D; Laturin S\u00e4\u00e4din,J\u00e4nniteens\u00e4\u00e4din<\/p>\n","protected":false},"excerpt":{"rendered":"<p>TOPRAN Laturin J\u00e4nnitteens\u00e4\u00e4din 101 506 Laturin S\u00e4\u00e4din,J\u00e4nniteens\u00e4\u00e4din VW,AUDI,SEAT,TRANSPORTER IV Bus 70XB, 70XC, 7DB, 7DW,GOLF II 19E, 1G1<\/p>\n","protected":false},"featured_media":0,"template":"","meta":{"site-sidebar-layout":"default","site-content-layout":"default","ast-global-header-display":"","ast-main-header-display":"","ast-hfb-above-header-display":"","ast-hfb-below-header-display":"","ast-hfb-mobile-header-display":"","site-post-title":"","ast-breadcrumbs-content":"","ast-featured-img":"","footer-sml-layout":"","theme-transparent-header-meta":"","adv-header-id-meta":"","stick-header-meta":"","header-above-stick-meta":"","header-main-stick-meta":"","header-below-stick-meta":""},"pwb-brand":[18],"product_cat":[420],"product_tag":[],"class_list":{"0":"post-42641","1":"product","2":"type-product","3":"status-publish","5":"pwb-brand-topran","6":"product_cat-laturin-jannitteensaadin","7":"desktop-align-left","8":"tablet-align-left","9":"mobile-align-left","11":"first","12":"instock","13":"product-type-external"},"brands":[{"id":18,"name":"TOPRAN","slug":"topran"}],"_links":{"self":[{"href":"https:\/\/www.autonvaraosahaku.fi\/index.php?rest_route=\/wp\/v2\/product\/42641","targetHints":{"allow":["GET"]}}],"collection":[{"href":"https:\/\/www.autonvaraosahaku.fi\/index.php?rest_route=\/wp\/v2\/product"}],"about":[{"href":"https:\/\/www.autonvaraosahaku.fi\/index.php?rest_route=\/wp\/v2\/types\/product"}],"wp:attachment":[{"href":"https:\/\/www.autonvaraosahaku.fi\/index.php?rest_route=%2Fwp%2Fv2%2Fmedia&parent=42641"}],"wp:term":[{"taxonomy":"pwb-brand","embeddable":true,"href":"https:\/\/www.autonvaraosahaku.fi\/index.php?rest_route=%2Fwp%2Fv2%2Fpwb-brand&post=42641"},{"taxonomy":"product_cat","embeddable":true,"href":"https:\/\/www.autonvaraosahaku.fi\/index.php?rest_route=%2Fwp%2Fv2%2Fproduct_cat&post=42641"},{"taxonomy":"product_tag","embeddable":true,"href":"https:\/\/www.autonvaraosahaku.fi\/index.php?rest_route=%2Fwp%2Fv2%2Fproduct_tag&post=42641"}],"curies":[{"name":"wp","href":"https:\/\/api.w.org\/{rel}","templated":true}]}}