{"id":42676,"date":"2021-02-21T16:55:22","date_gmt":"2021-02-21T16:55:22","guid":{"rendered":"https:\/\/www.autonvaraosahaku.fi\/?product=trw-jsb558-jousijalan-tukilaakeri"},"modified":"2021-02-21T16:55:26","modified_gmt":"2021-02-21T16:55:26","slug":"trw-jsb558-jousijalan-tukilaakeri","status":"publish","type":"product","link":"https:\/\/www.autonvaraosahaku.fi\/?product=trw-jsb558-jousijalan-tukilaakeri","title":{"rendered":"TRW JSB558 Jousijalan tukilaakeri"},"content":{"rendered":"<p>Asennuspuoli: etuakseli molemminpuoleinen; Korkeus (mm): 51; Sis\u00e4l\u00e4pimitta [mm]: 14; Ulkol\u00e4pimitta [mm]: 140; Reik\u00e4ympyr\u00e4-\u00d8 [mm]: 58; Lis\u00e4tarvike\/lis\u00e4tieto: Tarvikkeilla; Korvaava tuote\/korvaava tiedote 2: Kuulalaakerilla; Tarvittava kappalem\u00e4\u00e4r\u00e4: 2; Valmistusvuosi alkaen: 10\/1999; VW: POLO 9N_,POLO 6N2,POLO 6N1,POLO Variant 6KV5,POLO CLASSIC 6KV2,POLO Stufenheck 9A4,POLO Kasten 86CF; AUDI: A2 8Z0,Q3 8U; SKODA: FABIA Combi 6Y5,FABIA,FABIA 6Y2,FABIA Combi,ROOMSTER 5J,FABIA Stufenheck 6Y3,ROOMSTER Praktik 5J,FABIA Praktik; SEAT: IBIZA IV 6L1,CORDOBA 6L2; 6N0412331D, 6N0412331DS1, 6N0412331E, 6N0412331ES1, 8Z0412331, 8Z0412331S1, 6N0412331D, 6N0412331DS1, 6N0412331E, 6N0412331ES1, 8Z0412331, 8Z0412331S1, 6N0412331D, 6N0412331DS1, 6N0412331E, 6N0412331ES1, 8Z0412331, 8Z0412331S1, 6N0412331D, 6N0412331DS1, 6N0412331E, 6N0412331ES1, 8Z0412331, 8Z0412331S1; Iskarin Yl\u00e4p\u00e4\u00e4,Iskunvaimentimen Yl\u00e4p\u00e4\u00e4<\/p>\n","protected":false},"excerpt":{"rendered":"<p>TRW Jousijalan Tukilaakeri JSB558 Iskarin Yl\u00e4p\u00e4\u00e4,Iskunvaimentimen Yl\u00e4p\u00e4\u00e4 VW,AUDI,SKODA,POLO 9N_,POLO 6N2,POLO 6N1,POLO Variant 6KV5,POLO CLASSIC 6KV2<\/p>\n","protected":false},"featured_media":0,"template":"","meta":{"site-sidebar-layout":"default","site-content-layout":"default","ast-global-header-display":"","ast-main-header-display":"","ast-hfb-above-header-display":"","ast-hfb-below-header-display":"","ast-hfb-mobile-header-display":"","site-post-title":"","ast-breadcrumbs-content":"","ast-featured-img":"","footer-sml-layout":"","theme-transparent-header-meta":"","adv-header-id-meta":"","stick-header-meta":"","header-above-stick-meta":"","header-main-stick-meta":"","header-below-stick-meta":""},"pwb-brand":[332],"product_cat":[45],"product_tag":[],"class_list":{"0":"post-42676","1":"product","2":"type-product","3":"status-publish","5":"pwb-brand-trw","6":"product_cat-jousijalan-tukilaakeri","7":"desktop-align-left","8":"tablet-align-left","9":"mobile-align-left","11":"first","12":"instock","13":"product-type-external"},"brands":[{"id":332,"name":"TRW","slug":"trw"}],"_links":{"self":[{"href":"https:\/\/www.autonvaraosahaku.fi\/index.php?rest_route=\/wp\/v2\/product\/42676","targetHints":{"allow":["GET"]}}],"collection":[{"href":"https:\/\/www.autonvaraosahaku.fi\/index.php?rest_route=\/wp\/v2\/product"}],"about":[{"href":"https:\/\/www.autonvaraosahaku.fi\/index.php?rest_route=\/wp\/v2\/types\/product"}],"wp:attachment":[{"href":"https:\/\/www.autonvaraosahaku.fi\/index.php?rest_route=%2Fwp%2Fv2%2Fmedia&parent=42676"}],"wp:term":[{"taxonomy":"pwb-brand","embeddable":true,"href":"https:\/\/www.autonvaraosahaku.fi\/index.php?rest_route=%2Fwp%2Fv2%2Fpwb-brand&post=42676"},{"taxonomy":"product_cat","embeddable":true,"href":"https:\/\/www.autonvaraosahaku.fi\/index.php?rest_route=%2Fwp%2Fv2%2Fproduct_cat&post=42676"},{"taxonomy":"product_tag","embeddable":true,"href":"https:\/\/www.autonvaraosahaku.fi\/index.php?rest_route=%2Fwp%2Fv2%2Fproduct_tag&post=42676"}],"curies":[{"name":"wp","href":"https:\/\/api.w.org\/{rel}","templated":true}]}}