{"id":42720,"date":"2021-02-21T16:55:38","date_gmt":"2021-02-21T16:55:38","guid":{"rendered":"https:\/\/www.autonvaraosahaku.fi\/?product=hella-6dd-008-622-731-jarruvalokytkin"},"modified":"2021-02-21T16:55:38","modified_gmt":"2021-02-21T16:55:38","slug":"hella-6dd-008-622-731-jarruvalokytkin","status":"publish","type":"product","link":"https:\/\/www.autonvaraosahaku.fi\/?product=hella-6dd-008-622-731-jarruvalokytkin","title":{"rendered":"HELLA 6DD 008 622-731 Jarruvalokytkin"},"content":{"rendered":"<p>K\u00e4ytt\u00f6: S\u00e4hk\u00f6inen; Asennusmalli: Bajonetti; Nimellisj\u00e4nnite (V): 12; Liittimi\u00e4: 4; Yhdistelm\u00e4kytkintoiminto: Vuorovaihtokatkaisija; Valmistusvuosi alkaen: 06\/2005; VW: GOLF IV 1J1,TRANSPORTER IV Bus 70XB, 70XC, 7DB, 7DW,GOLF IV Variant 1J5,SHARAN 7M8, 7M9, 7M6,TRANSPORTER V Bus 7HB, 7HJ, 7EB, 7EJ, 7EF,MULTIVAN V 7HM, 7HN, 7HF, 7EF, 7EM, 7EN,BORA 1J2,TRANSPORTER IV Kasten 70XA,TRANSPORTER V Kasten 7HA, 7HH, 7EA, 7EH,NEW BEETLE 9C1, 1C1,BORA Kombi 1J6,NEW BEETLE Cabriolet 1Y7,CADDY II Kasten 9K9A,TRANSPORTER IV Pritsche\/Fahrgestell 70XD,TRANSPORTER V Pritsche\/Fahrgestell 7JD, 7JE, 7JL, 7JY, 7JZ,,CADDY II Kombi 9K9B,GOLF IV Van 1J1; AUDI: TT 8N3,TT Roadster 8N9; SKODA: OCTAVIA Combi 1U5,OCTAVIA 1U2; SEAT: LEON 1M1,ALHAMBRA 7V8, 7V9,TOLEDO II 1M2,INCA 6K9; PORSCHE: CAYENNE 955; 1C0945511A, 1J0945511, 1J0945511A, 1J0945511B, 1J0945511C, 1J0945511D, 1J0945511E, 1J0945511F, 95561311031, 95561311032, 1C0945511A, 1J0945511, 1J0945511A, 1J0945511B, 1J0945511C, 1J0945511D, 1J0945511E, 1C0945511A, 1J0945511, 1J0945511A, 1J0945511B, 1J0945511C, 1J0945511D, 1C0945511A, 1J0945511, 1J0945511A, 1J0945511B, 1J0945511C, 1J0945511D, 1J0945511E, 1J0945511F; Jarruvalokatkaisin<\/p>\n","protected":false},"excerpt":{"rendered":"<p>HELLA Jarruvalokytkin 6DD 008 622-731 Jarruvalokatkaisin VW,AUDI,SKODA,GOLF IV 1J1,TRANSPORTER IV Bus 70XB, 70XC, 7DB, 7DW,GOLF IV Variant 1J5<\/p>\n","protected":false},"featured_media":0,"template":"","meta":{"site-sidebar-layout":"default","site-content-layout":"default","ast-global-header-display":"","ast-main-header-display":"","ast-hfb-above-header-display":"","ast-hfb-below-header-display":"","ast-hfb-mobile-header-display":"","site-post-title":"","ast-breadcrumbs-content":"","ast-featured-img":"","footer-sml-layout":"","theme-transparent-header-meta":"","adv-header-id-meta":"","stick-header-meta":"","header-above-stick-meta":"","header-main-stick-meta":"","header-below-stick-meta":""},"pwb-brand":[24],"product_cat":[117],"product_tag":[],"class_list":{"0":"post-42720","1":"product","2":"type-product","3":"status-publish","5":"pwb-brand-hella","6":"product_cat-jarruvalokytkin","7":"desktop-align-left","8":"tablet-align-left","9":"mobile-align-left","11":"first","12":"instock","13":"product-type-external"},"brands":[{"id":24,"name":"HELLA","slug":"hella"}],"_links":{"self":[{"href":"https:\/\/www.autonvaraosahaku.fi\/index.php?rest_route=\/wp\/v2\/product\/42720","targetHints":{"allow":["GET"]}}],"collection":[{"href":"https:\/\/www.autonvaraosahaku.fi\/index.php?rest_route=\/wp\/v2\/product"}],"about":[{"href":"https:\/\/www.autonvaraosahaku.fi\/index.php?rest_route=\/wp\/v2\/types\/product"}],"wp:attachment":[{"href":"https:\/\/www.autonvaraosahaku.fi\/index.php?rest_route=%2Fwp%2Fv2%2Fmedia&parent=42720"}],"wp:term":[{"taxonomy":"pwb-brand","embeddable":true,"href":"https:\/\/www.autonvaraosahaku.fi\/index.php?rest_route=%2Fwp%2Fv2%2Fpwb-brand&post=42720"},{"taxonomy":"product_cat","embeddable":true,"href":"https:\/\/www.autonvaraosahaku.fi\/index.php?rest_route=%2Fwp%2Fv2%2Fproduct_cat&post=42720"},{"taxonomy":"product_tag","embeddable":true,"href":"https:\/\/www.autonvaraosahaku.fi\/index.php?rest_route=%2Fwp%2Fv2%2Fproduct_tag&post=42720"}],"curies":[{"name":"wp","href":"https:\/\/api.w.org\/{rel}","templated":true}]}}