{"id":42745,"date":"2021-02-21T16:55:43","date_gmt":"2021-02-21T16:55:43","guid":{"rendered":"https:\/\/www.autonvaraosahaku.fi\/?product=vaico-v10-80079-jarrulevyt"},"modified":"2021-02-21T16:55:44","modified_gmt":"2021-02-21T16:55:44","slug":"vaico-v10-80079-jarrulevyt","status":"publish","type":"product","link":"https:\/\/www.autonvaraosahaku.fi\/?product=vaico-v10-80079-jarrulevyt","title":{"rendered":"VAICO V10-80079 Jarrulevyt"},"content":{"rendered":"<p>Asennuspuoli: Etuakseli; Jarrulevyn navan korkeus [mm]: 16,7; Vanne, aukkoja: 5; Korkeus (mm): 35, 35; Jarrulevytyyppi: Tuuletettu; Jarrulevyn paksuus (mm): 18; V\u00e4himm\u00e4ispaksuus (mm): 16; Ulkol\u00e4pimitta [mm]: 239; keskitt\u00e4misl\u00e4pimitta [mm]: 65; Reik\u00e4ympyr\u00e4-\u00d8 [mm]: 100; Pakkausleveys [cm]: 26, 26; Pakkauskorkeus [mm]: 7, 7; Pakkaussyvyys [cm]: 26, 26; Reik\u00e4-\u00d8 1 [mm]: 15,6; K\u00e4sittely: hiiliter\u00e4s; Reik\u00e4-\u00d8 2 [mm]: 6,6; Paino [kg]: 4,183; lis\u00e4tieto: CST99; PR-numerolle: 1LB\/1LM; VW: POLO 9N_,FOX 5Z1, 5Z3,POLO Stufenheck 9A4; SKODA: FABIA Combi 6Y5,FABIA,FABIA 6Y2,FABIA Combi,FABIA Stufenheck 6Y3,ROOMSTER Praktik 5J,FABIA Praktik; 6Q0615301, 6Q0615301A, 6Q0615301, 6Q0615301A, 6Q0615301, 6Q0615301A, 6Q0615301, 6Q0615301A; Jarrulevy<\/p>\n","protected":false},"excerpt":{"rendered":"<p>VAICO Jarrulevyt V10-80079 Jarrulevy VW,SKODA,POLO 9N_,FOX 5Z1, 5Z3,POLO Stufenheck 9A4,FABIA Combi 6Y5,FABIA,FABIA 6Y2,FABIA Combi<\/p>\n","protected":false},"featured_media":0,"template":"","meta":{"site-sidebar-layout":"default","site-content-layout":"default","ast-global-header-display":"","ast-main-header-display":"","ast-hfb-above-header-display":"","ast-hfb-below-header-display":"","ast-hfb-mobile-header-display":"","site-post-title":"","ast-breadcrumbs-content":"","ast-featured-img":"","footer-sml-layout":"","theme-transparent-header-meta":"","adv-header-id-meta":"","stick-header-meta":"","header-above-stick-meta":"","header-main-stick-meta":"","header-below-stick-meta":""},"pwb-brand":[330],"product_cat":[66],"product_tag":[],"class_list":{"0":"post-42745","1":"product","2":"type-product","3":"status-publish","5":"pwb-brand-vaico","6":"product_cat-jarrulevyt","7":"desktop-align-left","8":"tablet-align-left","9":"mobile-align-left","11":"first","12":"instock","13":"product-type-external"},"brands":[{"id":330,"name":"VAICO","slug":"vaico"}],"_links":{"self":[{"href":"https:\/\/www.autonvaraosahaku.fi\/index.php?rest_route=\/wp\/v2\/product\/42745","targetHints":{"allow":["GET"]}}],"collection":[{"href":"https:\/\/www.autonvaraosahaku.fi\/index.php?rest_route=\/wp\/v2\/product"}],"about":[{"href":"https:\/\/www.autonvaraosahaku.fi\/index.php?rest_route=\/wp\/v2\/types\/product"}],"wp:attachment":[{"href":"https:\/\/www.autonvaraosahaku.fi\/index.php?rest_route=%2Fwp%2Fv2%2Fmedia&parent=42745"}],"wp:term":[{"taxonomy":"pwb-brand","embeddable":true,"href":"https:\/\/www.autonvaraosahaku.fi\/index.php?rest_route=%2Fwp%2Fv2%2Fpwb-brand&post=42745"},{"taxonomy":"product_cat","embeddable":true,"href":"https:\/\/www.autonvaraosahaku.fi\/index.php?rest_route=%2Fwp%2Fv2%2Fproduct_cat&post=42745"},{"taxonomy":"product_tag","embeddable":true,"href":"https:\/\/www.autonvaraosahaku.fi\/index.php?rest_route=%2Fwp%2Fv2%2Fproduct_tag&post=42745"}],"curies":[{"name":"wp","href":"https:\/\/api.w.org\/{rel}","templated":true}]}}