{"id":42759,"date":"2021-02-21T16:55:48","date_gmt":"2021-02-21T16:55:48","guid":{"rendered":"https:\/\/www.autonvaraosahaku.fi\/?product=trw-jhc151t-iskunvaimennin"},"modified":"2021-02-21T16:55:49","modified_gmt":"2021-02-21T16:55:49","slug":"trw-jhc151t-iskunvaimennin","status":"publish","type":"product","link":"https:\/\/www.autonvaraosahaku.fi\/?product=trw-jhc151t-iskunvaimennin","title":{"rendered":"TRW JHC151T Iskunvaimennin"},"content":{"rendered":"<p>Asennuspuoli: Etuakseli; Lukum\u00e4\u00e4r\u00e4 akselille: 1; Iskunvaimennin tyyppi: \u00d6ljypaine; Iskunvaimennin malli: Joustintukisarja; Iskunvaimennusj\u00e4rjestelm\u00e4: Kaksiputki; Iskunvaimennin asennustapa: Tappi ylh\u00e4\u00e4ll\u00e4; L\u00e4pimitta [mm]: 41,4; Kierremitta: M12x1,25; Pituus 1 (mm): 552; Pituus 2 (mm): 385; M\u00e4nn\u00e4nvarren l\u00e4pimitta [mm]: 22; Huomioi tekniset tiedot: ; Tuotelinja: TWIN; Valmistusvuosi alkaen: 01\/1972; FORD: CAPRI III GECP,ESCORT II ATH,ESCORT I AFH, ATH,CAPRI II GECP,ESCORT II Kombi,ESCORT I Kombi ADH; 1536940, 1536941, 1553701, 1553703, 1553778, 1555136, 1571788, 1574805, 1575712, 6046370, 6049776, 6049778, 6049779, 6049781, 6125495, 72EB3K098B1B, 72EB3K098C1B, 74EB3K098A1A, 83EB3K098AA; Iskarit,Iskunvaimennin<\/p>\n","protected":false},"excerpt":{"rendered":"<p>TRW Iskunvaimentimet JHC151T Iskarit,Iskunvaimennin FORD,CAPRI III GECP,ESCORT II ATH,ESCORT I AFH, ATH,CAPRI II GECP,ESCORT II Kombi<\/p>\n","protected":false},"featured_media":0,"template":"","meta":{"site-sidebar-layout":"default","site-content-layout":"default","ast-global-header-display":"","ast-main-header-display":"","ast-hfb-above-header-display":"","ast-hfb-below-header-display":"","ast-hfb-mobile-header-display":"","site-post-title":"","ast-breadcrumbs-content":"","ast-featured-img":"","footer-sml-layout":"","theme-transparent-header-meta":"","adv-header-id-meta":"","stick-header-meta":"","header-above-stick-meta":"","header-main-stick-meta":"","header-below-stick-meta":""},"pwb-brand":[332],"product_cat":[80],"product_tag":[],"class_list":{"0":"post-42759","1":"product","2":"type-product","3":"status-publish","5":"pwb-brand-trw","6":"product_cat-iskunvaimennin","7":"desktop-align-left","8":"tablet-align-left","9":"mobile-align-left","11":"first","12":"instock","13":"product-type-external"},"brands":[{"id":332,"name":"TRW","slug":"trw"}],"_links":{"self":[{"href":"https:\/\/www.autonvaraosahaku.fi\/index.php?rest_route=\/wp\/v2\/product\/42759","targetHints":{"allow":["GET"]}}],"collection":[{"href":"https:\/\/www.autonvaraosahaku.fi\/index.php?rest_route=\/wp\/v2\/product"}],"about":[{"href":"https:\/\/www.autonvaraosahaku.fi\/index.php?rest_route=\/wp\/v2\/types\/product"}],"wp:attachment":[{"href":"https:\/\/www.autonvaraosahaku.fi\/index.php?rest_route=%2Fwp%2Fv2%2Fmedia&parent=42759"}],"wp:term":[{"taxonomy":"pwb-brand","embeddable":true,"href":"https:\/\/www.autonvaraosahaku.fi\/index.php?rest_route=%2Fwp%2Fv2%2Fpwb-brand&post=42759"},{"taxonomy":"product_cat","embeddable":true,"href":"https:\/\/www.autonvaraosahaku.fi\/index.php?rest_route=%2Fwp%2Fv2%2Fproduct_cat&post=42759"},{"taxonomy":"product_tag","embeddable":true,"href":"https:\/\/www.autonvaraosahaku.fi\/index.php?rest_route=%2Fwp%2Fv2%2Fproduct_tag&post=42759"}],"curies":[{"name":"wp","href":"https:\/\/api.w.org\/{rel}","templated":true}]}}