{"id":42849,"date":"2021-02-21T16:56:10","date_gmt":"2021-02-21T16:56:10","guid":{"rendered":"https:\/\/www.autonvaraosahaku.fi\/?product=swag-85-93-2456-kierretulppa"},"modified":"2021-02-21T16:56:12","modified_gmt":"2021-02-21T16:56:12","slug":"swag-85-93-2456-kierretulppa","status":"publish","type":"product","link":"https:\/\/www.autonvaraosahaku.fi\/?product=swag-85-93-2456-kierretulppa","title":{"rendered":"SWAG 85 93 2456 Kierretulppa"},"content":{"rendered":"<p>Paksuus [mm]: 2,0; Sis\u00e4l\u00e4pimitta [mm]: 14,4; Ulkol\u00e4pimitta [mm]: 22,0; V\u00e4ri: Hopea; Materiaali: Alumiini, Alumiini; Paino [kg]: 0,001, 0,001; Huomioi tekniset tiedot: ; KIA: SORENTO I JC,PICANTO BA,SPORTAGE SL,CEE&#8217;D SW ED,CEE&#8217;D Schr\u00e4gheck ED,SPORTAGE JE_, KM_,VENGA YN,SORENTO II XM,CARENS II FJ,RIO III UB,RIO II JB,CEE&#8217;D JD,CARENS III UN,CARNIVAL II GQ,CARNIVAL \/ GRAND CARNIVAL III VQ,PICANTO TA,CEE`D Sportswagon JD,RIO Kombi DC,PRO CEE&#8217;D ED,CARENS IV,SOUL AM,CERATO LD,MAGENTIS GD,MAGENTIS MG,PRO CEE\u00b4D JD,OPIRUS GH,CERATO Stufenheck LD,RIO II Stufenheck JB,OPTIMA,RIO Stufenheck DC_,JOICE,CARENS I FC,RIO III Stufenheck UB,PREGIO Kasten TB,SPORTAGE QL,PREGIO Bus,K2500 SD,CERATO II Stufenheck TD,SORENTO III,SOUL II PS,BORREGO,K2700,OPTIMA Sportswagon,CERATO YD Stufenheck,CERATO KOUP TD,STINGER CK,CADENZA,RIO IV YB,CEE&#8217;D Combi Van JD,PICANTO JA,STONIC YB,RIO IV Stufenheck SC, FB; FORD USA: PROBE II ECP; HONDA: CIVIC VIII Hatchback FN, FK,JAZZ II GD,CR-V III RE,CIVIC VII Hatchback EU, EP, EV,JAZZ III GE,CR-V II RD_,ACCORD VII CL,CIVIC VI Hatchback EJ, EK,CR-V IV RE,ACCORD VIII CU,ACCORD VII Tourer CM,ACCORD VI CG, CK,CIVIC IX FK,ACCORD VIII Kombi,CIVIC VI Fastback MA, MB,CRX III EH, EG,CIVIC VI Aerodeck MB, MC,CR-V I RD,CRX II ED, EE,CIVIC V Hatchback EG,CIVIC VII Coupe EM2,ACCORD VI Hatchback CH,CIVIC VIII Stufenheck FD, FA,ACCORD VI Coupe CG,S2000 AP,ACCORD V CE, CF,CIVIC VI Stufenheck EJ, EK,PRELUDE IV BB,CIVIC VI Coupe EJ, EM1,INTEGRA Coupe DC2, DC4,CIVIC V Coupe EJ,CIVIC VII Stufenheck ES,ACCORD IV CB,CIVIC V Stufenheck EG, EH,ACCORD V Aerodeck CE,ACCORD V CC, CD,ACCORD V Coupe CD,CIVIC IX Stufenheck FB, FG,ACCORD III CA,ACCORD IV Aerodeck CB,ACCORD III Aerodeck CA,ACCORD VII CM,ACCORD IV Coupe CB, CC,ACCORD VI Aerodeck CF,ACCORD I SJ, SY,ODYSSEY RA_,ACCORD VII CP,CITY Stufenheck GD8\/GD9,CITY Stufenheck GM,HR-V RU,INTEGRA DA,ACCORD Coupe CM,ACCORD III Coupe,S; LAND ROVER: FREELANDER LN,DISCOVERY II LJ, LT,FREELANDER Soft Top,RANGE ROVER II LP,DISCOVERY I LJ, LG; HYUNDAI: ix35 LM, EL, ELH,i30 FD,GETZ TB,i10 PA,i20 PB, PBT,TUCSON JM,i30 CW FD,i40 CW VF,SANTA F\u00c9 I SM,SANTA F\u00c9 II CM,i30 GD,ix20 JC,MATRIX FC,TERRACAN HP,i30 CW GD,COUPE GK,H-1 Travel TQ,ATOS MX,TRAJET FO,SONATA V NF,GALLOPER II JK-01,ix55,SANTA F\u00c9 III DM,i30 Coupe,SONATA IV EF,GENESIS Coupe,ACCENT II LC,COUPE RD,VELOSTER FS,i40 VF,H-1 Kasten,H-1 Cargo TQ,ACCENT III MC,H-1 \/ STAREX,ELANTRA XD,ACCENT III Stufenheck MC,ELANTRA Stufenheck XD,ACCENT I X-3,ACCENT II Stufenheck LC,GRANDEUR TG,XG XG,LANTRA II Wagon J-2,GRAND SANTA F\u00c9,LANTRA II J-2,SANTAMO,ACCENT Stufenheck X-3,PONY X-2,LANTRA I J-1,TUCSON,i10 IA,S COUPE SLC,ELANTRA Stufenheck MD, UD,ACCENT IV RB,i20 GB,TIBURON Coupe,SONATA VI YF,ELANTRA Stufenheck HD,PONY \/ EXCEL Stufenheck X-2,GENESIS BH,H-1 Pritsche\/Fahrgestell,SONATA II Y-2,ACCENT IV Stufenheck RB,i30 PDE,PORTER Pritsche\/Fahrgestell,ELANTRA Coupe,IONIQ AE,GRANDEUR HG,H350 Bus,i30 Kombi PDE,H350 Kasten,i20 ACTIVE GB,i20 Coupe,i10; SUZUKI: SWIFT III MZ, EZ,JIMNY FJ,SWIFT IV FZ, NZ,GRAND VITARA II JT,SX4 EY, GY,SAMURAI SJ,GRAND VITARA I FT,WAGON R+ MM,IGNIS FH,IGNIS II,SWIFT II Schr\u00e4gheck EA, MA,VITARA ET, TA,ALTO HA25, HA35,VITARA Cabrio ET, TA,LIANA Schr\u00e4gheck,ALTO HA24,SX4 S-Cross,SJ 413,LIANA ER,WAGON R+ EM,KIZASHI FR,BALENO Kombi EG,BALENO EG,SX4 Stufenheck GY,BALENO Schr\u00e4gheck EG,ALTO HA12, HA23,ALTO HA11,X-90 EL,SWIFT II Stufenheck AH, AJ,CARRY Kasten FD,VITARA LY,GRAND VITARA I Cabriolet GT,CELERIO,JIMNY Gel\u00e4ndewagen offen SN,IGNIS MF,SWIFT V AZ,CARRY Pick-up FD,BALENO FW, EW; FORD: RANGER ES, ET,RANGER ER, EQ; MITSUBISHI: GALLOPER JK-01; 3600377, 2151323001, 9410914000, 2151321000, 2151323000, 2151323001, 2151321000, 2151323000, 2151323001, ALU1403L, 09168m14015, 0916814012, 0916814012000, 0916814012A00, 0916814015, 0916814015000, 09168A14012, 09168M14015, 09168M14015000, 11519M60M00, 11519M60M00000, M916814000, M916814000000; Tiiviste, \u00d6ljynlaskutulppa<\/p>\n","protected":false},"excerpt":{"rendered":"<p>SWAG \u00d6ljytulpan Tiiviste 85 93 2456 Tiiviste, \u00d6ljynlaskutulppa KIA,FORD USA,HONDA,SORENTO I JC,PICANTO BA,SPORTAGE SL,CEE&#8217;D SW ED<\/p>\n","protected":false},"featured_media":0,"template":"","meta":{"site-sidebar-layout":"default","site-content-layout":"default","ast-global-header-display":"","ast-main-header-display":"","ast-hfb-above-header-display":"","ast-hfb-below-header-display":"","ast-hfb-mobile-header-display":"","site-post-title":"","ast-breadcrumbs-content":"","ast-featured-img":"","footer-sml-layout":"","theme-transparent-header-meta":"","adv-header-id-meta":"","stick-header-meta":"","header-above-stick-meta":"","header-main-stick-meta":"","header-below-stick-meta":""},"pwb-brand":[103],"product_cat":[40],"product_tag":[],"class_list":{"0":"post-42849","1":"product","2":"type-product","3":"status-publish","5":"pwb-brand-swag","6":"product_cat-kierretulppa","7":"desktop-align-left","8":"tablet-align-left","9":"mobile-align-left","11":"first","12":"instock","13":"product-type-external"},"brands":[{"id":103,"name":"SWAG","slug":"swag"}],"_links":{"self":[{"href":"https:\/\/www.autonvaraosahaku.fi\/index.php?rest_route=\/wp\/v2\/product\/42849","targetHints":{"allow":["GET"]}}],"collection":[{"href":"https:\/\/www.autonvaraosahaku.fi\/index.php?rest_route=\/wp\/v2\/product"}],"about":[{"href":"https:\/\/www.autonvaraosahaku.fi\/index.php?rest_route=\/wp\/v2\/types\/product"}],"wp:attachment":[{"href":"https:\/\/www.autonvaraosahaku.fi\/index.php?rest_route=%2Fwp%2Fv2%2Fmedia&parent=42849"}],"wp:term":[{"taxonomy":"pwb-brand","embeddable":true,"href":"https:\/\/www.autonvaraosahaku.fi\/index.php?rest_route=%2Fwp%2Fv2%2Fpwb-brand&post=42849"},{"taxonomy":"product_cat","embeddable":true,"href":"https:\/\/www.autonvaraosahaku.fi\/index.php?rest_route=%2Fwp%2Fv2%2Fproduct_cat&post=42849"},{"taxonomy":"product_tag","embeddable":true,"href":"https:\/\/www.autonvaraosahaku.fi\/index.php?rest_route=%2Fwp%2Fv2%2Fproduct_tag&post=42849"}],"curies":[{"name":"wp","href":"https:\/\/api.w.org\/{rel}","templated":true}]}}