{"id":42875,"date":"2021-02-21T16:56:15","date_gmt":"2021-02-21T16:56:15","guid":{"rendered":"https:\/\/www.autonvaraosahaku.fi\/?product=freccia-r6725-r-pakoventtiili"},"modified":"2021-02-21T16:56:18","modified_gmt":"2021-02-21T16:56:18","slug":"freccia-r6725-r-pakoventtiili","status":"publish","type":"product","link":"https:\/\/www.autonvaraosahaku.fi\/?product=freccia-r6725-r-pakoventtiili","title":{"rendered":"FRECCIA R6725\/R Pakoventtiili"},"content":{"rendered":"<p>Venttiililautasen l\u00e4pimitta [mm]: 25,1; Venttiilinvarren l\u00e4pimitta [mm]: 5; Pituus (mm): 110,75; venttiiliistukan kulma [astetta]: 45; Materiaali: Kromi-mangani-nikkeliter\u00e4s; Liittimet: I; TECDOC-moottorinumero: 25076; MINI: MINI R56,MINI CLUBMAN R55,MINI Cabriolet R57,MINI COUNTRYMAN R60,MINI Coupe R58,MINI Roadster R59,MINI PACEMAN R61,MINI CLUBVAN R55; CITRO\u00cbN: BERLINGO B9,C5 III Break TD_,C4 Picasso I UD_,C4 Grand Picasso I UA_,C4 I LC_,DS3,C3 Picasso,C5 III RD_,C3 II,C4 Coupe LA_,C4 II B7,BERLINGO Kasten B9,C4 Grand Picasso II,C4 Picasso II,DS4,DS3 Cabriolet; PEUGEOT: 207 WA_, WC_,207 CC WD_,207 SW WK_,308 SW,208,308 4A_, 4C_,5008,508 SW,3008,PARTNER Tepee,308 CC,2008,508,PARTNER Kasten,408; 753388580, 11347533885, 0949F6<\/p>\n","protected":false},"excerpt":{"rendered":"<p>FRECCIA Pakoventtiili R6725\/R  MINI,CITRO\u00cbN,PEUGEOT,MINI R56,MINI CLUBMAN R55,MINI Cabriolet R57,MINI COUNTRYMAN R60,MINI Coupe R58,MINI Roadster R59<\/p>\n","protected":false},"featured_media":0,"template":"","meta":{"site-sidebar-layout":"default","site-content-layout":"default","ast-global-header-display":"","ast-main-header-display":"","ast-hfb-above-header-display":"","ast-hfb-below-header-display":"","ast-hfb-mobile-header-display":"","site-post-title":"","ast-breadcrumbs-content":"","ast-featured-img":"","footer-sml-layout":"","theme-transparent-header-meta":"","adv-header-id-meta":"","stick-header-meta":"","header-above-stick-meta":"","header-main-stick-meta":"","header-below-stick-meta":""},"pwb-brand":[345],"product_cat":[209],"product_tag":[],"class_list":{"0":"post-42875","1":"product","2":"type-product","3":"status-publish","5":"pwb-brand-freccia","6":"product_cat-pakoventtiili","7":"desktop-align-left","8":"tablet-align-left","9":"mobile-align-left","11":"first","12":"instock","13":"product-type-external"},"brands":[{"id":345,"name":"FRECCIA","slug":"freccia"}],"_links":{"self":[{"href":"https:\/\/www.autonvaraosahaku.fi\/index.php?rest_route=\/wp\/v2\/product\/42875","targetHints":{"allow":["GET"]}}],"collection":[{"href":"https:\/\/www.autonvaraosahaku.fi\/index.php?rest_route=\/wp\/v2\/product"}],"about":[{"href":"https:\/\/www.autonvaraosahaku.fi\/index.php?rest_route=\/wp\/v2\/types\/product"}],"wp:attachment":[{"href":"https:\/\/www.autonvaraosahaku.fi\/index.php?rest_route=%2Fwp%2Fv2%2Fmedia&parent=42875"}],"wp:term":[{"taxonomy":"pwb-brand","embeddable":true,"href":"https:\/\/www.autonvaraosahaku.fi\/index.php?rest_route=%2Fwp%2Fv2%2Fpwb-brand&post=42875"},{"taxonomy":"product_cat","embeddable":true,"href":"https:\/\/www.autonvaraosahaku.fi\/index.php?rest_route=%2Fwp%2Fv2%2Fproduct_cat&post=42875"},{"taxonomy":"product_tag","embeddable":true,"href":"https:\/\/www.autonvaraosahaku.fi\/index.php?rest_route=%2Fwp%2Fv2%2Fproduct_tag&post=42875"}],"curies":[{"name":"wp","href":"https:\/\/api.w.org\/{rel}","templated":true}]}}