{"id":42887,"date":"2021-02-21T16:56:20","date_gmt":"2021-02-21T16:56:20","guid":{"rendered":"https:\/\/www.autonvaraosahaku.fi\/?product=ridex-82b0440-jarrulevyt"},"modified":"2021-02-21T16:56:22","modified_gmt":"2021-02-21T16:56:22","slug":"ridex-82b0440-jarrulevyt","status":"publish","type":"product","link":"https:\/\/www.autonvaraosahaku.fi\/?product=ridex-82b0440-jarrulevyt","title":{"rendered":"RIDEX 82B0440 Jarrulevyt"},"content":{"rendered":"<p>Jarrulevytyyppi: Tuuletettu, ulko; Ulkol\u00e4pimitta [mm]: 330; Jarrulevyn paksuus (mm): 30,0; V\u00e4himm\u00e4ispaksuus (mm): 28,0; Korkeus (mm): 48,0; Reik\u00e4kuvio\/-m\u00e4\u00e4r\u00e4: 05\/08; Reik\u00e4ympyr\u00e4-\u00d8 [mm]: 108,0; keskitt\u00e4misl\u00e4pimitta [mm]: 71,1; Paino [kg]: 11,0; Korvaava tuote\/korvaava tiedote 2: Ilman py\u00f6r\u00e4nnapaa, Ilman py\u00f6r\u00e4nkiinnityspultteja; Sis\u00e4l\u00e4pimitta [mm]: 171,7; Py\u00f6r\u00e4npulttireik\u00e4-\u00d8 [mm]: 13,4; Asennuspuoli: Etuakseli, Vorderachse; PEUGEOT: 407 SW 6E_,607 9D, 9U,407 6D_,407 Coupe 6C_; CITRO\u00cbN: C5 III Break TD_,C5 III RD_,C6 TD_; 4246E0, 4246P8, 424943, 424944, 424970, 424977, 4249A7, 4249A9, 4246E0, 4246K0, 4246P8, 424943, 424970, 4249A7, 4249A9; Jarrulevy<\/p>\n","protected":false},"excerpt":{"rendered":"<p>RIDEX Jarrulevyt 82B0440 Jarrulevy PEUGEOT,CITRO\u00cbN,407 SW 6E_,607 9D, 9U,407 6D_,407 Coupe 6C_,C5 III Break TD_,C5 III RD_,C6 TD_<\/p>\n","protected":false},"featured_media":0,"template":"","meta":{"site-sidebar-layout":"default","site-content-layout":"default","ast-global-header-display":"","ast-main-header-display":"","ast-hfb-above-header-display":"","ast-hfb-below-header-display":"","ast-hfb-mobile-header-display":"","site-post-title":"","ast-breadcrumbs-content":"","ast-featured-img":"","footer-sml-layout":"","theme-transparent-header-meta":"","adv-header-id-meta":"","stick-header-meta":"","header-above-stick-meta":"","header-main-stick-meta":"","header-below-stick-meta":""},"pwb-brand":[157],"product_cat":[66],"product_tag":[],"class_list":{"0":"post-42887","1":"product","2":"type-product","3":"status-publish","5":"pwb-brand-ridex","6":"product_cat-jarrulevyt","7":"desktop-align-left","8":"tablet-align-left","9":"mobile-align-left","11":"first","12":"instock","13":"product-type-external"},"brands":[{"id":157,"name":"RIDEX","slug":"ridex"}],"_links":{"self":[{"href":"https:\/\/www.autonvaraosahaku.fi\/index.php?rest_route=\/wp\/v2\/product\/42887","targetHints":{"allow":["GET"]}}],"collection":[{"href":"https:\/\/www.autonvaraosahaku.fi\/index.php?rest_route=\/wp\/v2\/product"}],"about":[{"href":"https:\/\/www.autonvaraosahaku.fi\/index.php?rest_route=\/wp\/v2\/types\/product"}],"wp:attachment":[{"href":"https:\/\/www.autonvaraosahaku.fi\/index.php?rest_route=%2Fwp%2Fv2%2Fmedia&parent=42887"}],"wp:term":[{"taxonomy":"pwb-brand","embeddable":true,"href":"https:\/\/www.autonvaraosahaku.fi\/index.php?rest_route=%2Fwp%2Fv2%2Fpwb-brand&post=42887"},{"taxonomy":"product_cat","embeddable":true,"href":"https:\/\/www.autonvaraosahaku.fi\/index.php?rest_route=%2Fwp%2Fv2%2Fproduct_cat&post=42887"},{"taxonomy":"product_tag","embeddable":true,"href":"https:\/\/www.autonvaraosahaku.fi\/index.php?rest_route=%2Fwp%2Fv2%2Fproduct_tag&post=42887"}],"curies":[{"name":"wp","href":"https:\/\/api.w.org\/{rel}","templated":true}]}}