{"id":42896,"date":"2021-02-21T16:56:20","date_gmt":"2021-02-21T16:56:20","guid":{"rendered":"https:\/\/www.autonvaraosahaku.fi\/?product=ridex-82b0761-jarrulevyt"},"modified":"2021-02-21T16:56:24","modified_gmt":"2021-02-21T16:56:24","slug":"ridex-82b0761-jarrulevyt","status":"publish","type":"product","link":"https:\/\/www.autonvaraosahaku.fi\/?product=ridex-82b0761-jarrulevyt","title":{"rendered":"RIDEX 82B0761 Jarrulevyt"},"content":{"rendered":"<p>Asennuspuoli: Taka-akseli, Vasen, Oikea; Jarrulevytyyppi: Vakiomalli; Korvaava tuote\/korvaava tiedote 2: integroidulla ABS-sensorilla; Sis\u00e4l\u00e4pimitta [mm]: 52,3; Ulkol\u00e4pimitta [mm]: 238; Leveys (mm): 74,6; Jarrulevyn paksuus (mm): 8; Reik\u00e4kuvio\/-m\u00e4\u00e4r\u00e4: 4\/4; Aukkov\u00e4li 1 \/ aukkov\u00e4li 2: 4&#215;100; Reik\u00e4-\u00d8 [mm]: 25; Kierremitta: M12x1.5; V\u00e4himm\u00e4ispaksuus (mm): 7; Reik\u00e4ympyr\u00e4-\u00d8 [mm]: 100,0; Jarru-\/ajodynamiikka: f\u00fcr Fahrzeuge mit ABS; RENAULT: CLIO II BB0\/1\/2_, CB0\/1\/2_,MEGANE I BA0\/1_,MEGANE I Cabriolet EA0\/1_,MEGANE I Classic LA0\/1_,MEGANE I Coach DA0\/1_,CLIO II Kasten SB0\/1\/2_,19 II B\/C53_,19 II Cabriolet D53_, 853_,19 I B\/C53_,19 II Chamade L53_,19 I Chamade L53_,THALIA I LB0\/1\/2_,19 I Cabriolet D53_,19 II Kasten S53_,19 I Kasten S53_; 7700780078, 7701204293, 7701204294, 7701204523, 7701204901; Jarrulevy<\/p>\n","protected":false},"excerpt":{"rendered":"<p>RIDEX Jarrulevyt 82B0761 Jarrulevy RENAULT,CLIO II BB0\/1\/2_, CB0\/1\/2_,MEGANE I BA0\/1_,MEGANE I Cabriolet EA0\/1_,MEGANE I Classic LA0\/1_<\/p>\n","protected":false},"featured_media":0,"template":"","meta":{"site-sidebar-layout":"default","site-content-layout":"default","ast-global-header-display":"","ast-main-header-display":"","ast-hfb-above-header-display":"","ast-hfb-below-header-display":"","ast-hfb-mobile-header-display":"","site-post-title":"","ast-breadcrumbs-content":"","ast-featured-img":"","footer-sml-layout":"","theme-transparent-header-meta":"","adv-header-id-meta":"","stick-header-meta":"","header-above-stick-meta":"","header-main-stick-meta":"","header-below-stick-meta":""},"pwb-brand":[157],"product_cat":[66],"product_tag":[],"class_list":{"0":"post-42896","1":"product","2":"type-product","3":"status-publish","5":"pwb-brand-ridex","6":"product_cat-jarrulevyt","7":"desktop-align-left","8":"tablet-align-left","9":"mobile-align-left","11":"first","12":"instock","13":"product-type-external"},"brands":[{"id":157,"name":"RIDEX","slug":"ridex"}],"_links":{"self":[{"href":"https:\/\/www.autonvaraosahaku.fi\/index.php?rest_route=\/wp\/v2\/product\/42896","targetHints":{"allow":["GET"]}}],"collection":[{"href":"https:\/\/www.autonvaraosahaku.fi\/index.php?rest_route=\/wp\/v2\/product"}],"about":[{"href":"https:\/\/www.autonvaraosahaku.fi\/index.php?rest_route=\/wp\/v2\/types\/product"}],"wp:attachment":[{"href":"https:\/\/www.autonvaraosahaku.fi\/index.php?rest_route=%2Fwp%2Fv2%2Fmedia&parent=42896"}],"wp:term":[{"taxonomy":"pwb-brand","embeddable":true,"href":"https:\/\/www.autonvaraosahaku.fi\/index.php?rest_route=%2Fwp%2Fv2%2Fpwb-brand&post=42896"},{"taxonomy":"product_cat","embeddable":true,"href":"https:\/\/www.autonvaraosahaku.fi\/index.php?rest_route=%2Fwp%2Fv2%2Fproduct_cat&post=42896"},{"taxonomy":"product_tag","embeddable":true,"href":"https:\/\/www.autonvaraosahaku.fi\/index.php?rest_route=%2Fwp%2Fv2%2Fproduct_tag&post=42896"}],"curies":[{"name":"wp","href":"https:\/\/api.w.org\/{rel}","templated":true}]}}