{"id":42902,"date":"2021-02-21T16:56:25","date_gmt":"2021-02-21T16:56:25","guid":{"rendered":"https:\/\/www.autonvaraosahaku.fi\/?product=ridex-82b0353-jarrulevyt"},"modified":"2021-02-21T16:56:26","modified_gmt":"2021-02-21T16:56:26","slug":"ridex-82b0353-jarrulevyt","status":"publish","type":"product","link":"https:\/\/www.autonvaraosahaku.fi\/?product=ridex-82b0353-jarrulevyt","title":{"rendered":"RIDEX 82B0353 Jarrulevyt"},"content":{"rendered":"<p>L\u00e4pimitta [mm]: 280; Korkeus (mm): 56,3; Reik\u00e4-\u00d8 [mm]: 14; Jarrulevytyyppi: Tuuletettu; Jarrulevyn paksuus (mm): 26; V\u00e4himm\u00e4ispaksuus (mm): 23; Sis\u00e4l\u00e4pimitta [mm]: 139; Reikien m\u00e4\u00e4r\u00e4: 5; keskitt\u00e4misl\u00e4pimitta [mm]: 68; Reik\u00e4ympyr\u00e4-\u00d8 [mm]: 108; Reik\u00e4-\u00d8 1 [mm]: 14; Reik\u00e4-\u00d8 2 [mm]: 7,6; Asennuspuoli: Etuakseli; Reik\u00e4kuvio\/-m\u00e4\u00e4r\u00e4: 5\/10; Jarru-\/ajodynamiikka: f\u00fcr Fahrzeuge mit ABS; VOLVO: 940 II Kombi 945,940 Kombi 945,740 Kombi 745,960 II Kombi 965,740 744,960 II 964,940 944,760 704, 764,960 Kombi 965,760 Kombi 704, 765,940 II 944,960 964; 31262209, 3516567, 35165679, 6848902; Jarrulevy<\/p>\n","protected":false},"excerpt":{"rendered":"<p>RIDEX Jarrulevyt 82B0353 Jarrulevy VOLVO,940 II Kombi 945,940 Kombi 945,740 Kombi 745,960 II Kombi 965,740 744,960 II 964,940 944,760 704, 764<\/p>\n","protected":false},"featured_media":0,"template":"","meta":{"site-sidebar-layout":"default","site-content-layout":"default","ast-global-header-display":"","ast-main-header-display":"","ast-hfb-above-header-display":"","ast-hfb-below-header-display":"","ast-hfb-mobile-header-display":"","site-post-title":"","ast-breadcrumbs-content":"","ast-featured-img":"","footer-sml-layout":"","theme-transparent-header-meta":"","adv-header-id-meta":"","stick-header-meta":"","header-above-stick-meta":"","header-main-stick-meta":"","header-below-stick-meta":""},"pwb-brand":[157],"product_cat":[66],"product_tag":[],"class_list":{"0":"post-42902","1":"product","2":"type-product","3":"status-publish","5":"pwb-brand-ridex","6":"product_cat-jarrulevyt","7":"desktop-align-left","8":"tablet-align-left","9":"mobile-align-left","11":"first","12":"instock","13":"product-type-external"},"brands":[{"id":157,"name":"RIDEX","slug":"ridex"}],"_links":{"self":[{"href":"https:\/\/www.autonvaraosahaku.fi\/index.php?rest_route=\/wp\/v2\/product\/42902","targetHints":{"allow":["GET"]}}],"collection":[{"href":"https:\/\/www.autonvaraosahaku.fi\/index.php?rest_route=\/wp\/v2\/product"}],"about":[{"href":"https:\/\/www.autonvaraosahaku.fi\/index.php?rest_route=\/wp\/v2\/types\/product"}],"wp:attachment":[{"href":"https:\/\/www.autonvaraosahaku.fi\/index.php?rest_route=%2Fwp%2Fv2%2Fmedia&parent=42902"}],"wp:term":[{"taxonomy":"pwb-brand","embeddable":true,"href":"https:\/\/www.autonvaraosahaku.fi\/index.php?rest_route=%2Fwp%2Fv2%2Fpwb-brand&post=42902"},{"taxonomy":"product_cat","embeddable":true,"href":"https:\/\/www.autonvaraosahaku.fi\/index.php?rest_route=%2Fwp%2Fv2%2Fproduct_cat&post=42902"},{"taxonomy":"product_tag","embeddable":true,"href":"https:\/\/www.autonvaraosahaku.fi\/index.php?rest_route=%2Fwp%2Fv2%2Fproduct_tag&post=42902"}],"curies":[{"name":"wp","href":"https:\/\/api.w.org\/{rel}","templated":true}]}}