{"id":42923,"date":"2021-02-21T16:56:31","date_gmt":"2021-02-21T16:56:31","guid":{"rendered":"https:\/\/www.autonvaraosahaku.fi\/?product=mahle-original-kl-2-polttoainesuodatin"},"modified":"2021-02-21T16:56:32","modified_gmt":"2021-02-21T16:56:32","slug":"mahle-original-kl-2-polttoainesuodatin","status":"publish","type":"product","link":"https:\/\/www.autonvaraosahaku.fi\/?product=mahle-original-kl-2-polttoainesuodatin","title":{"rendered":"MAHLE ORIGINAL KL 2 Polttoainesuodatin"},"content":{"rendered":"<p>Suodatintyyppi: Letkusuodatin; L\u00e4pimitta [mm]: 80,0; Kopan l\u00e4pimitta (mm): 75,0; Korkeus 1 (mm): 99,0, 109,5; Korkeus (mm): 162,5, 162,5, 164,0, 164,0; L\u00e4pimitta 2 [mm]: 8,0, 8,0; L\u00e4pimitta 3 [mm]: 8,0, 8,0; Paino [g]: 0,41; Korkeus (tuumaa): 6,5; Leveys (tuumaa): 3,35; Pituus (tuumaa): 3,35; Moottorinumero: AAV\/NZ; VW: GOLF IV 1J1,PASSAT Variant 3B6,TRANSPORTER IV Bus 70XB, 70XC, 7DB, 7DW,GOLF III 1H1,SHARAN 7M8, 7M9, 7M6,GOLF II 19E, 1G1,PASSAT Variant 3B5,PASSAT Variant 3A5, 35I,PASSAT 3B2,GOLF I Cabriolet 155,GOLF III Cabriolet 1E7,TRANSPORTER IV Kasten 70XA,PASSAT 3B3,GOLF Mk III Cabriolet 1E7,GOLF III Variant 1H5,TRANSPORTER III Bus,POLO 86C, 80,KAEFER,POLO Coupe 86C, 80,PASSAT 3A2, 35I,CORRADO 53I,TRANSPORTER IV Pritsche\/Fahrgestell 70XD,SCIROCCO 53B,VENTO 1H2,GOLF I 17,CADDY I 14,JETTA II 19E, 1G2, 165,TRANSPORTER III Kasten,POLO CLASSIC 86C, 80,TRANSPORTER III Pritsche\/Fahrgestell,POLO Kasten 86CF,GOLF II Van 19E, 1G1,GOLF III Van 1H1; AUDI: A4 8D2, B5,A6 Avant 4B5, C5,A4 Avant 8D5, B5,A6 4F2, C6,A6 4B2, C5,CABRIOLET 8G7, B4,A6 Avant 4A, C4; SKODA: SUPERB 3U4; SEAT: ALHAMBRA 7V8, 7V9,TOLEDO I 1L,MARBELLA 28,IBIZA I 021A,MALAGA 023A; FORD: GALAXY WGR; CITRO\u00cbN: XM Y3; ZASTAVA: YUGO,YUGO FLORIDA; 021104653A, 1H0201511, 1H0201511A, 1HO201511, 251201511A, 251201511H, SE021104653A, A11111710CA, A11111711CA, 93231685, 156778, 021104653A, 1H0201511, 1H0201511A, 1HO201511, 251201511A, 251201511H, SE021104653A, 1485678, 7212351, 95VW9155BA, 95VW9155CA, EFG317, 52255325, BRO272, 156713, 156720, 156787, 156793, 7711130026, 771130026, 021104653A, 191201511A, 1H0201511, 1H0201511A, 251201511A, 251201511H, 441201511C, 558261275, 7M0127401A, SE021104653A, ZBC261275<\/p>\n","protected":false},"excerpt":{"rendered":"<p>MAHLE ORIGINAL Polttoainesuodatin KL 2  VW,AUDI,SKODA,GOLF IV 1J1,PASSAT Variant 3B6,TRANSPORTER IV Bus 70XB, 70XC, 7DB, 7DW,GOLF III 1H1<\/p>\n","protected":false},"featured_media":0,"template":"","meta":{"site-sidebar-layout":"default","site-content-layout":"default","ast-global-header-display":"","ast-main-header-display":"","ast-hfb-above-header-display":"","ast-hfb-below-header-display":"","ast-hfb-mobile-header-display":"","site-post-title":"","ast-breadcrumbs-content":"","ast-featured-img":"","footer-sml-layout":"","theme-transparent-header-meta":"","adv-header-id-meta":"","stick-header-meta":"","header-above-stick-meta":"","header-main-stick-meta":"","header-below-stick-meta":""},"pwb-brand":[153],"product_cat":[29],"product_tag":[],"class_list":{"0":"post-42923","1":"product","2":"type-product","3":"status-publish","5":"pwb-brand-mahle-original","6":"product_cat-polttoainesuodatin","7":"desktop-align-left","8":"tablet-align-left","9":"mobile-align-left","11":"first","12":"instock","13":"product-type-external"},"brands":[{"id":153,"name":"MAHLE ORIGINAL","slug":"mahle-original"}],"_links":{"self":[{"href":"https:\/\/www.autonvaraosahaku.fi\/index.php?rest_route=\/wp\/v2\/product\/42923","targetHints":{"allow":["GET"]}}],"collection":[{"href":"https:\/\/www.autonvaraosahaku.fi\/index.php?rest_route=\/wp\/v2\/product"}],"about":[{"href":"https:\/\/www.autonvaraosahaku.fi\/index.php?rest_route=\/wp\/v2\/types\/product"}],"wp:attachment":[{"href":"https:\/\/www.autonvaraosahaku.fi\/index.php?rest_route=%2Fwp%2Fv2%2Fmedia&parent=42923"}],"wp:term":[{"taxonomy":"pwb-brand","embeddable":true,"href":"https:\/\/www.autonvaraosahaku.fi\/index.php?rest_route=%2Fwp%2Fv2%2Fpwb-brand&post=42923"},{"taxonomy":"product_cat","embeddable":true,"href":"https:\/\/www.autonvaraosahaku.fi\/index.php?rest_route=%2Fwp%2Fv2%2Fproduct_cat&post=42923"},{"taxonomy":"product_tag","embeddable":true,"href":"https:\/\/www.autonvaraosahaku.fi\/index.php?rest_route=%2Fwp%2Fv2%2Fproduct_tag&post=42923"}],"curies":[{"name":"wp","href":"https:\/\/api.w.org\/{rel}","templated":true}]}}