{"id":42938,"date":"2021-02-21T16:56:31","date_gmt":"2021-02-21T16:56:31","guid":{"rendered":"https:\/\/www.autonvaraosahaku.fi\/?product=japanparts-fc-200s-polttoainesuodatin"},"modified":"2021-02-21T16:56:35","modified_gmt":"2021-02-21T16:56:35","slug":"japanparts-fc-200s-polttoainesuodatin","status":"publish","type":"product","link":"https:\/\/www.autonvaraosahaku.fi\/?product=japanparts-fc-200s-polttoainesuodatin","title":{"rendered":"JAPANPARTS FC-200S Polttoainesuodatin"},"content":{"rendered":"<p>Pituus (mm): 76; Ulkol\u00e4pimitta [mm]: 84; Sis\u00e4l\u00e4pimitta [mm]: 9; LEXUS: IS II GSE2_, ALE2_, USE2_; TOYOTA: HILUX III Pick-up TGN1_, GGN2_, GGN1_, KUN2_, KUN1_; ISUZU: D-MAX TFR, TFS; 8981017493, 8981159630, 8981596930, 8981824450, 8981941190, 98101749, 98159693, 98182455, 98194119, 233900L010, 233900L030, 233900L040, 233900L041, 2339030200, 23390YZZA1, 23390YZZA2, 1770A233, 1770A321, 233000L010, 233000L020, 233000L031, 233000L032, 233000L042, 2330026100, 2330026101, 233900L010, 233900L011, 233900L020, 233900L041, 23390OL010<\/p>\n","protected":false},"excerpt":{"rendered":"<p>JAPANPARTS Polttoainesuodatin FC-200S  LEXUS,TOYOTA,ISUZU,IS II GSE2_, ALE2_, USE2_,HILUX III Pick-up TGN1_, GGN2_, GGN1_, KUN2_, KUN1_,D-MAX TFR, TFS<\/p>\n","protected":false},"featured_media":0,"template":"","meta":{"site-sidebar-layout":"default","site-content-layout":"default","ast-global-header-display":"","ast-main-header-display":"","ast-hfb-above-header-display":"","ast-hfb-below-header-display":"","ast-hfb-mobile-header-display":"","site-post-title":"","ast-breadcrumbs-content":"","ast-featured-img":"","footer-sml-layout":"","theme-transparent-header-meta":"","adv-header-id-meta":"","stick-header-meta":"","header-above-stick-meta":"","header-main-stick-meta":"","header-below-stick-meta":""},"pwb-brand":[334],"product_cat":[29],"product_tag":[],"class_list":{"0":"post-42938","1":"product","2":"type-product","3":"status-publish","5":"pwb-brand-japanparts","6":"product_cat-polttoainesuodatin","7":"desktop-align-left","8":"tablet-align-left","9":"mobile-align-left","11":"first","12":"instock","13":"product-type-external"},"brands":[{"id":334,"name":"JAPANPARTS","slug":"japanparts"}],"_links":{"self":[{"href":"https:\/\/www.autonvaraosahaku.fi\/index.php?rest_route=\/wp\/v2\/product\/42938","targetHints":{"allow":["GET"]}}],"collection":[{"href":"https:\/\/www.autonvaraosahaku.fi\/index.php?rest_route=\/wp\/v2\/product"}],"about":[{"href":"https:\/\/www.autonvaraosahaku.fi\/index.php?rest_route=\/wp\/v2\/types\/product"}],"wp:attachment":[{"href":"https:\/\/www.autonvaraosahaku.fi\/index.php?rest_route=%2Fwp%2Fv2%2Fmedia&parent=42938"}],"wp:term":[{"taxonomy":"pwb-brand","embeddable":true,"href":"https:\/\/www.autonvaraosahaku.fi\/index.php?rest_route=%2Fwp%2Fv2%2Fpwb-brand&post=42938"},{"taxonomy":"product_cat","embeddable":true,"href":"https:\/\/www.autonvaraosahaku.fi\/index.php?rest_route=%2Fwp%2Fv2%2Fproduct_cat&post=42938"},{"taxonomy":"product_tag","embeddable":true,"href":"https:\/\/www.autonvaraosahaku.fi\/index.php?rest_route=%2Fwp%2Fv2%2Fproduct_tag&post=42938"}],"curies":[{"name":"wp","href":"https:\/\/api.w.org\/{rel}","templated":true}]}}