{"id":42952,"date":"2021-02-21T16:56:36","date_gmt":"2021-02-21T16:56:36","guid":{"rendered":"https:\/\/www.autonvaraosahaku.fi\/?product=febi-bilstein-33925-pyoranpultit"},"modified":"2021-02-21T16:56:39","modified_gmt":"2021-02-21T16:56:39","slug":"febi-bilstein-33925-pyoranpultit","status":"publish","type":"product","link":"https:\/\/www.autonvaraosahaku.fi\/?product=febi-bilstein-33925-pyoranpultit","title":{"rendered":"FEBI BILSTEIN 33925 Py\u00f6r\u00e4npultit"},"content":{"rendered":"<p>Paksuus [mm]: 23,0; Ulkol\u00e4pimitta [mm]: 24,0; Sis\u00e4kierre (mm): M12 x 1,25; Laatu \/ luokka: 8; Avainv\u00e4li: 17; Ruuvikanta\/mutteriprofiili: Kuusioruuvi \/-mutteri; Py\u00f6r\u00e4n kiinnitys: Kartiolaippa F; Materiaali: Ter\u00e4s; Pinta: Sinkitetty; Asennuspuoli: Etuakseli, Taka-akseli; Paino [kg]: 0,03; Huomioi huolto-ohjeet: , ; Vanteet: f\u00fcr Stahlfelgen; CHEVROLET: MATIZ M200, M250,SPARK M200 M250,SPARK M150; DAEWOO: MATIZ KLYA,MATIZ Kasten KLA4; 0915912015, 0915912015000, 94515410, 94515470, 0915912015, 0915912015000, 915912015, 915912015000, 94515410, 94515470; Py\u00f6r\u00e4n Mutteri<\/p>\n","protected":false},"excerpt":{"rendered":"<p>FEBI BILSTEIN Py\u00f6r\u00e4nmutterit 33925 Py\u00f6r\u00e4n Mutteri CHEVROLET,DAEWOO,MATIZ M200, M250,SPARK M200 M250,SPARK M150,MATIZ KLYA,MATIZ Kasten KLA4<\/p>\n","protected":false},"featured_media":0,"template":"","meta":{"site-sidebar-layout":"default","site-content-layout":"default","ast-global-header-display":"","ast-main-header-display":"","ast-hfb-above-header-display":"","ast-hfb-below-header-display":"","ast-hfb-mobile-header-display":"","site-post-title":"","ast-breadcrumbs-content":"","ast-featured-img":"","footer-sml-layout":"","theme-transparent-header-meta":"","adv-header-id-meta":"","stick-header-meta":"","header-above-stick-meta":"","header-main-stick-meta":"","header-below-stick-meta":""},"pwb-brand":[50],"product_cat":[51],"product_tag":[],"class_list":{"0":"post-42952","1":"product","2":"type-product","3":"status-publish","5":"pwb-brand-febi-bilstein","6":"product_cat-pyoranpultit","7":"desktop-align-left","8":"tablet-align-left","9":"mobile-align-left","11":"first","12":"instock","13":"product-type-external"},"brands":[{"id":50,"name":"FEBI BILSTEIN","slug":"febi-bilstein"}],"_links":{"self":[{"href":"https:\/\/www.autonvaraosahaku.fi\/index.php?rest_route=\/wp\/v2\/product\/42952","targetHints":{"allow":["GET"]}}],"collection":[{"href":"https:\/\/www.autonvaraosahaku.fi\/index.php?rest_route=\/wp\/v2\/product"}],"about":[{"href":"https:\/\/www.autonvaraosahaku.fi\/index.php?rest_route=\/wp\/v2\/types\/product"}],"wp:attachment":[{"href":"https:\/\/www.autonvaraosahaku.fi\/index.php?rest_route=%2Fwp%2Fv2%2Fmedia&parent=42952"}],"wp:term":[{"taxonomy":"pwb-brand","embeddable":true,"href":"https:\/\/www.autonvaraosahaku.fi\/index.php?rest_route=%2Fwp%2Fv2%2Fpwb-brand&post=42952"},{"taxonomy":"product_cat","embeddable":true,"href":"https:\/\/www.autonvaraosahaku.fi\/index.php?rest_route=%2Fwp%2Fv2%2Fproduct_cat&post=42952"},{"taxonomy":"product_tag","embeddable":true,"href":"https:\/\/www.autonvaraosahaku.fi\/index.php?rest_route=%2Fwp%2Fv2%2Fproduct_tag&post=42952"}],"curies":[{"name":"wp","href":"https:\/\/api.w.org\/{rel}","templated":true}]}}