{"id":42985,"date":"2021-02-21T16:56:46","date_gmt":"2021-02-21T16:56:46","guid":{"rendered":"https:\/\/www.autonvaraosahaku.fi\/?product=hella-9xw-197-765-201-pyyhkijansulat"},"modified":"2021-02-21T16:56:48","modified_gmt":"2021-02-21T16:56:48","slug":"hella-9xw-197-765-201-pyyhkijansulat","status":"publish","type":"product","link":"https:\/\/www.autonvaraosahaku.fi\/?product=hella-9xw-197-765-201-pyyhkijansulat","title":{"rendered":"HELLA 9XW 197 765-201 Pyyhkij\u00e4nsulat"},"content":{"rendered":"<p>Asennuspuoli: Edess\u00e4, beifahrerseitig; Pituus (mm): 500; Lis\u00e4adapteri: Adapter 1)2)3)4)5)7); Pituus (tuumaa): 20; Vasen \/ oikea liikenne: Oikean-\/vasemmanpuolinen ohjaus; M\u00e4\u00e4r\u00e4: 1; Tuotelinja: Dyna Blade; Pyyhkij\u00e4nsulkatyyppi: Rungottomat; VW: PASSAT Variant 3B6,PASSAT Variant 3B5,PASSAT 3B2,PASSAT 3B3; AUDI: 80 8C, B4,A5 8T3,A8 4D2, 4D8,80 Avant 8C, B4; BMW: 1 E87,X3 E83,1 E81,3 Compact E36,3 E36,X5 E70,X3 F25,Z3 E36,3 Cabriolet E36,3 Touring E36,1 Cabriolet E88,1 Coupe E82,X6 E71, E72,Z3 Coupe E36; OPEL: CORSA C F08, F68,ASTRA G CC F48_, F08_,ASTRA G Caravan F35_,AGILA A H00,TIGRA TwinTop,ASTRA G Cabriolet F67,ASTRA G Coupe F07_,COMBO Kasten\/Kombi,ASTRA G Stufenheck F69_,COMBO Tour,CORSA C Kasten F08, W5L,ASTRA F CLASSIC CC,ASTRA F CLASSIC Stufenheck,MONTEREY A UBS_,ASTRA F CLASSIC Caravan,ASTRA G Kasten F70,ASTRA G CLASSIC Caravan F35,ASTRA G CLASSIC T98,ASTRA G CLASSIC Stufenheck T98; FORD: MONDEO III Kombi BWY,MONDEO III B5Y,MONDEO III Stufenheck B4Y,MONDEO II Kombi BNP,TRANSIT CONNECT P65_, P70_, P80_,COUGAR EC_,MONDEO II BAP,TOURNEO CONNECT,MONDEO II Stufenheck BFP,MONDEO I Kombi BNP,MONDEO I GBP,MAVERICK UDS, UNS,MONDEO I Stufenheck GBP,MAVERICK VAN; RENAULT: CLIO II BB0\/1\/2_, CB0\/1\/2_,KANGOO KC0\/1_,LAGUNA II Grandtour KG0\/1_,LAGUNA II BG0\/1_,MEGANE I BA0\/1_,KANGOO Express FC0\/1_,MEGANE I Grandtour KA0\/1_,MEGANE I Cabriolet EA0\/1_,CLIO I B\/C57_, 5\/357_,MEGANE I Classic LA0\/1_,MEGANE I Coach DA0\/1_,CLIO II Kasten SB0\/1\/2_,19 II B\/C53_,19 II Cabriolet D53_, 853_,19 I B\/C53_,TRAFIC Kasten TXX,TRAFIC Bus TXW,19 II Chamade L53_,19 I Chamade L53_,TRAFIC Kasten T1, T3, T4,SANDERO\/STEPWAY I,CLIO I Kasten S57_,19 I Cabriolet D53_,TRAFIC Bus T5, T6, T7,DUSTER,LOGAN I Kombi KS_,19 II Kasten S53_,TRAFIC Pritsche\/Fahrgestell P6,LOGAN I LS_,19 I Kasten S53_,TRAFIC Pritsche\/Fahrgestell PXX,LOGAN EXPRESS,LOGAN II; FIAT: SCUDO 270_,SCUDO Kasten 270_,BRAVO I 182,ULYSSE 220,BRAVA 182,SCUDO Kasten 220L,SCUDO Combinato 220P,CROMA 154,SCUDO Pritsche\/Fahrgestell 270_,SCUDO Pritsche\/Fahrgestell 220_; SKODA: SUPERB 3U4,FELICIA I 6U1,FELICIA II 6U1,FELICIA I Kombi 6U5,FELICIA II Kombi 6U5,FAVORIT Forman 785,FAVORIT Pick-up 787; PEUGEOT: 106 II 1,306 Schr\u00e4gheck 7A, 7C, N3, N5,306 Cabriolet 7D, N3, N5,PARTNER Tepee,RCZ,106 I 1A, 1C,406 Coupe 8C,306 Break 7E, N3, N5,806 221,EXPERT Tepee VF3V_,EXPERT Kasten VF3A_, VF3U_, VF3X_,306 7B, N3, N5,EXPERT Kasten 222,EXPERT 224,106 Van 1_,306 Van N_, 7_,EXPERT Pritsche\/Fahrgestell 223,EXPERT Pritsche\/Fahrgestell; SEAT: TOLEDO I 1L,INCA 6K9; Tuulilasinpyyhkimet,Pyyhkij\u00e4t,Pyyhkij\u00e4nsulka<\/p>\n","protected":false},"excerpt":{"rendered":"<p>HELLA Pyyhkij\u00e4nsulat 9XW 197 765-201 Tuulilasinpyyhkimet,Pyyhkij\u00e4t VW,AUDI,BMW,PASSAT Variant 3B6,PASSAT Variant 3B5,PASSAT 3B2,PASSAT 3B3,80 8C, B4<\/p>\n","protected":false},"featured_media":0,"template":"","meta":{"site-sidebar-layout":"default","site-content-layout":"default","ast-global-header-display":"","ast-main-header-display":"","ast-hfb-above-header-display":"","ast-hfb-below-header-display":"","ast-hfb-mobile-header-display":"","site-post-title":"","ast-breadcrumbs-content":"","ast-featured-img":"","footer-sml-layout":"","theme-transparent-header-meta":"","adv-header-id-meta":"","stick-header-meta":"","header-above-stick-meta":"","header-main-stick-meta":"","header-below-stick-meta":""},"pwb-brand":[24],"product_cat":[33],"product_tag":[],"class_list":{"0":"post-42985","1":"product","2":"type-product","3":"status-publish","5":"pwb-brand-hella","6":"product_cat-pyyhkijansulat","7":"desktop-align-left","8":"tablet-align-left","9":"mobile-align-left","11":"first","12":"instock","13":"product-type-external"},"brands":[{"id":24,"name":"HELLA","slug":"hella"}],"_links":{"self":[{"href":"https:\/\/www.autonvaraosahaku.fi\/index.php?rest_route=\/wp\/v2\/product\/42985","targetHints":{"allow":["GET"]}}],"collection":[{"href":"https:\/\/www.autonvaraosahaku.fi\/index.php?rest_route=\/wp\/v2\/product"}],"about":[{"href":"https:\/\/www.autonvaraosahaku.fi\/index.php?rest_route=\/wp\/v2\/types\/product"}],"wp:attachment":[{"href":"https:\/\/www.autonvaraosahaku.fi\/index.php?rest_route=%2Fwp%2Fv2%2Fmedia&parent=42985"}],"wp:term":[{"taxonomy":"pwb-brand","embeddable":true,"href":"https:\/\/www.autonvaraosahaku.fi\/index.php?rest_route=%2Fwp%2Fv2%2Fpwb-brand&post=42985"},{"taxonomy":"product_cat","embeddable":true,"href":"https:\/\/www.autonvaraosahaku.fi\/index.php?rest_route=%2Fwp%2Fv2%2Fproduct_cat&post=42985"},{"taxonomy":"product_tag","embeddable":true,"href":"https:\/\/www.autonvaraosahaku.fi\/index.php?rest_route=%2Fwp%2Fv2%2Fproduct_tag&post=42985"}],"curies":[{"name":"wp","href":"https:\/\/api.w.org\/{rel}","templated":true}]}}