{"id":43013,"date":"2021-02-21T16:56:51","date_gmt":"2021-02-21T16:56:51","guid":{"rendered":"https:\/\/www.autonvaraosahaku.fi\/?product=alkar-6432485-sivupeilin-lasi"},"modified":"2021-02-21T16:56:54","modified_gmt":"2021-02-21T16:56:54","slug":"alkar-6432485-sivupeilin-lasi","status":"publish","type":"product","link":"https:\/\/www.autonvaraosahaku.fi\/?product=alkar-6432485-sivupeilin-lasi","title":{"rendered":"ALKAR 6432485 Sivupeilin lasi"},"content":{"rendered":"<p>Asennuspuoli: Oikea; Laatu: ALKAR; Leveys (mm): 155; Korkeus (mm): 95; Vain jnk. yhteydess\u00e4: OEM; Vasen \/ oikea liikenne: Oikean-\/vasemmanpuolinen ohjaus; Ulko-\/sis\u00e4peili: sinis\u00e4vyinen, L\u00e4mmitetty, Kupera; Lasin v\u00e4ri: Sininen; BMW: 3 E46,3 Touring E46,3 Compact E46,3 Compact E36,3 E36,3 E30,3 Coupe E36,5 E34,3 Cabriolet E36,3 Touring E36,7 E32,5 Touring E34,3 Touring E30; 51161901177, 51161938064, 51168119711; Peililasi, Ulkopeili<\/p>\n","protected":false},"excerpt":{"rendered":"<p>ALKAR Sivupeilin Lasi 6432485 Peililasi, Ulkopeili BMW,3 E46,3 Touring E46,3 Compact E46,3 Compact E36,3 E36,3 E30,3 Coupe E36,5 E34,3 Cabriolet E36<\/p>\n","protected":false},"featured_media":0,"template":"","meta":{"site-sidebar-layout":"default","site-content-layout":"default","ast-global-header-display":"","ast-main-header-display":"","ast-hfb-above-header-display":"","ast-hfb-below-header-display":"","ast-hfb-mobile-header-display":"","site-post-title":"","ast-breadcrumbs-content":"","ast-featured-img":"","footer-sml-layout":"","theme-transparent-header-meta":"","adv-header-id-meta":"","stick-header-meta":"","header-above-stick-meta":"","header-main-stick-meta":"","header-below-stick-meta":""},"pwb-brand":[320],"product_cat":[196],"product_tag":[],"class_list":{"0":"post-43013","1":"product","2":"type-product","3":"status-publish","5":"pwb-brand-alkar","6":"product_cat-sivupeilin-lasi","7":"desktop-align-left","8":"tablet-align-left","9":"mobile-align-left","11":"first","12":"instock","13":"product-type-external"},"brands":[{"id":320,"name":"ALKAR","slug":"alkar"}],"_links":{"self":[{"href":"https:\/\/www.autonvaraosahaku.fi\/index.php?rest_route=\/wp\/v2\/product\/43013","targetHints":{"allow":["GET"]}}],"collection":[{"href":"https:\/\/www.autonvaraosahaku.fi\/index.php?rest_route=\/wp\/v2\/product"}],"about":[{"href":"https:\/\/www.autonvaraosahaku.fi\/index.php?rest_route=\/wp\/v2\/types\/product"}],"wp:attachment":[{"href":"https:\/\/www.autonvaraosahaku.fi\/index.php?rest_route=%2Fwp%2Fv2%2Fmedia&parent=43013"}],"wp:term":[{"taxonomy":"pwb-brand","embeddable":true,"href":"https:\/\/www.autonvaraosahaku.fi\/index.php?rest_route=%2Fwp%2Fv2%2Fpwb-brand&post=43013"},{"taxonomy":"product_cat","embeddable":true,"href":"https:\/\/www.autonvaraosahaku.fi\/index.php?rest_route=%2Fwp%2Fv2%2Fproduct_cat&post=43013"},{"taxonomy":"product_tag","embeddable":true,"href":"https:\/\/www.autonvaraosahaku.fi\/index.php?rest_route=%2Fwp%2Fv2%2Fproduct_tag&post=43013"}],"curies":[{"name":"wp","href":"https:\/\/api.w.org\/{rel}","templated":true}]}}