{"id":43020,"date":"2021-02-21T16:56:57","date_gmt":"2021-02-21T16:56:57","guid":{"rendered":"https:\/\/www.autonvaraosahaku.fi\/?product=diederichs-2213088-ajovaloumpio"},"modified":"2021-02-21T16:56:57","modified_gmt":"2021-02-21T16:56:57","slug":"diederichs-2213088-ajovaloumpio","status":"publish","type":"product","link":"https:\/\/www.autonvaraosahaku.fi\/?product=diederichs-2213088-ajovaloumpio","title":{"rendered":"DIEDERICHS 2213088 Ajovaloumpio"},"content":{"rendered":"<p>Asennuspuoli: Oikea; Vasen \/ oikea liikenne: Oikeanpuoleiselle liikenteelle; Lamppumalli: H7, H1; Laatu: Depo \/ TYC; Valotoiminto: ilman sumuvaloa; Lis\u00e4tarvike\/lis\u00e4tieto: Ilman s\u00e4hk\u00f6moottoria; Varusteet: Valonsuuntaimella varustetuile (s\u00e4hk\u00f6); Rekister\u00f6ity tyyppi: E-hyv\u00e4ksytty; VW: GOLF IV 1J1,GOLF IV Variant 1J5,GOLF Mk III Cabriolet 1E7; 1J1941018J, 1J1941018B, 1J1941018F, 1J1941018J; Ajovalot,Etuvalot,Ajovalo<\/p>\n","protected":false},"excerpt":{"rendered":"<p>DIEDERICHS Ajovaloumpio 2213088 Ajovalot,Etuvalot VW,GOLF IV 1J1,GOLF IV Variant 1J5,GOLF Mk III Cabriolet 1E7<\/p>\n","protected":false},"featured_media":0,"template":"","meta":{"site-sidebar-layout":"default","site-content-layout":"default","ast-global-header-display":"","ast-main-header-display":"","ast-hfb-above-header-display":"","ast-hfb-below-header-display":"","ast-hfb-mobile-header-display":"","site-post-title":"","ast-breadcrumbs-content":"","ast-featured-img":"","footer-sml-layout":"","theme-transparent-header-meta":"","adv-header-id-meta":"","stick-header-meta":"","header-above-stick-meta":"","header-main-stick-meta":"","header-below-stick-meta":""},"pwb-brand":[227],"product_cat":[185],"product_tag":[],"class_list":{"0":"post-43020","1":"product","2":"type-product","3":"status-publish","5":"pwb-brand-diederichs","6":"product_cat-ajovaloumpio","7":"desktop-align-left","8":"tablet-align-left","9":"mobile-align-left","11":"first","12":"instock","13":"product-type-external"},"brands":[{"id":227,"name":"DIEDERICHS","slug":"diederichs"}],"_links":{"self":[{"href":"https:\/\/www.autonvaraosahaku.fi\/index.php?rest_route=\/wp\/v2\/product\/43020","targetHints":{"allow":["GET"]}}],"collection":[{"href":"https:\/\/www.autonvaraosahaku.fi\/index.php?rest_route=\/wp\/v2\/product"}],"about":[{"href":"https:\/\/www.autonvaraosahaku.fi\/index.php?rest_route=\/wp\/v2\/types\/product"}],"wp:attachment":[{"href":"https:\/\/www.autonvaraosahaku.fi\/index.php?rest_route=%2Fwp%2Fv2%2Fmedia&parent=43020"}],"wp:term":[{"taxonomy":"pwb-brand","embeddable":true,"href":"https:\/\/www.autonvaraosahaku.fi\/index.php?rest_route=%2Fwp%2Fv2%2Fpwb-brand&post=43020"},{"taxonomy":"product_cat","embeddable":true,"href":"https:\/\/www.autonvaraosahaku.fi\/index.php?rest_route=%2Fwp%2Fv2%2Fproduct_cat&post=43020"},{"taxonomy":"product_tag","embeddable":true,"href":"https:\/\/www.autonvaraosahaku.fi\/index.php?rest_route=%2Fwp%2Fv2%2Fproduct_tag&post=43020"}],"curies":[{"name":"wp","href":"https:\/\/api.w.org\/{rel}","templated":true}]}}