{"id":43038,"date":"2021-02-21T16:56:57","date_gmt":"2021-02-21T16:56:57","guid":{"rendered":"https:\/\/www.autonvaraosahaku.fi\/?product=topran-115-664-muut-luokat"},"modified":"2021-02-21T16:57:01","modified_gmt":"2021-02-21T16:57:01","slug":"topran-115-664-muut-luokat","status":"publish","type":"product","link":"https:\/\/www.autonvaraosahaku.fi\/?product=topran-115-664-muut-luokat","title":{"rendered":"TOPRAN 115 664 Muut luokat"},"content":{"rendered":"<p>Nimellisj\u00e4nnite (V): 12; Reletoiminto: Kuormituksen alentaja X-kytkin, Ty\u00f6katkaisin, Ty\u00f6katkaisin, Ulkopeilin s\u00e4\u00e4t\u00f6, L\u00e4mmitett\u00e4va ulkopeili, Tuulilasi l\u00e4mmitetty, Takaikkuna l\u00e4mmitetty, Jarruvoiman tehostin, \u00c4\u00e4nitorvi, Turvavy\u00f6n kiristin, Sis\u00e4ilmapuhallin, Ilmahuivi (p\u00e4\u00e4nl\u00e4mmitys), Polttoainepumppu, J\u00e4\u00e4hdytysnestepumppu, H\u00e4t\u00e4katkaisija, Turvavy\u00f6varoitin, Seisontal\u00e4mmitys, K\u00e4ynnistin, Start-stop-j\u00e4rjestelm\u00e4, Tuuliohjain, Sytytyspuola; Napojen m\u00e4\u00e4r\u00e4: 5; VW: GOLF V 1K1,GOLF VI 5K1,GOLF PLUS 5M1, 521,POLO 6R, 6C,TIGUAN 5N_,PASSAT Variant 365,GOLF VII 5G1, BE1,CADDY III Kombi 2KB, 2KJ, 2CB, 2CJ,TRANSPORTER V Bus 7HB, 7HJ, 7EB, 7EJ, 7EF,TOURAN 1T3,GOLF VI Variant AJ5,UP,CADDY III Kasten 2KA, 2KH, 2CA, 2CH,GOLF VII Kombi BA5,EOS 1F7, 1F8,SCIROCCO 137, 138,TRANSPORTER V Kasten 7HA, 7HH, 7EA, 7EH,SHARAN 7N1, 7N2,CRAFTER 30-50 Kasten 2E_,JETTA III 1K2,PASSAT 362,AMAROK 2H_, S1B,CC 358,CRAFTER 30-35 Bus 2E_,POLO Stufenheck,TRANSPORTER V Pritsche\/Fahrgestell 7JD, 7JE, 7JL, 7JY, 7JZ,,CRAFTER 30-50 Pritsche\/Fahrgestell 2F_,PASSAT Variant 3G5,GOLF SPORTSVAN AM1,TOURAN,TIGUAN AD1,CADDY IV Kombi SAB, SAJ,PASSAT 3G2,CADDY IV Kasten SAA, SAH,CRAFTER Kasten SY_,ARTEON 3H7,CRAFTER Bus SY_,CRAFTER Pritsche\/Fahrgestell SZ_; AUDI: A4 Avant 8K5, B8,A6 Avant 4F5, C6,A3 8P1,A3 Sportback 8PA,A4 Avant 8E5, B6,A4 8E2, B6,A4 8K2, B8,Q5 8R,A6 4F2, C6,A6 Avant 4G5, C7, 4GD,A5 8T3,A5 Sportback 8TA,Q7 4L,A8 4E_,A3 Sportback 8VA,TT 8J3,Q3 8U,A6 4G2, C7, 4GC,A1 8X1, 8XF,A1 Sportback 8XA, 8XK,A7 Sportback 4GA, 4GF,A3 Limousine 8VS,TT Roadster 8J9,A3 8V1,A8 4H_,A4 Avant 8W5, B9,Q7 4M,A4 8W2, B9,TT FV3,A5 Sportback F5A,Q2 GA,TT Roadster FV9,A5 F53; SKODA: OCTAVIA Combi 1Z5,OCTAVIA Combi 5E5,YETI 5L,SUPERB Kombi 3T5,OCTAVIA 1Z3,CITIGO,SUPERB 3U4,SUPERB 3T4,RAPID Spaceback NH1,OCTAVIA 5E3,RAPID NH3,FABIA NJ3,FABIA Kombi NJ5,SUPERB Kombi 3V5,SUPERB 3V3; SEAT: LEON 5F1,LEON ST 5F8,EXEO ST 3R5,IBIZA II 6K1,Mii KF1_,EXEO 3R2,CORDOBA 6K1, 6K2,ATECA KH7,ARONA KJ7; 4H0951253C, 7M0951253C, 8Z0951253, 65259020007, 0035420219, 0045452905, A0035420219, A0045452905, 4H0951253C, 7M0951253C, 8Z0951253, 4H0951253C, 7M0951253C, 8Z0951253, 0035420219, 0045452905, A0035420219, A0045452905, 4H0951253C, 7M0951253C, 8Z0951253<\/p>\n","protected":false},"excerpt":{"rendered":"<p>TOPRAN Rele, Ty\u00f6virta 115 664  VW,AUDI,SKODA,GOLF V 1K1,GOLF VI 5K1,GOLF PLUS 5M1, 521,POLO 6R, 6C,TIGUAN 5N_,PASSAT Variant 365,GOLF VII 5G1, BE1<\/p>\n","protected":false},"featured_media":0,"template":"","meta":{"site-sidebar-layout":"default","site-content-layout":"default","ast-global-header-display":"","ast-main-header-display":"","ast-hfb-above-header-display":"","ast-hfb-below-header-display":"","ast-hfb-mobile-header-display":"","site-post-title":"","ast-breadcrumbs-content":"","ast-featured-img":"","footer-sml-layout":"","theme-transparent-header-meta":"","adv-header-id-meta":"","stick-header-meta":"","header-above-stick-meta":"","header-main-stick-meta":"","header-below-stick-meta":""},"pwb-brand":[18],"product_cat":[37],"product_tag":[],"class_list":{"0":"post-43038","1":"product","2":"type-product","3":"status-publish","5":"pwb-brand-topran","6":"product_cat-muut-luokat","7":"desktop-align-left","8":"tablet-align-left","9":"mobile-align-left","11":"first","12":"instock","13":"product-type-external"},"brands":[{"id":18,"name":"TOPRAN","slug":"topran"}],"_links":{"self":[{"href":"https:\/\/www.autonvaraosahaku.fi\/index.php?rest_route=\/wp\/v2\/product\/43038","targetHints":{"allow":["GET"]}}],"collection":[{"href":"https:\/\/www.autonvaraosahaku.fi\/index.php?rest_route=\/wp\/v2\/product"}],"about":[{"href":"https:\/\/www.autonvaraosahaku.fi\/index.php?rest_route=\/wp\/v2\/types\/product"}],"wp:attachment":[{"href":"https:\/\/www.autonvaraosahaku.fi\/index.php?rest_route=%2Fwp%2Fv2%2Fmedia&parent=43038"}],"wp:term":[{"taxonomy":"pwb-brand","embeddable":true,"href":"https:\/\/www.autonvaraosahaku.fi\/index.php?rest_route=%2Fwp%2Fv2%2Fpwb-brand&post=43038"},{"taxonomy":"product_cat","embeddable":true,"href":"https:\/\/www.autonvaraosahaku.fi\/index.php?rest_route=%2Fwp%2Fv2%2Fproduct_cat&post=43038"},{"taxonomy":"product_tag","embeddable":true,"href":"https:\/\/www.autonvaraosahaku.fi\/index.php?rest_route=%2Fwp%2Fv2%2Fproduct_tag&post=43038"}],"curies":[{"name":"wp","href":"https:\/\/api.w.org\/{rel}","templated":true}]}}