{"id":43082,"date":"2021-02-21T16:57:13","date_gmt":"2021-02-21T16:57:13","guid":{"rendered":"https:\/\/www.autonvaraosahaku.fi\/?product=elring-022-170-kampiakselin-tiiviste"},"modified":"2021-02-21T16:57:13","modified_gmt":"2021-02-21T16:57:13","slug":"elring-022-170-kampiakselin-tiiviste","status":"publish","type":"product","link":"https:\/\/www.autonvaraosahaku.fi\/?product=elring-022-170-kampiakselin-tiiviste","title":{"rendered":"ELRING 022.170 Kampiakselin tiiviste"},"content":{"rendered":"<p>Sis\u00e4l\u00e4pimitta [mm]: 34; Ulkol\u00e4pimitta [mm]: 48; Korkeus (mm): 7; Akselitiivisteen malli: AS; Rihlamalli: Oikea kierre; Materiaali: MVQ (silikooni\/kautsu); Suojavaippa: Suojakumilla; Asennuspuoli: stirnseitig; MAZDA: MX-5 II NB,323 F VI BJ,PREMACY CP,MX-5 I NA,626 V Hatchback GF,MPV II LW,626 V GF,626 V Station Wagon GW,323 P V BA,626 IV Hatchback GE,MX-3 EC,FAMILIA VI BJ,B-SERIE UN,XEDOS 6 CA,323 C IV BG,FAMILIA IV BF,626 IV GE,FAMILIA V BA,FAMILIA V BG8,323 III Hatchback BF,MX-6 GE,626 III GD,FAMILIA IV BG,626 III Hatchback GD,626 III Coupe GD,E-SERIE Kasten SR2,626 III Station Wagon GV,626 II GC,626 II Hatchback GC,929 III HC,323 III BF,B-SERIE UF,929 II Coupe HB,323 III Station Wagon BW,929 II HB,626 II Coupe GC,MX-6 GD,B-SERIE Pritsche\/Fahrgestell UF,B-SERIE UD; NISSAN: VANETTE Bus S20; KIA: SPORTAGE JE_, KM_,CARENS II FJ,SPORTAGE K00,SHUMA II FB,CARENS I FC,RETONA CE,SHUMA FB,CLARUS K9A,CLARUS Kombi GC,SEPHIA Stufenheck FA,SEPHIA FA,SEPHIA FB,CERATO Stufenheck,BESTA Bus; FORD USA: PROBE II ECP,PROBE I; DAIHATSU: TERIOS J1,HIJET Kasten S85,FEROZA Soft Top F300,SPORTRAK F300,GRAN MOVE G3,FOURTRAK F7, F8,CHARADE IV G200, G202,CHARADE III G100, G101, G102,APPLAUSE II A101,APPLAUSE I A101, A111,CHARADE II G11, G30,HIJET Bus S85,CHARADE IV Stufenheck G203,HIJET Pick-up,HIJET Pick-up _U20,HIJET Pick-up _U60,HIJET Bus,HIJET Kasten,CHARADE III Stufenheck G102,SPARCAR Bus S7_,SPARCAR Kasten S7_; SUZUKI: GRAND VITARA I FT,VITARA ET, TA; FORD: RANGER ES, ET; ASIA MOTORS: ROCSTA; PIAGGIO: PORTER Pritsche\/Fahrgestell,PORTER Kasten,PORTER Bus; BEDFORD: RASCAL Kasten; 0K01310602, F28510602, F80110602, FE0110602, FS0510602A, 9004311231; Akselitiiviste, Kampiakseli<\/p>\n","protected":false},"excerpt":{"rendered":"<p>ELRING Kampiakselin Tiiviste 022.170 Akselitiiviste, Kampiakseli MAZDA,NISSAN,KIA,MX-5 II NB,323 F VI BJ,PREMACY CP,MX-5 I NA,626 V Hatchback GF<\/p>\n","protected":false},"featured_media":0,"template":"","meta":{"site-sidebar-layout":"default","site-content-layout":"default","ast-global-header-display":"","ast-main-header-display":"","ast-hfb-above-header-display":"","ast-hfb-below-header-display":"","ast-hfb-mobile-header-display":"","site-post-title":"","ast-breadcrumbs-content":"","ast-featured-img":"","footer-sml-layout":"","theme-transparent-header-meta":"","adv-header-id-meta":"","stick-header-meta":"","header-above-stick-meta":"","header-main-stick-meta":"","header-below-stick-meta":""},"pwb-brand":[26],"product_cat":[88],"product_tag":[],"class_list":{"0":"post-43082","1":"product","2":"type-product","3":"status-publish","5":"pwb-brand-elring","6":"product_cat-kampiakselin-tiiviste","7":"desktop-align-left","8":"tablet-align-left","9":"mobile-align-left","11":"first","12":"instock","13":"product-type-external"},"brands":[{"id":26,"name":"ELRING","slug":"elring"}],"_links":{"self":[{"href":"https:\/\/www.autonvaraosahaku.fi\/index.php?rest_route=\/wp\/v2\/product\/43082","targetHints":{"allow":["GET"]}}],"collection":[{"href":"https:\/\/www.autonvaraosahaku.fi\/index.php?rest_route=\/wp\/v2\/product"}],"about":[{"href":"https:\/\/www.autonvaraosahaku.fi\/index.php?rest_route=\/wp\/v2\/types\/product"}],"wp:attachment":[{"href":"https:\/\/www.autonvaraosahaku.fi\/index.php?rest_route=%2Fwp%2Fv2%2Fmedia&parent=43082"}],"wp:term":[{"taxonomy":"pwb-brand","embeddable":true,"href":"https:\/\/www.autonvaraosahaku.fi\/index.php?rest_route=%2Fwp%2Fv2%2Fpwb-brand&post=43082"},{"taxonomy":"product_cat","embeddable":true,"href":"https:\/\/www.autonvaraosahaku.fi\/index.php?rest_route=%2Fwp%2Fv2%2Fproduct_cat&post=43082"},{"taxonomy":"product_tag","embeddable":true,"href":"https:\/\/www.autonvaraosahaku.fi\/index.php?rest_route=%2Fwp%2Fv2%2Fproduct_tag&post=43082"}],"curies":[{"name":"wp","href":"https:\/\/api.w.org\/{rel}","templated":true}]}}