{"id":43092,"date":"2021-02-21T16:57:13","date_gmt":"2021-02-21T16:57:13","guid":{"rendered":"https:\/\/www.autonvaraosahaku.fi\/?product=beru-z57-sytytystulpat"},"modified":"2021-02-21T16:57:15","modified_gmt":"2021-02-21T16:57:15","slug":"beru-z57-sytytystulpat","status":"publish","type":"product","link":"https:\/\/www.autonvaraosahaku.fi\/?product=beru-z57-sytytystulpat","title":{"rendered":"BERU Z57 Sytytystulpat"},"content":{"rendered":"<p>K\u00e4rkiv\u00e4li (mm): 0,6; Liittimet: SAE\/M4; Kierremitta: M14x1,25; Avainv\u00e4li: 21 mm; Sytytystulppa: 1-maaelektroodi, suoralla istukalla; Kierteen pituus (mm): 12,7; Teknisten tietojen numero: 14-7 AU; Kiristysmomentti > [Nm]: 20; Kiristysmomentti enint\u00e4\u00e4n [Nm]: 30; Tuotelinja: ULTRA; Tarvittava kappalem\u00e4\u00e4r\u00e4: 4; VW: TRANSPORTER III Bus,KAEFER,KAEFER Cabriolet 15,TRANSPORTER III Kasten,TRANSPORTER II Bus,1500,1600 Variant 36,1500,1600 31,TRANSPORTER I Bus 22, 24, 25, 28,KARMANN GHIA Coupe 14, 34,TRANSPORTER II Kasten,KARMANN GHIA Cabriolet 14, 34,TRANSPORTER I Pritsche\/Fahrgestell 26,TRANSPORTER II Pritsche\/Fahrgestell,TRANSPORTER I Kasten 21, 23; MERCEDES-BENZ: 170 W170; OPEL: OLYMPIA REKORD,REKORD P2,REKORD P1,KAPIT\u00c4N,REKORD A,KADETT A,KADETT A Coupe,REKORD A Coupe,REKORD P1 Caravan,OLYMPIA REKORD Caravan,KADETT A Caravan; FORD: TAUNUS 17M Turnier P3,TAUNUS 12M P4,TAUNUS 12M,TAUNUS 17M Turnier 21,TAUNUS 17M Turnier,TAUNUS 15M,TAUNUS 12M Coupe P4,TAUNUS 12M Turnier P4,TAUNUS 12M Turnier; RENAULT: 4 112_,4 Kasten R21_, R23_,8 113_,10 119_; FIAT: 500,600,500 Kombi; SKODA: 100,110,110 Coupe; SEAT: 600 D; CITRO\u00cbN: 2 CV,DS,MEHARI,DS Break,DS Cabriolet; VOLVO: P 544,P 121,140 142, 144,P 122 S AMAZON,140 Kombi 145,DUETT; 0111800068000, 5416222D, 95605398, AM212207A, DX2127B, 225190, 1S3, 4113022, 4401586, 414, 415, 416, 0001591203, 0001597903, 0011592903, 0011596003, 0031596203, 111700068, 1214020, 1214046, 1105693600, 596108, 596109, 596258, 596267, Super147, 99902080210, 99917002390, 0851798700, 0854407100, 0854864700, 7700619329, 7700647269, 7700647275, 7700647280, 7700647284, 7700659262, 7701392263, 7701414037, 23412600, 9020724, 9020726, 000057015, 239446, 3104124, 570306, 7072153, 72153, 24707106, 25007604, 26507101; Tulpat,Sytytystulppa<\/p>\n","protected":false},"excerpt":{"rendered":"<p>BERU Sytytystulpat Z57 Tulpat,Sytytystulppa VW,MERCEDES-BENZ,OPEL,TRANSPORTER III Bus,KAEFER,KAEFER Cabriolet 15,TRANSPORTER III Kasten<\/p>\n","protected":false},"featured_media":0,"template":"","meta":{"site-sidebar-layout":"default","site-content-layout":"default","ast-global-header-display":"","ast-main-header-display":"","ast-hfb-above-header-display":"","ast-hfb-below-header-display":"","ast-hfb-mobile-header-display":"","site-post-title":"","ast-breadcrumbs-content":"","ast-featured-img":"","footer-sml-layout":"","theme-transparent-header-meta":"","adv-header-id-meta":"","stick-header-meta":"","header-above-stick-meta":"","header-main-stick-meta":"","header-below-stick-meta":""},"pwb-brand":[327],"product_cat":[165],"product_tag":[],"class_list":{"0":"post-43092","1":"product","2":"type-product","3":"status-publish","5":"pwb-brand-beru","6":"product_cat-sytytystulpat","7":"desktop-align-left","8":"tablet-align-left","9":"mobile-align-left","11":"first","12":"instock","13":"product-type-external"},"brands":[{"id":327,"name":"BERU","slug":"beru"}],"_links":{"self":[{"href":"https:\/\/www.autonvaraosahaku.fi\/index.php?rest_route=\/wp\/v2\/product\/43092","targetHints":{"allow":["GET"]}}],"collection":[{"href":"https:\/\/www.autonvaraosahaku.fi\/index.php?rest_route=\/wp\/v2\/product"}],"about":[{"href":"https:\/\/www.autonvaraosahaku.fi\/index.php?rest_route=\/wp\/v2\/types\/product"}],"wp:attachment":[{"href":"https:\/\/www.autonvaraosahaku.fi\/index.php?rest_route=%2Fwp%2Fv2%2Fmedia&parent=43092"}],"wp:term":[{"taxonomy":"pwb-brand","embeddable":true,"href":"https:\/\/www.autonvaraosahaku.fi\/index.php?rest_route=%2Fwp%2Fv2%2Fpwb-brand&post=43092"},{"taxonomy":"product_cat","embeddable":true,"href":"https:\/\/www.autonvaraosahaku.fi\/index.php?rest_route=%2Fwp%2Fv2%2Fproduct_cat&post=43092"},{"taxonomy":"product_tag","embeddable":true,"href":"https:\/\/www.autonvaraosahaku.fi\/index.php?rest_route=%2Fwp%2Fv2%2Fproduct_tag&post=43092"}],"curies":[{"name":"wp","href":"https:\/\/api.w.org\/{rel}","templated":true}]}}