{"id":43094,"date":"2021-02-21T16:57:13","date_gmt":"2021-02-21T16:57:13","guid":{"rendered":"https:\/\/www.autonvaraosahaku.fi\/?product=elring-325-449-venttiilikopan-tiiviste"},"modified":"2021-02-21T16:57:16","modified_gmt":"2021-02-21T16:57:16","slug":"elring-325-449-venttiilikopan-tiiviste","status":"publish","type":"product","link":"https:\/\/www.autonvaraosahaku.fi\/?product=elring-325-449-venttiilikopan-tiiviste","title":{"rendered":"ELRING 325.449 Venttiilikopan tiiviste"},"content":{"rendered":"<p>Tarvittava kappalem\u00e4\u00e4r\u00e4: 2; FORD: CAPRI III GECP,SIERRA Schr\u00e4gheck GBC,GRANADA GU,CAPRI II GECP,SIERRA Kombi BNC,GRANADA Kombi GNU,GRANADA GGTL, GGFL,GRANADA Coupe GGCL,TAUNUS 20M XL 52F,GRANADA Kombi GGNL,TAUNUS 20M 41F,TAUNUS 20M XL 51F,TAUNUS 20M XL Coupe 53F,TAUNUS 20M 42F,TAUNUS 17M Turnier 36F,TAUNUS 20M Coupe 43F,TAUNUS 20M Turnier,TAUNUS 20M Turnier 46F,TAUNUS GBFK; 6104534, 80TM6584AA; Tiiviste, Venttiilikoppa<\/p>\n","protected":false},"excerpt":{"rendered":"<p>ELRING Venttiilikopan Tiiviste 325.449 Tiiviste, Venttiilikoppa FORD,CAPRI III GECP,SIERRA Schr\u00e4gheck GBC,GRANADA GU,CAPRI II GECP,SIERRA Kombi BNC<\/p>\n","protected":false},"featured_media":0,"template":"","meta":{"site-sidebar-layout":"default","site-content-layout":"default","ast-global-header-display":"","ast-main-header-display":"","ast-hfb-above-header-display":"","ast-hfb-below-header-display":"","ast-hfb-mobile-header-display":"","site-post-title":"","ast-breadcrumbs-content":"","ast-featured-img":"","footer-sml-layout":"","theme-transparent-header-meta":"","adv-header-id-meta":"","stick-header-meta":"","header-above-stick-meta":"","header-main-stick-meta":"","header-below-stick-meta":""},"pwb-brand":[26],"product_cat":[44],"product_tag":[],"class_list":{"0":"post-43094","1":"product","2":"type-product","3":"status-publish","5":"pwb-brand-elring","6":"product_cat-venttiilikopan-tiiviste","7":"desktop-align-left","8":"tablet-align-left","9":"mobile-align-left","11":"first","12":"instock","13":"product-type-external"},"brands":[{"id":26,"name":"ELRING","slug":"elring"}],"_links":{"self":[{"href":"https:\/\/www.autonvaraosahaku.fi\/index.php?rest_route=\/wp\/v2\/product\/43094","targetHints":{"allow":["GET"]}}],"collection":[{"href":"https:\/\/www.autonvaraosahaku.fi\/index.php?rest_route=\/wp\/v2\/product"}],"about":[{"href":"https:\/\/www.autonvaraosahaku.fi\/index.php?rest_route=\/wp\/v2\/types\/product"}],"wp:attachment":[{"href":"https:\/\/www.autonvaraosahaku.fi\/index.php?rest_route=%2Fwp%2Fv2%2Fmedia&parent=43094"}],"wp:term":[{"taxonomy":"pwb-brand","embeddable":true,"href":"https:\/\/www.autonvaraosahaku.fi\/index.php?rest_route=%2Fwp%2Fv2%2Fpwb-brand&post=43094"},{"taxonomy":"product_cat","embeddable":true,"href":"https:\/\/www.autonvaraosahaku.fi\/index.php?rest_route=%2Fwp%2Fv2%2Fproduct_cat&post=43094"},{"taxonomy":"product_tag","embeddable":true,"href":"https:\/\/www.autonvaraosahaku.fi\/index.php?rest_route=%2Fwp%2Fv2%2Fproduct_tag&post=43094"}],"curies":[{"name":"wp","href":"https:\/\/api.w.org\/{rel}","templated":true}]}}