{"id":43109,"date":"2021-02-21T16:57:18","date_gmt":"2021-02-21T16:57:18","guid":{"rendered":"https:\/\/www.autonvaraosahaku.fi\/?product=trw-gdb1314-jarrupalat"},"modified":"2021-02-21T16:57:20","modified_gmt":"2021-02-21T16:57:20","slug":"trw-gdb1314-jarrupalat","status":"publish","type":"product","link":"https:\/\/www.autonvaraosahaku.fi\/?product=trw-gdb1314-jarrupalat","title":{"rendered":"TRW GDB1314 Jarrupalat"},"content":{"rendered":"<p>Valmistaja rajaus: TRW; Pituus (mm): 87,2; Korkeus (mm): 47,1; Paksuus [mm]: 16,7; Kulumisenilmaisimen liitos: akustisella kulumavaroittimella; Korvaava tuote\/korvaava tiedote 2: Jarrusatulan ruuveilla; Lis\u00e4tarvike\/lis\u00e4tieto: Tarvikkeilla; Tarkistuskilpi: E9 90R-01708\/009; M\u00e4\u00e4r\u00e4yksikk\u00f6: Akselisarja; Tuotelinja: COTEC; Asennuspuoli: Hinterachse; VOLVO: V40 Kombi VW,S40 I VS; SMART: FORFOUR 454; MITSUBISHI: COLT VI Z3_A, Z2_A,SPACE STAR DG_A,CARISMA DA_,COLT CZC Cabriolet RG,CARISMA Stufenheck DA_; M620770, M850978, MN125772, MZ690345, X3516005, 3345678, 33456781, PW890084, 4544201020, A4544201020, 30620770, 306207700, 306207705, 30623264, 306232646, 30630556, 30630613, 30638455, 307691860, 30799186, 30850978, 308509785, 31262468, 312624680, 3345678, 33456781; Jarrupalasarja,Jarrupala, Levyjarru<\/p>\n","protected":false},"excerpt":{"rendered":"<p>TRW Jarrupalat GDB1314 Jarrupalasarja,Jarrupala, Levyjarru VOLVO,SMART,MITSUBISHI,V40 Kombi VW,S40 I VS,FORFOUR 454,COLT VI Z3_A, Z2_A,SPACE STAR DG_A<\/p>\n","protected":false},"featured_media":0,"template":"","meta":{"site-sidebar-layout":"default","site-content-layout":"default","ast-global-header-display":"","ast-main-header-display":"","ast-hfb-above-header-display":"","ast-hfb-below-header-display":"","ast-hfb-mobile-header-display":"","site-post-title":"","ast-breadcrumbs-content":"","ast-featured-img":"","footer-sml-layout":"","theme-transparent-header-meta":"","adv-header-id-meta":"","stick-header-meta":"","header-above-stick-meta":"","header-main-stick-meta":"","header-below-stick-meta":""},"pwb-brand":[332],"product_cat":[100],"product_tag":[],"class_list":{"0":"post-43109","1":"product","2":"type-product","3":"status-publish","5":"pwb-brand-trw","6":"product_cat-jarrupalat","7":"desktop-align-left","8":"tablet-align-left","9":"mobile-align-left","11":"first","12":"instock","13":"product-type-external"},"brands":[{"id":332,"name":"TRW","slug":"trw"}],"_links":{"self":[{"href":"https:\/\/www.autonvaraosahaku.fi\/index.php?rest_route=\/wp\/v2\/product\/43109","targetHints":{"allow":["GET"]}}],"collection":[{"href":"https:\/\/www.autonvaraosahaku.fi\/index.php?rest_route=\/wp\/v2\/product"}],"about":[{"href":"https:\/\/www.autonvaraosahaku.fi\/index.php?rest_route=\/wp\/v2\/types\/product"}],"wp:attachment":[{"href":"https:\/\/www.autonvaraosahaku.fi\/index.php?rest_route=%2Fwp%2Fv2%2Fmedia&parent=43109"}],"wp:term":[{"taxonomy":"pwb-brand","embeddable":true,"href":"https:\/\/www.autonvaraosahaku.fi\/index.php?rest_route=%2Fwp%2Fv2%2Fpwb-brand&post=43109"},{"taxonomy":"product_cat","embeddable":true,"href":"https:\/\/www.autonvaraosahaku.fi\/index.php?rest_route=%2Fwp%2Fv2%2Fproduct_cat&post=43109"},{"taxonomy":"product_tag","embeddable":true,"href":"https:\/\/www.autonvaraosahaku.fi\/index.php?rest_route=%2Fwp%2Fv2%2Fproduct_tag&post=43109"}],"curies":[{"name":"wp","href":"https:\/\/api.w.org\/{rel}","templated":true}]}}