{"id":43112,"date":"2021-02-21T16:57:18","date_gmt":"2021-02-21T16:57:18","guid":{"rendered":"https:\/\/www.autonvaraosahaku.fi\/?product=vaico-v10-40054-jarrulevyt"},"modified":"2021-02-21T16:57:21","modified_gmt":"2021-02-21T16:57:21","slug":"vaico-v10-40054-jarrulevyt","status":"publish","type":"product","link":"https:\/\/www.autonvaraosahaku.fi\/?product=vaico-v10-40054-jarrulevyt","title":{"rendered":"VAICO V10-40054 Jarrulevyt"},"content":{"rendered":"<p>Asennuspuoli: Taka-akseli, Taka-akseli; Vanne, aukkoja: 5; Korkeus (mm): 40,4; Jarrulevytyyppi: Vakiomalli; Jarrulevyn paksuus (mm): 12; V\u00e4himm\u00e4ispaksuus (mm): 10, 10; Ulkol\u00e4pimitta [mm]: 280; keskitt\u00e4misl\u00e4pimitta [mm]: 68,2; Reik\u00e4ympyr\u00e4-\u00d8 [mm]: 112; Jarrulevyn navan korkeus [mm]: 29; Pakkausleveys [cm]: 30, 30; Pakkauskorkeus [mm]: 8, 8; Pakkaussyvyys [cm]: 30, 30; Paino [kg]: 5,769; lis\u00e4tieto: CST99; Valmistusvuosi alkaen: 05\/1996; VW: TRANSPORTER IV Bus 70XB, 70XC, 7DB, 7DW,TRANSPORTER IV Kasten 70XA,TRANSPORTER IV Pritsche\/Fahrgestell 70XD; 701615601, 701615601A, 7D0615601, 701615601, 701615601A, 7D0615601, 701615601, 701615601A, 7D0615601, 701615601, 701615601A, 7D0615601; Jarrulevy<\/p>\n","protected":false},"excerpt":{"rendered":"<p>VAICO Jarrulevyt V10-40054 Jarrulevy VW,TRANSPORTER IV Bus 70XB, 70XC, 7DB, 7DW,TRANSPORTER IV Kasten 70XA,TRANSPORTER IV Pritsche\/Fahrgestell 70XD<\/p>\n","protected":false},"featured_media":0,"template":"","meta":{"site-sidebar-layout":"default","site-content-layout":"default","ast-global-header-display":"","ast-main-header-display":"","ast-hfb-above-header-display":"","ast-hfb-below-header-display":"","ast-hfb-mobile-header-display":"","site-post-title":"","ast-breadcrumbs-content":"","ast-featured-img":"","footer-sml-layout":"","theme-transparent-header-meta":"","adv-header-id-meta":"","stick-header-meta":"","header-above-stick-meta":"","header-main-stick-meta":"","header-below-stick-meta":""},"pwb-brand":[330],"product_cat":[66],"product_tag":[],"class_list":{"0":"post-43112","1":"product","2":"type-product","3":"status-publish","5":"pwb-brand-vaico","6":"product_cat-jarrulevyt","7":"desktop-align-left","8":"tablet-align-left","9":"mobile-align-left","11":"first","12":"instock","13":"product-type-external"},"brands":[{"id":330,"name":"VAICO","slug":"vaico"}],"_links":{"self":[{"href":"https:\/\/www.autonvaraosahaku.fi\/index.php?rest_route=\/wp\/v2\/product\/43112","targetHints":{"allow":["GET"]}}],"collection":[{"href":"https:\/\/www.autonvaraosahaku.fi\/index.php?rest_route=\/wp\/v2\/product"}],"about":[{"href":"https:\/\/www.autonvaraosahaku.fi\/index.php?rest_route=\/wp\/v2\/types\/product"}],"wp:attachment":[{"href":"https:\/\/www.autonvaraosahaku.fi\/index.php?rest_route=%2Fwp%2Fv2%2Fmedia&parent=43112"}],"wp:term":[{"taxonomy":"pwb-brand","embeddable":true,"href":"https:\/\/www.autonvaraosahaku.fi\/index.php?rest_route=%2Fwp%2Fv2%2Fpwb-brand&post=43112"},{"taxonomy":"product_cat","embeddable":true,"href":"https:\/\/www.autonvaraosahaku.fi\/index.php?rest_route=%2Fwp%2Fv2%2Fproduct_cat&post=43112"},{"taxonomy":"product_tag","embeddable":true,"href":"https:\/\/www.autonvaraosahaku.fi\/index.php?rest_route=%2Fwp%2Fv2%2Fproduct_tag&post=43112"}],"curies":[{"name":"wp","href":"https:\/\/api.w.org\/{rel}","templated":true}]}}